{"id":9301,"date":"2023-08-10T10:58:15","date_gmt":"2023-08-10T10:58:15","guid":{"rendered":"https:\/\/jossois.com\/interventionsschirme-unilever\/"},"modified":"2023-10-13T09:48:57","modified_gmt":"2023-10-13T09:48:57","slug":"interventionsschirme-unilever","status":"publish","type":"page","link":"https:\/\/www.jossois.com\/de\/interventionsschirme-unilever\/","title":{"rendered":"Interventionsschirme UNILEVER"},"content":{"rendered":"\n<h2 class=\"wp-block-heading\">Interventionsschirme UNILEVER<\/h2>\n\n<p>Unilever FIMA ist sich der Bedeutung des Schutzes der nat\u00fcrlichen Ressourcen und der Umwelt bewusst und hat sich verpflichtet, die Auswirkungen auf die Umwelt zu reduzieren.<\/p>\n\n<p>Eine der in diesem Zusammenhang durchgef\u00fchrten Ma\u00dfnahmen ist die R\u00fcckgewinnung von Sonnenschirmen, um deren Nutzungsdauer zu verl\u00e4ngern. Dieser Sonnenschirm, der besch\u00e4digt war, wurde von Jossois repariert<\/p>\n\n<p><\/p>\n\n<p><\/p>\n\n<p><\/p>\n","protected":false},"excerpt":{"rendered":"<p>Interventionsschirme UNILEVER Unilever FIMA ist sich der Bedeutung des Schutzes der nat\u00fcrlichen Ressourcen und der Umwelt bewusst und hat sich verpflichtet, die Auswirkungen auf die Umwelt zu reduzieren. Eine der in diesem Zusammenhang durchgef\u00fchrten Ma\u00dfnahmen ist die R\u00fcckgewinnung von Sonnenschirmen, um deren Nutzungsdauer zu verl\u00e4ngern. Dieser Sonnenschirm, der besch\u00e4digt war, wurde von Jossois repariert<\/p>\n","protected":false},"author":2,"featured_media":0,"parent":0,"menu_order":0,"comment_status":"closed","ping_status":"closed","template":"","meta":{"footnotes":""},"class_list":["post-9301","page","type-page","status-publish","hentry"],"acf":[],"yoast_head":"<!-- This site is optimized with the Yoast SEO plugin v23.0 - https:\/\/yoast.com\/wordpress\/plugins\/seo\/ -->\n<title>Interventionsschirme UNILEVER - Jossois<\/title>\n<meta name=\"robots\" content=\"index, follow, max-snippet:-1, max-image-preview:large, max-video-preview:-1\" \/>\n<link rel=\"canonical\" href=\"https:\/\/www.jossois.com\/de\/interventionsschirme-unilever\/\" \/>\n<meta property=\"og:locale\" content=\"de_DE\" \/>\n<meta property=\"og:type\" content=\"article\" \/>\n<meta property=\"og:title\" content=\"Interventionsschirme UNILEVER - Jossois\" \/>\n<meta property=\"og:description\" content=\"Interventionsschirme UNILEVER Unilever FIMA ist sich der Bedeutung des Schutzes der nat\u00fcrlichen Ressourcen und der Umwelt bewusst und hat sich verpflichtet, die Auswirkungen auf die Umwelt zu reduzieren. Eine der in diesem Zusammenhang durchgef\u00fchrten Ma\u00dfnahmen ist die R\u00fcckgewinnung von Sonnenschirmen, um deren Nutzungsdauer zu verl\u00e4ngern. Dieser Sonnenschirm, der besch\u00e4digt war, wurde von Jossois repariert\" \/>\n<meta property=\"og:url\" content=\"https:\/\/www.jossois.com\/de\/interventionsschirme-unilever\/\" \/>\n<meta property=\"og:site_name\" content=\"Jossois\" \/>\n<meta property=\"article:modified_time\" content=\"2023-10-13T09:48:57+00:00\" \/>\n<meta name=\"twitter:card\" content=\"summary_large_image\" \/>\n<script type=\"application\/ld+json\" class=\"yoast-schema-graph\">{\"@context\":\"https:\/\/schema.org\",\"@graph\":[{\"@type\":\"WebPage\",\"@id\":\"https:\/\/www.jossois.com\/de\/interventionsschirme-unilever\/\",\"url\":\"https:\/\/www.jossois.com\/de\/interventionsschirme-unilever\/\",\"name\":\"Interventionsschirme UNILEVER - Jossois\",\"isPartOf\":{\"@id\":\"https:\/\/www.jossois.com\/#website\"},\"datePublished\":\"2023-08-10T10:58:15+00:00\",\"dateModified\":\"2023-10-13T09:48:57+00:00\",\"breadcrumb\":{\"@id\":\"https:\/\/www.jossois.com\/de\/interventionsschirme-unilever\/#breadcrumb\"},\"inLanguage\":\"de\",\"potentialAction\":[{\"@type\":\"ReadAction\",\"target\":[\"https:\/\/www.jossois.com\/de\/interventionsschirme-unilever\/\"]}]},{\"@type\":\"BreadcrumbList\",\"@id\":\"https:\/\/www.jossois.com\/de\/interventionsschirme-unilever\/#breadcrumb\",\"itemListElement\":[{\"@type\":\"ListItem\",\"position\":1,\"name\":\"In\u00edcio\",\"item\":\"https:\/\/www.jossois.com\/de\/\"},{\"@type\":\"ListItem\",\"position\":2,\"name\":\"Interventionsschirme UNILEVER\"}]},{\"@type\":\"WebSite\",\"@id\":\"https:\/\/www.jossois.com\/#website\",\"url\":\"https:\/\/www.jossois.com\/\",\"name\":\"Jossois\",\"description\":\"Fabricante de Guarda-S\u00f3is e Guarda-Chuvas\",\"potentialAction\":[{\"@type\":\"SearchAction\",\"target\":{\"@type\":\"EntryPoint\",\"urlTemplate\":\"https:\/\/www.jossois.com\/?s={search_term_string}\"},\"query-input\":\"required name=search_term_string\"}],\"inLanguage\":\"de\"}]}<\/script>\n<!-- \/ Yoast SEO plugin. -->","yoast_head_json":{"title":"Interventionsschirme UNILEVER - Jossois","robots":{"index":"index","follow":"follow","max-snippet":"max-snippet:-1","max-image-preview":"max-image-preview:large","max-video-preview":"max-video-preview:-1"},"canonical":"https:\/\/www.jossois.com\/de\/interventionsschirme-unilever\/","og_locale":"de_DE","og_type":"article","og_title":"Interventionsschirme UNILEVER - Jossois","og_description":"Interventionsschirme UNILEVER Unilever FIMA ist sich der Bedeutung des Schutzes der nat\u00fcrlichen Ressourcen und der Umwelt bewusst und hat sich verpflichtet, die Auswirkungen auf die Umwelt zu reduzieren. Eine der in diesem Zusammenhang durchgef\u00fchrten Ma\u00dfnahmen ist die R\u00fcckgewinnung von Sonnenschirmen, um deren Nutzungsdauer zu verl\u00e4ngern. Dieser Sonnenschirm, der besch\u00e4digt war, wurde von Jossois repariert","og_url":"https:\/\/www.jossois.com\/de\/interventionsschirme-unilever\/","og_site_name":"Jossois","article_modified_time":"2023-10-13T09:48:57+00:00","twitter_card":"summary_large_image","schema":{"@context":"https:\/\/schema.org","@graph":[{"@type":"WebPage","@id":"https:\/\/www.jossois.com\/de\/interventionsschirme-unilever\/","url":"https:\/\/www.jossois.com\/de\/interventionsschirme-unilever\/","name":"Interventionsschirme UNILEVER - Jossois","isPartOf":{"@id":"https:\/\/www.jossois.com\/#website"},"datePublished":"2023-08-10T10:58:15+00:00","dateModified":"2023-10-13T09:48:57+00:00","breadcrumb":{"@id":"https:\/\/www.jossois.com\/de\/interventionsschirme-unilever\/#breadcrumb"},"inLanguage":"de","potentialAction":[{"@type":"ReadAction","target":["https:\/\/www.jossois.com\/de\/interventionsschirme-unilever\/"]}]},{"@type":"BreadcrumbList","@id":"https:\/\/www.jossois.com\/de\/interventionsschirme-unilever\/#breadcrumb","itemListElement":[{"@type":"ListItem","position":1,"name":"In\u00edcio","item":"https:\/\/www.jossois.com\/de\/"},{"@type":"ListItem","position":2,"name":"Interventionsschirme UNILEVER"}]},{"@type":"WebSite","@id":"https:\/\/www.jossois.com\/#website","url":"https:\/\/www.jossois.com\/","name":"Jossois","description":"Fabricante de Guarda-S\u00f3is e Guarda-Chuvas","potentialAction":[{"@type":"SearchAction","target":{"@type":"EntryPoint","urlTemplate":"https:\/\/www.jossois.com\/?s={search_term_string}"},"query-input":"required name=search_term_string"}],"inLanguage":"de"}]}},"_links":{"self":[{"href":"https:\/\/www.jossois.com\/de\/wp-json\/wp\/v2\/pages\/9301","targetHints":{"allow":["GET"]}}],"collection":[{"href":"https:\/\/www.jossois.com\/de\/wp-json\/wp\/v2\/pages"}],"about":[{"href":"https:\/\/www.jossois.com\/de\/wp-json\/wp\/v2\/types\/page"}],"author":[{"embeddable":true,"href":"https:\/\/www.jossois.com\/de\/wp-json\/wp\/v2\/users\/2"}],"replies":[{"embeddable":true,"href":"https:\/\/www.jossois.com\/de\/wp-json\/wp\/v2\/comments?post=9301"}],"version-history":[{"count":1,"href":"https:\/\/www.jossois.com\/de\/wp-json\/wp\/v2\/pages\/9301\/revisions"}],"predecessor-version":[{"id":9310,"href":"https:\/\/www.jossois.com\/de\/wp-json\/wp\/v2\/pages\/9301\/revisions\/9310"}],"wp:attachment":[{"href":"https:\/\/www.jossois.com\/de\/wp-json\/wp\/v2\/media?parent=9301"}],"curies":[{"name":"wp","href":"https:\/\/api.w.org\/{rel}","templated":true}]}}