{"id":9311,"date":"2023-01-12T11:23:40","date_gmt":"2023-01-12T11:23:40","guid":{"rendered":"https:\/\/jossois.com\/datenschutzbestimmungen\/"},"modified":"2023-10-13T09:48:57","modified_gmt":"2023-10-13T09:48:57","slug":"datenschutzbestimmungen","status":"publish","type":"page","link":"https:\/\/www.jossois.com\/de\/datenschutzbestimmungen\/","title":{"rendered":"Datenschutzbestimmungen"},"content":{"rendered":"\n<h2 class=\"wp-block-heading\">Datenschutzbestimmungen<\/h2>\n\n<p>Ihre Privatsph\u00e4re ist uns wichtig. Jossois respektiert Ihre Privatsph\u00e4re in Bezug auf alle Informationen, die wir \u00fcber unsere Website, <a href=\"http:\/\/www.jossois.com\/\">Jossois<\/a> und andere Websites, die wir besitzen und betreiben, von Ihnen sammeln.<\/p>\n\n<p>Wir fragen nur dann nach pers\u00f6nlichen Informationen, wenn wir sie wirklich ben\u00f6tigen, um Ihnen einen Service zu bieten. Wir tun dies mit fairen und legalen Mitteln, mit Ihrem Wissen und Ihrer Zustimmung. Wir informieren Sie auch dar\u00fcber, warum wir diese Daten sammeln und wie sie verwendet werden.<\/p>\n\n<p>Wir bewahren die gesammelten Informationen nur so lange auf, wie es f\u00fcr die Erbringung der angeforderten Dienstleistung erforderlich ist. Wenn wir Daten speichern, sch\u00fctzen wir sie mit wirtschaftlich vertretbaren Mitteln, um Verlust und Diebstahl sowie unbefugten Zugriff, Offenlegung, Kopieren, Verwendung oder \u00c4nderung zu verhindern.<\/p>\n\n<p>Wir geben keine pers\u00f6nlich identifizierbaren Informationen an die \u00d6ffentlichkeit oder an Dritte weiter, es sei denn, dies ist gesetzlich vorgeschrieben.<\/p>\n\n<p>Unsere Website kann Links zu externen Websites enthalten, die nicht von uns betrieben werden. Bitte beachten Sie, dass wir keine Kontrolle \u00fcber den Inhalt und die Praktiken dieser Websites haben und keine Verantwortung f\u00fcr deren <a href=\"https:\/\/politicaprivacidade.com\/\" target=\"_BLANK\" rel=\"noreferrer noopener\">Datenschutzpolitik<\/a> \u00fcbernehmen k\u00f6nnen.<\/p>\n\n<p>Es steht Ihnen frei, unsere Anfrage nach personenbezogenen Daten abzulehnen, da wir dann m\u00f6glicherweise nicht in der Lage sind, einige der von Ihnen gew\u00fcnschten Dienstleistungen zu erbringen.<\/p>\n\n<p>Mit der weiteren Nutzung unserer Website erkl\u00e4ren Sie sich mit unseren Praktiken zum Schutz der Privatsph\u00e4re und pers\u00f6nlicher Daten einverstanden. Wenn Sie Fragen dazu haben, wie wir mit Nutzerdaten und pers\u00f6nlichen Informationen umgehen, wenden Sie sich bitte an uns.<\/p>\n\n<h2 class=\"wp-block-heading\">Jossois Cookie-Richtlinie<\/h2>\n\n<h3 class=\"wp-block-heading\">Was sind Cookies?<\/h3>\n\n<p>Wie bei fast allen professionellen Websites \u00fcblich, verwendet auch diese Website Cookies, d. h. kleine Dateien, die auf Ihren Computer heruntergeladen werden, um Ihre Erfahrung zu verbessern. Auf dieser Seite wird beschrieben, welche Informationen sie sammeln, wie wir sie verwenden und warum wir diese Cookies manchmal speichern m\u00fcssen. Wir teilen Ihnen auch mit, wie Sie die Speicherung dieser Cookies verhindern k\u00f6nnen, was jedoch zu einer Beeintr\u00e4chtigung bestimmter Funktionen der Website f\u00fchren kann.<\/p>\n\n<h3 class=\"wp-block-heading\">Wie verwenden wir Cookies?<\/h3>\n\n<p>Wir verwenden Cookies aus verschiedenen Gr\u00fcnden, die im Folgenden erl\u00e4utert werden. Leider gibt es in den meisten F\u00e4llen keine dem Industriestandard entsprechenden Optionen zur Deaktivierung von Cookies, ohne dass die Funktionen und Merkmale, die sie dieser Website hinzuf\u00fcgen, vollst\u00e4ndig deaktiviert werden. Es wird empfohlen, alle Cookies zu l\u00f6schen, wenn Sie nicht sicher sind, ob Sie sie ben\u00f6tigen oder nicht, falls sie f\u00fcr die Bereitstellung eines von Ihnen genutzten Dienstes verwendet werden.<\/p>\n\n<h3 class=\"wp-block-heading\">Deaktivieren von Cookies<\/h3>\n\n<p>Sie k\u00f6nnen das Setzen von Cookies verhindern, indem Sie die Einstellungen Ihres Browsers anpassen (siehe dazu die Hilfe Ihres Browsers). Bitte beachten Sie, dass die Deaktivierung von Cookies die Funktionalit\u00e4t dieser und vieler anderer Websites, die Sie besuchen, beeintr\u00e4chtigen wird. Die Deaktivierung von Cookies hat in der Regel zur Folge, dass bestimmte Funktionen und Merkmale dieser Website deaktiviert werden. Wir empfehlen Ihnen daher, Cookies nicht zu deaktivieren.<\/p>\n\n<h3 class=\"wp-block-heading\">Von uns gesetzte Cookies<\/h3>\n\n<ul class=\"wp-block-list\">\n<li>Kontobezogene CookiesWenn Sie ein Konto bei uns anlegen, verwenden wir Cookies f\u00fcr die Verwaltung des Anmeldeprozesses und die allgemeine Verwaltung. Diese Cookies werden in der Regel gel\u00f6scht, wenn Sie sich abmelden, aber in einigen F\u00e4llen k\u00f6nnen sie auch danach noch vorhanden sein, um Ihre Website-Einstellungen zu speichern, wenn Sie die Website verlassen.<\/li>\n\n\n\n<li>Cookies im Zusammenhang mit der AnmeldungWir verwenden Cookies, wenn Sie angemeldet sind, damit wir uns an diese Aktion erinnern k\u00f6nnen. So m\u00fcssen Sie sich nicht jedes Mal anmelden, wenn Sie eine neue Seite besuchen. Diese Cookies werden normalerweise entfernt oder gel\u00f6scht, wenn Sie sich abmelden, um sicherzustellen, dass Sie nur auf eingeschr\u00e4nkte Funktionen und Bereiche zugreifen k\u00f6nnen, wenn Sie sich einloggen.<\/li>\n\n\n\n<li>Cookies im Zusammenhang mit E-Mail-NewsletternDiese Website bietet einen Newsletter- oder E-Mail-Abonnementdienst an, und Cookies k\u00f6nnen verwendet werden, um sich daran zu erinnern, ob Sie bereits registriert sind und ob bestimmte Benachrichtigungen nur f\u00fcr angemeldete\/abgemeldete Benutzer angezeigt werden sollen.<\/li>\n\n\n\n<li>Cookies, die sich auf die Auftragsabwicklung beziehenDiese Website bietet E-Commerce- oder Zahlungsm\u00f6glichkeiten und einige Cookies sind unerl\u00e4sslich, um sicherzustellen, dass Ihre Bestellung zwischen den Seiten gespeichert wird, damit wir sie ordnungsgem\u00e4\u00df bearbeiten k\u00f6nnen.<\/li>\n\n\n\n<li>Cookies im Zusammenhang mit UmfragenWir bieten in regelm\u00e4\u00dfigen Abst\u00e4nden Umfragen und Frageb\u00f6gen an, um interessante Informationen und n\u00fctzliche Tools bereitzustellen oder um unsere Nutzer besser zu verstehen. Diese Umfragen k\u00f6nnen Cookies verwenden, um sich zu merken, wer bereits an einer Umfrage teilgenommen hat, oder um nach einem Seitenwechsel genaue Ergebnisse zu liefern.<\/li>\n\n\n\n<li>Cookies im Zusammenhang mit FormularenWenn Sie Daten \u00fcber ein Formular senden, wie z. B. auf Kontaktseiten oder Kommentarformularen, k\u00f6nnen Cookies gesetzt werden, um die Daten des Benutzers f\u00fcr zuk\u00fcnftige Korrespondenz zu speichern.<\/li>\n\n\n\n<li>Cookies f\u00fcr Website-EinstellungenUm Ihnen einen angenehmen Aufenthalt auf dieser Website zu erm\u00f6glichen, bieten wir Ihnen die M\u00f6glichkeit, Ihre Einstellungen f\u00fcr die Nutzung dieser Website festzulegen. Um sich Ihre Pr\u00e4ferenzen zu merken, m\u00fcssen wir Cookies setzen, damit diese Informationen abgerufen werden k\u00f6nnen, wenn Sie eine Seite aufrufen, die von Ihren Pr\u00e4ferenzen betroffen ist.<\/li>\n<\/ul>\n\n<h3 class=\"wp-block-heading\">Cookies von Dritten<\/h3>\n\n<p>In einigen besonderen F\u00e4llen verwenden wir auch Cookies, die von zuverl\u00e4ssigen Dritten bereitgestellt werden. Im folgenden Abschnitt wird erl\u00e4utert, welche Cookies von Dritten Sie auf dieser Website finden k\u00f6nnen.<\/p>\n\n<ul class=\"wp-block-list\">\n<li>Diese Website verwendet Google Analytics, eine der am weitesten verbreiteten und zuverl\u00e4ssigsten Analysel\u00f6sungen im Internet, um zu verstehen, wie Sie die Website nutzen und wie wir Ihre Erfahrung verbessern k\u00f6nnen. Diese Cookies k\u00f6nnen z. B. nachvollziehen, wie lange Sie sich auf der Website aufhalten und welche Seiten Sie besuchen, damit wir weiterhin attraktive Inhalte anbieten k\u00f6nnen.<\/li>\n<\/ul>\n\n<p>Weitere Informationen zu Google Analytics-Cookies finden Sie auf der offiziellen Google Analytics-Seite.<\/p>\n\n<ul class=\"wp-block-list\">\n<li>Analysen von Dritten werden verwendet, um die Nutzung dieser Website zu verfolgen und zu messen, damit wir weiterhin attraktive Inhalte produzieren k\u00f6nnen. Diese Cookies k\u00f6nnen z. B. die Zeit, die Sie auf der Website verbringen, oder die Seiten, die Sie besuchen, nachverfolgen, was uns hilft zu verstehen, wie wir die Website f\u00fcr Sie verbessern k\u00f6nnen.<\/li>\n\n\n\n<li>In regelm\u00e4\u00dfigen Abst\u00e4nden testen wir neue Funktionen und nehmen kleine \u00c4nderungen am Erscheinungsbild der Website vor. Wenn wir noch neue Funktionen testen, k\u00f6nnen diese Cookies verwendet werden, um sicherzustellen, dass Sie auf der Website ein einheitliches Erlebnis haben, w\u00e4hrend wir verstehen, welche Optimierungen unsere Nutzer am meisten sch\u00e4tzen.<\/li>\n\n\n\n<li>Da wir Produkte verkaufen, ist es f\u00fcr uns wichtig, die Statistiken dar\u00fcber zu verstehen, wie viele Besucher unserer Website tats\u00e4chlich kaufen, und das ist die Art von Daten, die diese Cookies verfolgen. Das ist wichtig f\u00fcr Sie, denn so k\u00f6nnen wir genaue Gesch\u00e4ftsprognosen erstellen, die es uns erm\u00f6glichen, unsere Werbekosten und Produkte zu analysieren, um den bestm\u00f6glichen Preis zu garantieren.<\/li>\n<\/ul>\n\n<h3 class=\"wp-block-heading\">Engagement der Nutzer<\/h3>\n\n<p>Der Nutzer verpflichtet sich, die von Jossois auf der Website angebotenen Inhalte und Informationen in angemessener Weise zu nutzen, und zwar beispielsweise, aber nicht ausschlie\u00dflich:<\/p>\n\n<ul class=\"wp-block-list\">\n<li>A) Sie d\u00fcrfen sich nicht an Aktivit\u00e4ten beteiligen, die illegal sind oder gegen Treu und Glauben oder die \u00f6ffentliche Ordnung versto\u00dfen;<\/li>\n\n\n\n<li>B) Verbreiten Sie keine Propaganda oder Inhalte rassistischer oder fremdenfeindlicher Art oder \u00fcber Kasinos, <a href=\"https:\/\/ondeapostar.pt\/\">Buchmacher<\/a> (z. B. <a href=\"https:\/\/ondeapostar.pt\/review\/betway\/\">Betway<\/a>), Gl\u00fccksspiele, jede Art von illegaler Pornografie oder solche, die Terrorismus oder Menschenrechte bef\u00fcrworten;<\/li>\n\n\n\n<li>C) keine Sch\u00e4den an den physischen (Hardware) und logischen (Software) Systemen von Jossois, seinen Lieferanten oder Dritten zu verursachen, keine Computerviren oder andere Hardware- oder Softwaresysteme einzuf\u00fchren oder zu verbreiten, die in der Lage sind, die vorgenannten Sch\u00e4den zu verursachen.<\/li>\n<\/ul>\n\n<h3 class=\"wp-block-heading\">Weitere Informationen<\/h3>\n\n<p>Wie bereits erw\u00e4hnt, ist es im Allgemeinen sicherer, die Cookies aktiviert zu lassen, wenn Sie mit einer der von Ihnen genutzten Funktionen auf unserer Website interagieren.<\/p>\n\n<p>Diese Politik ist ab <strong>Februar 2021<\/strong> g\u00fcltig.<\/p>\n","protected":false},"excerpt":{"rendered":"<p>Datenschutzbestimmungen Ihre Privatsph\u00e4re ist uns wichtig. Jossois respektiert Ihre Privatsph\u00e4re in Bezug auf alle Informationen, die wir \u00fcber unsere Website, Jossois und andere Websites, die wir besitzen und betreiben, von Ihnen sammeln. Wir fragen nur dann nach pers\u00f6nlichen Informationen, wenn wir sie wirklich ben\u00f6tigen, um Ihnen einen Service zu bieten. Wir tun dies mit fairen [&hellip;]<\/p>\n","protected":false},"author":1,"featured_media":0,"parent":0,"menu_order":0,"comment_status":"closed","ping_status":"closed","template":"","meta":{"footnotes":""},"class_list":["post-9311","page","type-page","status-publish","hentry"],"acf":[],"yoast_head":"<!-- This site is optimized with the Yoast SEO plugin v23.0 - https:\/\/yoast.com\/wordpress\/plugins\/seo\/ -->\n<title>Datenschutzbestimmungen - Jossois<\/title>\n<meta name=\"robots\" content=\"index, follow, max-snippet:-1, max-image-preview:large, max-video-preview:-1\" \/>\n<link rel=\"canonical\" href=\"https:\/\/www.jossois.com\/politica-de-privacidade\/\" \/>\n<meta property=\"og:locale\" content=\"de_DE\" \/>\n<meta property=\"og:type\" content=\"article\" \/>\n<meta property=\"og:title\" content=\"Datenschutzbestimmungen - Jossois\" \/>\n<meta property=\"og:description\" content=\"Datenschutzbestimmungen Ihre Privatsph\u00e4re ist uns wichtig. Jossois respektiert Ihre Privatsph\u00e4re in Bezug auf alle Informationen, die wir \u00fcber unsere Website, Jossois und andere Websites, die wir besitzen und betreiben, von Ihnen sammeln. Wir fragen nur dann nach pers\u00f6nlichen Informationen, wenn wir sie wirklich ben\u00f6tigen, um Ihnen einen Service zu bieten. Wir tun dies mit fairen [&hellip;]\" \/>\n<meta property=\"og:url\" content=\"https:\/\/www.jossois.com\/politica-de-privacidade\/\" \/>\n<meta property=\"og:site_name\" content=\"Jossois\" \/>\n<meta property=\"article:modified_time\" content=\"2023-10-13T09:48:57+00:00\" \/>\n<meta name=\"twitter:card\" content=\"summary_large_image\" \/>\n<meta name=\"twitter:label1\" content=\"Gesch\u00e4tzte Lesezeit\" \/>\n\t<meta name=\"twitter:data1\" content=\"7\u00a0Minuten\" \/>\n<script type=\"application\/ld+json\" class=\"yoast-schema-graph\">{\"@context\":\"https:\/\/schema.org\",\"@graph\":[{\"@type\":\"WebPage\",\"@id\":\"https:\/\/www.jossois.com\/politica-de-privacidade\/\",\"url\":\"https:\/\/www.jossois.com\/politica-de-privacidade\/\",\"name\":\"Datenschutzbestimmungen - Jossois\",\"isPartOf\":{\"@id\":\"https:\/\/www.jossois.com\/#website\"},\"datePublished\":\"2023-01-12T11:23:40+00:00\",\"dateModified\":\"2023-10-13T09:48:57+00:00\",\"breadcrumb\":{\"@id\":\"https:\/\/www.jossois.com\/politica-de-privacidade\/#breadcrumb\"},\"inLanguage\":\"de\",\"potentialAction\":[{\"@type\":\"ReadAction\",\"target\":[\"https:\/\/www.jossois.com\/politica-de-privacidade\/\"]}]},{\"@type\":\"BreadcrumbList\",\"@id\":\"https:\/\/www.jossois.com\/politica-de-privacidade\/#breadcrumb\",\"itemListElement\":[{\"@type\":\"ListItem\",\"position\":1,\"name\":\"In\u00edcio\",\"item\":\"https:\/\/www.jossois.com\/de\/\"},{\"@type\":\"ListItem\",\"position\":2,\"name\":\"Datenschutzbestimmungen\"}]},{\"@type\":\"WebSite\",\"@id\":\"https:\/\/www.jossois.com\/#website\",\"url\":\"https:\/\/www.jossois.com\/\",\"name\":\"Jossois\",\"description\":\"Fabricante de Guarda-S\u00f3is e Guarda-Chuvas\",\"potentialAction\":[{\"@type\":\"SearchAction\",\"target\":{\"@type\":\"EntryPoint\",\"urlTemplate\":\"https:\/\/www.jossois.com\/?s={search_term_string}\"},\"query-input\":\"required name=search_term_string\"}],\"inLanguage\":\"de\"}]}<\/script>\n<!-- \/ Yoast SEO plugin. -->","yoast_head_json":{"title":"Datenschutzbestimmungen - Jossois","robots":{"index":"index","follow":"follow","max-snippet":"max-snippet:-1","max-image-preview":"max-image-preview:large","max-video-preview":"max-video-preview:-1"},"canonical":"https:\/\/www.jossois.com\/politica-de-privacidade\/","og_locale":"de_DE","og_type":"article","og_title":"Datenschutzbestimmungen - Jossois","og_description":"Datenschutzbestimmungen Ihre Privatsph\u00e4re ist uns wichtig. Jossois respektiert Ihre Privatsph\u00e4re in Bezug auf alle Informationen, die wir \u00fcber unsere Website, Jossois und andere Websites, die wir besitzen und betreiben, von Ihnen sammeln. Wir fragen nur dann nach pers\u00f6nlichen Informationen, wenn wir sie wirklich ben\u00f6tigen, um Ihnen einen Service zu bieten. Wir tun dies mit fairen [&hellip;]","og_url":"https:\/\/www.jossois.com\/politica-de-privacidade\/","og_site_name":"Jossois","article_modified_time":"2023-10-13T09:48:57+00:00","twitter_card":"summary_large_image","twitter_misc":{"Gesch\u00e4tzte Lesezeit":"7\u00a0Minuten"},"schema":{"@context":"https:\/\/schema.org","@graph":[{"@type":"WebPage","@id":"https:\/\/www.jossois.com\/politica-de-privacidade\/","url":"https:\/\/www.jossois.com\/politica-de-privacidade\/","name":"Datenschutzbestimmungen - Jossois","isPartOf":{"@id":"https:\/\/www.jossois.com\/#website"},"datePublished":"2023-01-12T11:23:40+00:00","dateModified":"2023-10-13T09:48:57+00:00","breadcrumb":{"@id":"https:\/\/www.jossois.com\/politica-de-privacidade\/#breadcrumb"},"inLanguage":"de","potentialAction":[{"@type":"ReadAction","target":["https:\/\/www.jossois.com\/politica-de-privacidade\/"]}]},{"@type":"BreadcrumbList","@id":"https:\/\/www.jossois.com\/politica-de-privacidade\/#breadcrumb","itemListElement":[{"@type":"ListItem","position":1,"name":"In\u00edcio","item":"https:\/\/www.jossois.com\/de\/"},{"@type":"ListItem","position":2,"name":"Datenschutzbestimmungen"}]},{"@type":"WebSite","@id":"https:\/\/www.jossois.com\/#website","url":"https:\/\/www.jossois.com\/","name":"Jossois","description":"Fabricante de Guarda-S\u00f3is e Guarda-Chuvas","potentialAction":[{"@type":"SearchAction","target":{"@type":"EntryPoint","urlTemplate":"https:\/\/www.jossois.com\/?s={search_term_string}"},"query-input":"required name=search_term_string"}],"inLanguage":"de"}]}},"_links":{"self":[{"href":"https:\/\/www.jossois.com\/de\/wp-json\/wp\/v2\/pages\/9311","targetHints":{"allow":["GET"]}}],"collection":[{"href":"https:\/\/www.jossois.com\/de\/wp-json\/wp\/v2\/pages"}],"about":[{"href":"https:\/\/www.jossois.com\/de\/wp-json\/wp\/v2\/types\/page"}],"author":[{"embeddable":true,"href":"https:\/\/www.jossois.com\/de\/wp-json\/wp\/v2\/users\/1"}],"replies":[{"embeddable":true,"href":"https:\/\/www.jossois.com\/de\/wp-json\/wp\/v2\/comments?post=9311"}],"version-history":[{"count":1,"href":"https:\/\/www.jossois.com\/de\/wp-json\/wp\/v2\/pages\/9311\/revisions"}],"predecessor-version":[{"id":9324,"href":"https:\/\/www.jossois.com\/de\/wp-json\/wp\/v2\/pages\/9311\/revisions\/9324"}],"wp:attachment":[{"href":"https:\/\/www.jossois.com\/de\/wp-json\/wp\/v2\/media?parent=9311"}],"curies":[{"name":"wp","href":"https:\/\/api.w.org\/{rel}","templated":true}]}}