{"id":9368,"date":"2023-01-12T11:22:42","date_gmt":"2023-01-12T11:22:42","guid":{"rendered":"https:\/\/jossois.com\/bedingungen-und-konditionen\/"},"modified":"2023-10-13T09:49:15","modified_gmt":"2023-10-13T09:49:15","slug":"bedingungen-und-konditionen","status":"publish","type":"page","link":"https:\/\/www.jossois.com\/de\/bedingungen-und-konditionen\/","title":{"rendered":"Bedingungen und Konditionen"},"content":{"rendered":"\n<h2 class=\"wp-block-heading\">1. Begriffe<\/h2>\n\n<p>Mit dem Zugriff auf die <a href=\"http:\/\/www.jossois.com\/\">Jossois-Website<\/a> erkl\u00e4ren Sie sich damit einverstanden, diese Nutzungsbedingungen sowie alle geltenden Gesetze und Vorschriften einzuhalten, und stimmen zu, dass Sie f\u00fcr die Einhaltung aller geltenden lokalen Gesetze verantwortlich sind. Wenn Sie mit einer dieser Bedingungen nicht einverstanden sind, d\u00fcrfen Sie diese Website nicht nutzen oder darauf zugreifen. Das Material auf dieser Website ist durch die geltenden Urheberrechts- und Markengesetze gesch\u00fctzt.<\/p>\n\n<h2 class=\"wp-block-heading\">2. Verwendung des F\u00fchrerscheins<\/h2>\n\n<p>Es wird die Erlaubnis erteilt, eine Kopie der Materialien (Informationen oder Software) auf der Jossois-Website f\u00fcr den pers\u00f6nlichen, nicht-kommerziellen Gebrauch herunterzuladen. Es handelt sich dabei um die Erteilung einer Lizenz, nicht um eine Eigentums\u00fcbertragung, und im Rahmen dieser Lizenz k\u00f6nnen Sie nicht:  <\/p>\n\n<ol class=\"wp-block-list\">\n<li>die Materialien zu ver\u00e4ndern oder zu kopieren;  <\/li>\n\n\n\n<li>das Material f\u00fcr kommerzielle Zwecke oder zur \u00f6ffentlichen Darstellung (kommerziell oder nicht kommerziell) zu verwenden;  <\/li>\n\n\n\n<li>zu versuchen, eine auf der Jossois-Website enthaltene Software zu dekompilieren oder zur\u00fcckzuentwickeln;  <\/li>\n\n\n\n<li>Urheberrechts- oder andere Eigentumsvermerke aus den Materialien zu entfernen; oder  <\/li>\n\n\n\n<li>das Material an eine andere Person weiterzugeben oder es auf einem anderen Server zu spiegeln&#8220;.<\/li>\n<\/ol>\n\n<p>Diese Lizenz erlischt automatisch, wenn Sie eine dieser Einschr\u00e4nkungen verletzen, und kann von Jossois jederzeit gek\u00fcndigt werden. Nach Beendigung der Betrachtung dieser Materialien oder nach Beendigung dieser Lizenz m\u00fcssen Sie alle heruntergeladenen Materialien in Ihrem Besitz, ob in elektronischer oder gedruckter Form, l\u00f6schen.<\/p>\n\n<h2 class=\"wp-block-heading\">3. Haftungsausschluss<\/h2>\n\n<ol class=\"wp-block-list\">\n<li>Das Material auf der Jossois-Website wird in der vorliegenden Form bereitgestellt. Jossois gibt keine ausdr\u00fccklichen oder stillschweigenden Garantien und lehnt hiermit alle anderen Garantien ab, einschlie\u00dflich, aber nicht beschr\u00e4nkt auf, stillschweigende Garantien oder Bedingungen f\u00fcr die Marktg\u00e4ngigkeit, die Eignung f\u00fcr einen bestimmten Zweck oder die Nichtverletzung von geistigem Eigentum oder anderen Rechtsverletzungen.<\/li>\n\n\n\n<li>Dar\u00fcber hinaus \u00fcbernimmt Jossois keine Gew\u00e4hr f\u00fcr die Richtigkeit, die wahrscheinlichen Ergebnisse oder die Zuverl\u00e4ssigkeit der Nutzung der Materialien auf seiner Website oder in Bezug auf solche Materialien oder auf Websites, die mit dieser Website verlinkt sind, und gibt auch keine Zusicherungen ab.<\/li>\n<\/ol>\n\n<h2 class=\"wp-block-heading\">4. Beschr\u00e4nkungen<\/h2>\n\n<p>In keinem Fall haften Jossois oder seine Zulieferer f\u00fcr Sch\u00e4den (einschlie\u00dflich, aber nicht beschr\u00e4nkt auf Sch\u00e4den durch Daten- oder Gewinnverluste oder durch Gesch\u00e4ftsunterbrechungen), die aus der Nutzung oder der Unm\u00f6glichkeit der Nutzung der Materialien auf Jossois entstehen, selbst wenn Jossois oder ein von Jossois autorisierter Vertreter m\u00fcndlich oder schriftlich \u00fcber die M\u00f6glichkeit solcher Sch\u00e4den informiert wurde. Da einige Gerichtsbarkeiten keine Beschr\u00e4nkungen von stillschweigenden Garantien oder Haftungsbeschr\u00e4nkungen f\u00fcr Folgesch\u00e4den oder zuf\u00e4llige Sch\u00e4den zulassen, gelten diese Beschr\u00e4nkungen m\u00f6glicherweise nicht f\u00fcr Sie.<\/p>\n\n<h2 class=\"wp-block-heading\">5. Genauigkeit der Materialien<\/h2>\n\n<p>Das Material auf der Jossois-Website kann technische, typografische oder fotografische Fehler enthalten. Jossois \u00fcbernimmt keine Gew\u00e4hr f\u00fcr die Richtigkeit, Vollst\u00e4ndigkeit und Aktualit\u00e4t der auf seiner Website enthaltenen Informationen. Jossois beh\u00e4lt sich das Recht vor, jederzeit und ohne vorherige Ank\u00fcndigung \u00c4nderungen an den auf seiner Website enthaltenen Materialien vorzunehmen. Jossois \u00fcbernimmt jedoch keine Verpflichtung zur Aktualisierung des Materials.<\/p>\n\n<h2 class=\"wp-block-heading\">6. Links<\/h2>\n\n<p>Jossois hat nicht alle mit seiner Website verkn\u00fcpften Websites analysiert und ist nicht verantwortlich f\u00fcr den Inhalt der verlinkten Websites. Die Aufnahme eines Links bedeutet nicht, dass Jossois die Website bef\u00fcrwortet. Die Nutzung der verlinkten Seiten erfolgt auf eigenes Risiko.<\/p>\n\n<h3 class=\"wp-block-heading\">\u00c4nderungen<\/h3>\n\n<p>Jossois kann die vorliegenden Nutzungsbedingungen f\u00fcr die Website jederzeit und ohne vorherige Ank\u00fcndigung \u00e4ndern. Durch die Nutzung dieser Website erkl\u00e4ren Sie sich mit der aktuellen Version dieser Nutzungsbedingungen einverstanden.<\/p>\n\n<h3 class=\"wp-block-heading\">Anwendbares Recht<\/h3>\n\n<p>Diese Bedingungen unterliegen den Gesetzen von Jossois und werden entsprechend ausgelegt, und Sie unterwerfen sich unwiderruflich der ausschlie\u00dflichen Gerichtsbarkeit der Gerichte dieses Staates oder Ortes.<\/p>\n","protected":false},"excerpt":{"rendered":"<p>1. Begriffe Mit dem Zugriff auf die Jossois-Website erkl\u00e4ren Sie sich damit einverstanden, diese Nutzungsbedingungen sowie alle geltenden Gesetze und Vorschriften einzuhalten, und stimmen zu, dass Sie f\u00fcr die Einhaltung aller geltenden lokalen Gesetze verantwortlich sind. Wenn Sie mit einer dieser Bedingungen nicht einverstanden sind, d\u00fcrfen Sie diese Website nicht nutzen oder darauf zugreifen. Das [&hellip;]<\/p>\n","protected":false},"author":1,"featured_media":0,"parent":0,"menu_order":0,"comment_status":"closed","ping_status":"closed","template":"","meta":{"footnotes":""},"class_list":["post-9368","page","type-page","status-publish","hentry"],"acf":[],"yoast_head":"<!-- This site is optimized with the Yoast SEO plugin v23.0 - https:\/\/yoast.com\/wordpress\/plugins\/seo\/ -->\n<title>Bedingungen und Konditionen - Jossois<\/title>\n<meta name=\"robots\" content=\"index, follow, max-snippet:-1, max-image-preview:large, max-video-preview:-1\" \/>\n<link rel=\"canonical\" href=\"https:\/\/www.jossois.com\/termos-e-condicoes\/\" \/>\n<meta property=\"og:locale\" content=\"de_DE\" \/>\n<meta property=\"og:type\" content=\"article\" \/>\n<meta property=\"og:title\" content=\"Bedingungen und Konditionen - Jossois\" \/>\n<meta property=\"og:description\" content=\"1. Begriffe Mit dem Zugriff auf die Jossois-Website erkl\u00e4ren Sie sich damit einverstanden, diese Nutzungsbedingungen sowie alle geltenden Gesetze und Vorschriften einzuhalten, und stimmen zu, dass Sie f\u00fcr die Einhaltung aller geltenden lokalen Gesetze verantwortlich sind. Wenn Sie mit einer dieser Bedingungen nicht einverstanden sind, d\u00fcrfen Sie diese Website nicht nutzen oder darauf zugreifen. Das [&hellip;]\" \/>\n<meta property=\"og:url\" content=\"https:\/\/www.jossois.com\/termos-e-condicoes\/\" \/>\n<meta property=\"og:site_name\" content=\"Jossois\" \/>\n<meta property=\"article:modified_time\" content=\"2023-10-13T09:49:15+00:00\" \/>\n<meta name=\"twitter:card\" content=\"summary_large_image\" \/>\n<meta name=\"twitter:label1\" content=\"Gesch\u00e4tzte Lesezeit\" \/>\n\t<meta name=\"twitter:data1\" content=\"3\u00a0Minuten\" \/>\n<script type=\"application\/ld+json\" class=\"yoast-schema-graph\">{\"@context\":\"https:\/\/schema.org\",\"@graph\":[{\"@type\":\"WebPage\",\"@id\":\"https:\/\/www.jossois.com\/termos-e-condicoes\/\",\"url\":\"https:\/\/www.jossois.com\/termos-e-condicoes\/\",\"name\":\"Bedingungen und Konditionen - Jossois\",\"isPartOf\":{\"@id\":\"https:\/\/www.jossois.com\/#website\"},\"datePublished\":\"2023-01-12T11:22:42+00:00\",\"dateModified\":\"2023-10-13T09:49:15+00:00\",\"breadcrumb\":{\"@id\":\"https:\/\/www.jossois.com\/termos-e-condicoes\/#breadcrumb\"},\"inLanguage\":\"de\",\"potentialAction\":[{\"@type\":\"ReadAction\",\"target\":[\"https:\/\/www.jossois.com\/termos-e-condicoes\/\"]}]},{\"@type\":\"BreadcrumbList\",\"@id\":\"https:\/\/www.jossois.com\/termos-e-condicoes\/#breadcrumb\",\"itemListElement\":[{\"@type\":\"ListItem\",\"position\":1,\"name\":\"In\u00edcio\",\"item\":\"https:\/\/www.jossois.com\/de\/\"},{\"@type\":\"ListItem\",\"position\":2,\"name\":\"Bedingungen und Konditionen\"}]},{\"@type\":\"WebSite\",\"@id\":\"https:\/\/www.jossois.com\/#website\",\"url\":\"https:\/\/www.jossois.com\/\",\"name\":\"Jossois\",\"description\":\"Fabricante de Guarda-S\u00f3is e Guarda-Chuvas\",\"potentialAction\":[{\"@type\":\"SearchAction\",\"target\":{\"@type\":\"EntryPoint\",\"urlTemplate\":\"https:\/\/www.jossois.com\/?s={search_term_string}\"},\"query-input\":\"required name=search_term_string\"}],\"inLanguage\":\"de\"}]}<\/script>\n<!-- \/ Yoast SEO plugin. -->","yoast_head_json":{"title":"Bedingungen und Konditionen - Jossois","robots":{"index":"index","follow":"follow","max-snippet":"max-snippet:-1","max-image-preview":"max-image-preview:large","max-video-preview":"max-video-preview:-1"},"canonical":"https:\/\/www.jossois.com\/termos-e-condicoes\/","og_locale":"de_DE","og_type":"article","og_title":"Bedingungen und Konditionen - Jossois","og_description":"1. Begriffe Mit dem Zugriff auf die Jossois-Website erkl\u00e4ren Sie sich damit einverstanden, diese Nutzungsbedingungen sowie alle geltenden Gesetze und Vorschriften einzuhalten, und stimmen zu, dass Sie f\u00fcr die Einhaltung aller geltenden lokalen Gesetze verantwortlich sind. Wenn Sie mit einer dieser Bedingungen nicht einverstanden sind, d\u00fcrfen Sie diese Website nicht nutzen oder darauf zugreifen. Das [&hellip;]","og_url":"https:\/\/www.jossois.com\/termos-e-condicoes\/","og_site_name":"Jossois","article_modified_time":"2023-10-13T09:49:15+00:00","twitter_card":"summary_large_image","twitter_misc":{"Gesch\u00e4tzte Lesezeit":"3\u00a0Minuten"},"schema":{"@context":"https:\/\/schema.org","@graph":[{"@type":"WebPage","@id":"https:\/\/www.jossois.com\/termos-e-condicoes\/","url":"https:\/\/www.jossois.com\/termos-e-condicoes\/","name":"Bedingungen und Konditionen - Jossois","isPartOf":{"@id":"https:\/\/www.jossois.com\/#website"},"datePublished":"2023-01-12T11:22:42+00:00","dateModified":"2023-10-13T09:49:15+00:00","breadcrumb":{"@id":"https:\/\/www.jossois.com\/termos-e-condicoes\/#breadcrumb"},"inLanguage":"de","potentialAction":[{"@type":"ReadAction","target":["https:\/\/www.jossois.com\/termos-e-condicoes\/"]}]},{"@type":"BreadcrumbList","@id":"https:\/\/www.jossois.com\/termos-e-condicoes\/#breadcrumb","itemListElement":[{"@type":"ListItem","position":1,"name":"In\u00edcio","item":"https:\/\/www.jossois.com\/de\/"},{"@type":"ListItem","position":2,"name":"Bedingungen und Konditionen"}]},{"@type":"WebSite","@id":"https:\/\/www.jossois.com\/#website","url":"https:\/\/www.jossois.com\/","name":"Jossois","description":"Fabricante de Guarda-S\u00f3is e Guarda-Chuvas","potentialAction":[{"@type":"SearchAction","target":{"@type":"EntryPoint","urlTemplate":"https:\/\/www.jossois.com\/?s={search_term_string}"},"query-input":"required name=search_term_string"}],"inLanguage":"de"}]}},"_links":{"self":[{"href":"https:\/\/www.jossois.com\/de\/wp-json\/wp\/v2\/pages\/9368","targetHints":{"allow":["GET"]}}],"collection":[{"href":"https:\/\/www.jossois.com\/de\/wp-json\/wp\/v2\/pages"}],"about":[{"href":"https:\/\/www.jossois.com\/de\/wp-json\/wp\/v2\/types\/page"}],"author":[{"embeddable":true,"href":"https:\/\/www.jossois.com\/de\/wp-json\/wp\/v2\/users\/1"}],"replies":[{"embeddable":true,"href":"https:\/\/www.jossois.com\/de\/wp-json\/wp\/v2\/comments?post=9368"}],"version-history":[{"count":1,"href":"https:\/\/www.jossois.com\/de\/wp-json\/wp\/v2\/pages\/9368\/revisions"}],"predecessor-version":[{"id":9373,"href":"https:\/\/www.jossois.com\/de\/wp-json\/wp\/v2\/pages\/9368\/revisions\/9373"}],"wp:attachment":[{"href":"https:\/\/www.jossois.com\/de\/wp-json\/wp\/v2\/media?parent=9368"}],"curies":[{"name":"wp","href":"https:\/\/api.w.org\/{rel}","templated":true}]}}