{"id":2700,"date":"2023-01-17T15:33:54","date_gmt":"2023-01-17T15:33:54","guid":{"rendered":"https:\/\/jossois.outweb.pt\/?post_type=product&#038;p=2700"},"modified":"2025-04-17T16:17:50","modified_gmt":"2025-04-17T16:17:50","slug":"base-britada-171kg","status":"publish","type":"product","link":"https:\/\/www.jossois.com\/de\/produto\/base-britada-171kg\/","title":{"rendered":"Base britada 190kg"},"content":{"rendered":"<p>Base britada em cruz com 8 pedras em cimento britado<\/p>\n","protected":false},"excerpt":{"rendered":"<p>Para guarda-sol Apple<\/p>\n","protected":false},"featured_media":3808,"comment_status":"open","ping_status":"closed","template":"","meta":[],"product_cat":[41,44],"product_tag":[],"class_list":{"0":"post-2700","1":"product","2":"type-product","3":"status-publish","4":"has-post-thumbnail","6":"product_cat-bases","7":"product_cat-bases-britadas","9":"first","10":"instock","11":"shipping-taxable","12":"product-type-variable"},"acf":[],"yoast_head":"<!-- This site is optimized with the Yoast SEO plugin v23.0 - https:\/\/yoast.com\/wordpress\/plugins\/seo\/ -->\n<title>Base britada 190kg - Jossois<\/title>\n<meta name=\"description\" content=\"Bases de guarda-sol resistentes e est\u00e1veis, ideais para uso em jardins, esplanadas e praias e hot\u00e9is. Compat\u00edveis com diversos modelos de guarda-s\u00f3is.\" \/>\n<meta name=\"robots\" content=\"index, follow, max-snippet:-1, max-image-preview:large, max-video-preview:-1\" \/>\n<link rel=\"canonical\" href=\"https:\/\/www.jossois.com\/produto\/base-britada-171kg\/\" \/>\n<meta property=\"og:locale\" content=\"de_DE\" \/>\n<meta property=\"og:type\" content=\"article\" \/>\n<meta property=\"og:title\" content=\"Base britada 190kg - Jossois\" \/>\n<meta property=\"og:description\" content=\"Bases de guarda-sol resistentes e est\u00e1veis, ideais para uso em jardins, esplanadas e praias e hot\u00e9is. Compat\u00edveis com diversos modelos de guarda-s\u00f3is.\" \/>\n<meta property=\"og:url\" content=\"https:\/\/www.jossois.com\/produto\/base-britada-171kg\/\" \/>\n<meta property=\"og:site_name\" content=\"Jossois\" \/>\n<meta property=\"article:modified_time\" content=\"2025-04-17T16:17:50+00:00\" \/>\n<meta property=\"og:image\" content=\"https:\/\/www.jossois.com\/wp-content\/uploads\/2023\/01\/04030048.0002-1.png\" \/>\n\t<meta property=\"og:image:width\" content=\"900\" \/>\n\t<meta property=\"og:image:height\" content=\"900\" \/>\n\t<meta property=\"og:image:type\" content=\"image\/png\" \/>\n<meta name=\"twitter:card\" content=\"summary_large_image\" \/>\n<meta name=\"twitter:label1\" content=\"Gesch\u00e4tzte Lesezeit\" \/>\n\t<meta name=\"twitter:data1\" content=\"1\u00a0Minute\" \/>\n<script type=\"application\/ld+json\" class=\"yoast-schema-graph\">{\"@context\":\"https:\/\/schema.org\",\"@graph\":[{\"@type\":\"WebPage\",\"@id\":\"https:\/\/www.jossois.com\/produto\/base-britada-171kg\/\",\"url\":\"https:\/\/www.jossois.com\/produto\/base-britada-171kg\/\",\"name\":\"Base britada 190kg - Jossois\",\"isPartOf\":{\"@id\":\"https:\/\/www.jossois.com\/#website\"},\"primaryImageOfPage\":{\"@id\":\"https:\/\/www.jossois.com\/produto\/base-britada-171kg\/#primaryimage\"},\"image\":{\"@id\":\"https:\/\/www.jossois.com\/produto\/base-britada-171kg\/#primaryimage\"},\"thumbnailUrl\":\"https:\/\/www.jossois.com\/wp-content\/uploads\/2023\/01\/04030048.0002-1.png\",\"datePublished\":\"2023-01-17T15:33:54+00:00\",\"dateModified\":\"2025-04-17T16:17:50+00:00\",\"description\":\"Bases de guarda-sol resistentes e est\u00e1veis, ideais para uso em jardins, esplanadas e praias e hot\u00e9is. Compat\u00edveis com diversos modelos de guarda-s\u00f3is.\",\"breadcrumb\":{\"@id\":\"https:\/\/www.jossois.com\/produto\/base-britada-171kg\/#breadcrumb\"},\"inLanguage\":\"de\",\"potentialAction\":[{\"@type\":\"ReadAction\",\"target\":[\"https:\/\/www.jossois.com\/produto\/base-britada-171kg\/\"]}]},{\"@type\":\"ImageObject\",\"inLanguage\":\"de\",\"@id\":\"https:\/\/www.jossois.com\/produto\/base-britada-171kg\/#primaryimage\",\"url\":\"https:\/\/www.jossois.com\/wp-content\/uploads\/2023\/01\/04030048.0002-1.png\",\"contentUrl\":\"https:\/\/www.jossois.com\/wp-content\/uploads\/2023\/01\/04030048.0002-1.png\",\"width\":900,\"height\":900,\"caption\":\"04030048.0002\"},{\"@type\":\"BreadcrumbList\",\"@id\":\"https:\/\/www.jossois.com\/produto\/base-britada-171kg\/#breadcrumb\",\"itemListElement\":[{\"@type\":\"ListItem\",\"position\":1,\"name\":\"In\u00edcio\",\"item\":\"https:\/\/www.jossois.com\/de\/\"},{\"@type\":\"ListItem\",\"position\":2,\"name\":\"Shop\",\"item\":\"https:\/\/www.jossois.com\/de\/shop\/\"},{\"@type\":\"ListItem\",\"position\":3,\"name\":\"Base britada 190kg\"}]},{\"@type\":\"WebSite\",\"@id\":\"https:\/\/www.jossois.com\/#website\",\"url\":\"https:\/\/www.jossois.com\/\",\"name\":\"Jossois\",\"description\":\"Fabricante de Guarda-S\u00f3is e Guarda-Chuvas\",\"potentialAction\":[{\"@type\":\"SearchAction\",\"target\":{\"@type\":\"EntryPoint\",\"urlTemplate\":\"https:\/\/www.jossois.com\/?s={search_term_string}\"},\"query-input\":\"required name=search_term_string\"}],\"inLanguage\":\"de\"}]}<\/script>\n<!-- \/ Yoast SEO plugin. -->","yoast_head_json":{"title":"Base britada 190kg - Jossois","description":"Bases de guarda-sol resistentes e est\u00e1veis, ideais para uso em jardins, esplanadas e praias e hot\u00e9is. Compat\u00edveis com diversos modelos de guarda-s\u00f3is.","robots":{"index":"index","follow":"follow","max-snippet":"max-snippet:-1","max-image-preview":"max-image-preview:large","max-video-preview":"max-video-preview:-1"},"canonical":"https:\/\/www.jossois.com\/produto\/base-britada-171kg\/","og_locale":"de_DE","og_type":"article","og_title":"Base britada 190kg - Jossois","og_description":"Bases de guarda-sol resistentes e est\u00e1veis, ideais para uso em jardins, esplanadas e praias e hot\u00e9is. Compat\u00edveis com diversos modelos de guarda-s\u00f3is.","og_url":"https:\/\/www.jossois.com\/produto\/base-britada-171kg\/","og_site_name":"Jossois","article_modified_time":"2025-04-17T16:17:50+00:00","og_image":[{"width":900,"height":900,"url":"https:\/\/www.jossois.com\/wp-content\/uploads\/2023\/01\/04030048.0002-1.png","type":"image\/png"}],"twitter_card":"summary_large_image","twitter_misc":{"Gesch\u00e4tzte Lesezeit":"1\u00a0Minute"},"schema":{"@context":"https:\/\/schema.org","@graph":[{"@type":"WebPage","@id":"https:\/\/www.jossois.com\/produto\/base-britada-171kg\/","url":"https:\/\/www.jossois.com\/produto\/base-britada-171kg\/","name":"Base britada 190kg - Jossois","isPartOf":{"@id":"https:\/\/www.jossois.com\/#website"},"primaryImageOfPage":{"@id":"https:\/\/www.jossois.com\/produto\/base-britada-171kg\/#primaryimage"},"image":{"@id":"https:\/\/www.jossois.com\/produto\/base-britada-171kg\/#primaryimage"},"thumbnailUrl":"https:\/\/www.jossois.com\/wp-content\/uploads\/2023\/01\/04030048.0002-1.png","datePublished":"2023-01-17T15:33:54+00:00","dateModified":"2025-04-17T16:17:50+00:00","description":"Bases de guarda-sol resistentes e est\u00e1veis, ideais para uso em jardins, esplanadas e praias e hot\u00e9is. Compat\u00edveis com diversos modelos de guarda-s\u00f3is.","breadcrumb":{"@id":"https:\/\/www.jossois.com\/produto\/base-britada-171kg\/#breadcrumb"},"inLanguage":"de","potentialAction":[{"@type":"ReadAction","target":["https:\/\/www.jossois.com\/produto\/base-britada-171kg\/"]}]},{"@type":"ImageObject","inLanguage":"de","@id":"https:\/\/www.jossois.com\/produto\/base-britada-171kg\/#primaryimage","url":"https:\/\/www.jossois.com\/wp-content\/uploads\/2023\/01\/04030048.0002-1.png","contentUrl":"https:\/\/www.jossois.com\/wp-content\/uploads\/2023\/01\/04030048.0002-1.png","width":900,"height":900,"caption":"04030048.0002"},{"@type":"BreadcrumbList","@id":"https:\/\/www.jossois.com\/produto\/base-britada-171kg\/#breadcrumb","itemListElement":[{"@type":"ListItem","position":1,"name":"In\u00edcio","item":"https:\/\/www.jossois.com\/de\/"},{"@type":"ListItem","position":2,"name":"Shop","item":"https:\/\/www.jossois.com\/de\/shop\/"},{"@type":"ListItem","position":3,"name":"Base britada 190kg"}]},{"@type":"WebSite","@id":"https:\/\/www.jossois.com\/#website","url":"https:\/\/www.jossois.com\/","name":"Jossois","description":"Fabricante de Guarda-S\u00f3is e Guarda-Chuvas","potentialAction":[{"@type":"SearchAction","target":{"@type":"EntryPoint","urlTemplate":"https:\/\/www.jossois.com\/?s={search_term_string}"},"query-input":"required name=search_term_string"}],"inLanguage":"de"}]}},"_links":{"self":[{"href":"https:\/\/www.jossois.com\/de\/wp-json\/wp\/v2\/product\/2700","targetHints":{"allow":["GET"]}}],"collection":[{"href":"https:\/\/www.jossois.com\/de\/wp-json\/wp\/v2\/product"}],"about":[{"href":"https:\/\/www.jossois.com\/de\/wp-json\/wp\/v2\/types\/product"}],"replies":[{"embeddable":true,"href":"https:\/\/www.jossois.com\/de\/wp-json\/wp\/v2\/comments?post=2700"}],"wp:featuredmedia":[{"embeddable":true,"href":"https:\/\/www.jossois.com\/de\/wp-json\/wp\/v2\/media\/3808"}],"wp:attachment":[{"href":"https:\/\/www.jossois.com\/de\/wp-json\/wp\/v2\/media?parent=2700"}],"wp:term":[{"taxonomy":"product_cat","embeddable":true,"href":"https:\/\/www.jossois.com\/de\/wp-json\/wp\/v2\/product_cat?post=2700"},{"taxonomy":"product_tag","embeddable":true,"href":"https:\/\/www.jossois.com\/de\/wp-json\/wp\/v2\/product_tag?post=2700"}],"curies":[{"name":"wp","href":"https:\/\/api.w.org\/{rel}","templated":true}]}}