{"id":3027,"date":"2023-01-19T15:01:12","date_gmt":"2023-01-19T15:01:12","guid":{"rendered":"https:\/\/jossois.outweb.pt\/?post_type=product&#038;p=3027"},"modified":"2025-04-17T15:23:45","modified_gmt":"2025-04-17T15:23:45","slug":"guarda-chuva-manual","status":"publish","type":"product","link":"https:\/\/www.jossois.com\/de\/produto\/guarda-chuva-manual\/","title":{"rendered":"Guarda-chuva azul manual"},"content":{"rendered":"<h3>Descontra\u00eddo e Camale\u00f3nico<\/h3>\n<p>Guarda-chuva manual, haste em madeira, varas em\u00a0 fibra e cabo redondo em madeira<\/p>\n","protected":false},"excerpt":{"rendered":"<p>Possibilidade de personaliza\u00e7\u00e3o consoante as necessidades<\/p>\n<p>&nbsp;<\/p>\n","protected":false},"featured_media":3033,"comment_status":"open","ping_status":"closed","template":"","meta":[],"product_cat":[53,39],"product_tag":[],"class_list":{"0":"post-3027","1":"product","2":"type-product","3":"status-publish","4":"has-post-thumbnail","6":"product_cat-standard","7":"product_cat-guarda-chuvas","9":"first","10":"instock","11":"shipping-taxable","12":"product-type-variable"},"acf":[],"yoast_head":"<!-- This site is optimized with the Yoast SEO plugin v23.0 - https:\/\/yoast.com\/wordpress\/plugins\/seo\/ -->\n<title>Guarda-chuva azul manual - Jossois<\/title>\n<meta name=\"description\" content=\"Guarda-chuvas resistentes e personaliz\u00e1veis, com fabrico nacional e materiais de qualidade. Design duradouro e prote\u00e7\u00e3o eficaz contra a chuva.\" \/>\n<meta name=\"robots\" content=\"index, follow, max-snippet:-1, max-image-preview:large, max-video-preview:-1\" \/>\n<link rel=\"canonical\" href=\"https:\/\/www.jossois.com\/produto\/guarda-chuva-manual\/\" \/>\n<meta property=\"og:locale\" content=\"de_DE\" \/>\n<meta property=\"og:type\" content=\"article\" \/>\n<meta property=\"og:title\" content=\"Guarda-chuva azul manual - Jossois\" \/>\n<meta property=\"og:description\" content=\"Guarda-chuvas resistentes e personaliz\u00e1veis, com fabrico nacional e materiais de qualidade. Design duradouro e prote\u00e7\u00e3o eficaz contra a chuva.\" \/>\n<meta property=\"og:url\" content=\"https:\/\/www.jossois.com\/produto\/guarda-chuva-manual\/\" \/>\n<meta property=\"og:site_name\" content=\"Jossois\" \/>\n<meta property=\"article:modified_time\" content=\"2025-04-17T15:23:45+00:00\" \/>\n<meta property=\"og:image\" content=\"https:\/\/www.jossois.com\/wp-content\/uploads\/2023\/01\/9402.png\" \/>\n\t<meta property=\"og:image:width\" content=\"1500\" \/>\n\t<meta property=\"og:image:height\" content=\"1174\" \/>\n\t<meta property=\"og:image:type\" content=\"image\/png\" \/>\n<meta name=\"twitter:card\" content=\"summary_large_image\" \/>\n<meta name=\"twitter:label1\" content=\"Gesch\u00e4tzte Lesezeit\" \/>\n\t<meta name=\"twitter:data1\" content=\"1\u00a0Minute\" \/>\n<script type=\"application\/ld+json\" class=\"yoast-schema-graph\">{\"@context\":\"https:\/\/schema.org\",\"@graph\":[{\"@type\":\"WebPage\",\"@id\":\"https:\/\/www.jossois.com\/produto\/guarda-chuva-manual\/\",\"url\":\"https:\/\/www.jossois.com\/produto\/guarda-chuva-manual\/\",\"name\":\"Guarda-chuva azul manual - Jossois\",\"isPartOf\":{\"@id\":\"https:\/\/www.jossois.com\/#website\"},\"primaryImageOfPage\":{\"@id\":\"https:\/\/www.jossois.com\/produto\/guarda-chuva-manual\/#primaryimage\"},\"image\":{\"@id\":\"https:\/\/www.jossois.com\/produto\/guarda-chuva-manual\/#primaryimage\"},\"thumbnailUrl\":\"https:\/\/www.jossois.com\/wp-content\/uploads\/2023\/01\/9402.png\",\"datePublished\":\"2023-01-19T15:01:12+00:00\",\"dateModified\":\"2025-04-17T15:23:45+00:00\",\"description\":\"Guarda-chuvas resistentes e personaliz\u00e1veis, com fabrico nacional e materiais de qualidade. Design duradouro e prote\u00e7\u00e3o eficaz contra a chuva.\",\"breadcrumb\":{\"@id\":\"https:\/\/www.jossois.com\/produto\/guarda-chuva-manual\/#breadcrumb\"},\"inLanguage\":\"de\",\"potentialAction\":[{\"@type\":\"ReadAction\",\"target\":[\"https:\/\/www.jossois.com\/produto\/guarda-chuva-manual\/\"]}]},{\"@type\":\"ImageObject\",\"inLanguage\":\"de\",\"@id\":\"https:\/\/www.jossois.com\/produto\/guarda-chuva-manual\/#primaryimage\",\"url\":\"https:\/\/www.jossois.com\/wp-content\/uploads\/2023\/01\/9402.png\",\"contentUrl\":\"https:\/\/www.jossois.com\/wp-content\/uploads\/2023\/01\/9402.png\",\"width\":1500,\"height\":1174},{\"@type\":\"BreadcrumbList\",\"@id\":\"https:\/\/www.jossois.com\/produto\/guarda-chuva-manual\/#breadcrumb\",\"itemListElement\":[{\"@type\":\"ListItem\",\"position\":1,\"name\":\"In\u00edcio\",\"item\":\"https:\/\/www.jossois.com\/de\/\"},{\"@type\":\"ListItem\",\"position\":2,\"name\":\"Shop\",\"item\":\"https:\/\/www.jossois.com\/de\/shop\/\"},{\"@type\":\"ListItem\",\"position\":3,\"name\":\"Guarda-chuva azul manual\"}]},{\"@type\":\"WebSite\",\"@id\":\"https:\/\/www.jossois.com\/#website\",\"url\":\"https:\/\/www.jossois.com\/\",\"name\":\"Jossois\",\"description\":\"Fabricante de Guarda-S\u00f3is e Guarda-Chuvas\",\"potentialAction\":[{\"@type\":\"SearchAction\",\"target\":{\"@type\":\"EntryPoint\",\"urlTemplate\":\"https:\/\/www.jossois.com\/?s={search_term_string}\"},\"query-input\":\"required name=search_term_string\"}],\"inLanguage\":\"de\"}]}<\/script>\n<!-- \/ Yoast SEO plugin. -->","yoast_head_json":{"title":"Guarda-chuva azul manual - Jossois","description":"Guarda-chuvas resistentes e personaliz\u00e1veis, com fabrico nacional e materiais de qualidade. Design duradouro e prote\u00e7\u00e3o eficaz contra a chuva.","robots":{"index":"index","follow":"follow","max-snippet":"max-snippet:-1","max-image-preview":"max-image-preview:large","max-video-preview":"max-video-preview:-1"},"canonical":"https:\/\/www.jossois.com\/produto\/guarda-chuva-manual\/","og_locale":"de_DE","og_type":"article","og_title":"Guarda-chuva azul manual - Jossois","og_description":"Guarda-chuvas resistentes e personaliz\u00e1veis, com fabrico nacional e materiais de qualidade. Design duradouro e prote\u00e7\u00e3o eficaz contra a chuva.","og_url":"https:\/\/www.jossois.com\/produto\/guarda-chuva-manual\/","og_site_name":"Jossois","article_modified_time":"2025-04-17T15:23:45+00:00","og_image":[{"width":1500,"height":1174,"url":"https:\/\/www.jossois.com\/wp-content\/uploads\/2023\/01\/9402.png","type":"image\/png"}],"twitter_card":"summary_large_image","twitter_misc":{"Gesch\u00e4tzte Lesezeit":"1\u00a0Minute"},"schema":{"@context":"https:\/\/schema.org","@graph":[{"@type":"WebPage","@id":"https:\/\/www.jossois.com\/produto\/guarda-chuva-manual\/","url":"https:\/\/www.jossois.com\/produto\/guarda-chuva-manual\/","name":"Guarda-chuva azul manual - Jossois","isPartOf":{"@id":"https:\/\/www.jossois.com\/#website"},"primaryImageOfPage":{"@id":"https:\/\/www.jossois.com\/produto\/guarda-chuva-manual\/#primaryimage"},"image":{"@id":"https:\/\/www.jossois.com\/produto\/guarda-chuva-manual\/#primaryimage"},"thumbnailUrl":"https:\/\/www.jossois.com\/wp-content\/uploads\/2023\/01\/9402.png","datePublished":"2023-01-19T15:01:12+00:00","dateModified":"2025-04-17T15:23:45+00:00","description":"Guarda-chuvas resistentes e personaliz\u00e1veis, com fabrico nacional e materiais de qualidade. Design duradouro e prote\u00e7\u00e3o eficaz contra a chuva.","breadcrumb":{"@id":"https:\/\/www.jossois.com\/produto\/guarda-chuva-manual\/#breadcrumb"},"inLanguage":"de","potentialAction":[{"@type":"ReadAction","target":["https:\/\/www.jossois.com\/produto\/guarda-chuva-manual\/"]}]},{"@type":"ImageObject","inLanguage":"de","@id":"https:\/\/www.jossois.com\/produto\/guarda-chuva-manual\/#primaryimage","url":"https:\/\/www.jossois.com\/wp-content\/uploads\/2023\/01\/9402.png","contentUrl":"https:\/\/www.jossois.com\/wp-content\/uploads\/2023\/01\/9402.png","width":1500,"height":1174},{"@type":"BreadcrumbList","@id":"https:\/\/www.jossois.com\/produto\/guarda-chuva-manual\/#breadcrumb","itemListElement":[{"@type":"ListItem","position":1,"name":"In\u00edcio","item":"https:\/\/www.jossois.com\/de\/"},{"@type":"ListItem","position":2,"name":"Shop","item":"https:\/\/www.jossois.com\/de\/shop\/"},{"@type":"ListItem","position":3,"name":"Guarda-chuva azul manual"}]},{"@type":"WebSite","@id":"https:\/\/www.jossois.com\/#website","url":"https:\/\/www.jossois.com\/","name":"Jossois","description":"Fabricante de Guarda-S\u00f3is e Guarda-Chuvas","potentialAction":[{"@type":"SearchAction","target":{"@type":"EntryPoint","urlTemplate":"https:\/\/www.jossois.com\/?s={search_term_string}"},"query-input":"required name=search_term_string"}],"inLanguage":"de"}]}},"_links":{"self":[{"href":"https:\/\/www.jossois.com\/de\/wp-json\/wp\/v2\/product\/3027","targetHints":{"allow":["GET"]}}],"collection":[{"href":"https:\/\/www.jossois.com\/de\/wp-json\/wp\/v2\/product"}],"about":[{"href":"https:\/\/www.jossois.com\/de\/wp-json\/wp\/v2\/types\/product"}],"replies":[{"embeddable":true,"href":"https:\/\/www.jossois.com\/de\/wp-json\/wp\/v2\/comments?post=3027"}],"wp:featuredmedia":[{"embeddable":true,"href":"https:\/\/www.jossois.com\/de\/wp-json\/wp\/v2\/media\/3033"}],"wp:attachment":[{"href":"https:\/\/www.jossois.com\/de\/wp-json\/wp\/v2\/media?parent=3027"}],"wp:term":[{"taxonomy":"product_cat","embeddable":true,"href":"https:\/\/www.jossois.com\/de\/wp-json\/wp\/v2\/product_cat?post=3027"},{"taxonomy":"product_tag","embeddable":true,"href":"https:\/\/www.jossois.com\/de\/wp-json\/wp\/v2\/product_tag?post=3027"}],"curies":[{"name":"wp","href":"https:\/\/api.w.org\/{rel}","templated":true}]}}