{"id":4281,"date":"2023-02-15T17:45:39","date_gmt":"2023-02-15T17:45:39","guid":{"rendered":"https:\/\/jossois.com\/?post_type=product&#038;p=4281"},"modified":"2025-04-17T09:56:52","modified_gmt":"2025-04-17T09:56:52","slug":"guarda-chuva-crianca-manual","status":"publish","type":"product","link":"https:\/\/www.jossois.com\/en\/produto\/guarda-chuva-crianca-manual\/","title":{"rendered":"Guarda-chuva crian\u00e7a manual"},"content":{"rendered":"<h3>Robusto e Pr\u00e1tico<\/h3>\n<p>Guarda-chuva manual, haste em alum\u00ednio, varas em fibra e cabo reto em madeira<\/p>\n","protected":false},"excerpt":{"rendered":"<p>Possibilidade de personaliza\u00e7\u00e3o consoante as necessidades<\/p>\n<p>&nbsp;<\/p>\n","protected":false},"featured_media":4284,"comment_status":"open","ping_status":"closed","template":"","meta":[],"product_cat":[52,39],"product_tag":[],"class_list":{"0":"post-4281","1":"product","2":"type-product","3":"status-publish","4":"has-post-thumbnail","6":"product_cat-feito-a-sua-medida","7":"product_cat-guarda-chuvas","9":"first","10":"instock","11":"shipping-taxable","12":"product-type-variable"},"acf":[],"yoast_head":"<!-- This site is optimized with the Yoast SEO plugin v23.0 - https:\/\/yoast.com\/wordpress\/plugins\/seo\/ -->\n<title>Guarda-chuva crian\u00e7a manual - Jossois<\/title>\n<meta name=\"description\" content=\"Guarda-chuva resistente e personaliz\u00e1vel, com fabrico nacional e materiais de qualidade. Design duradouro e prote\u00e7\u00e3o eficaz contra a chuva\" \/>\n<meta name=\"robots\" content=\"index, follow, max-snippet:-1, max-image-preview:large, max-video-preview:-1\" \/>\n<link rel=\"canonical\" href=\"https:\/\/www.jossois.com\/produto\/guarda-chuva-crianca-manual\/\" \/>\n<meta property=\"og:locale\" content=\"en_US\" \/>\n<meta property=\"og:type\" content=\"article\" \/>\n<meta property=\"og:title\" content=\"Guarda-chuva crian\u00e7a manual - Jossois\" \/>\n<meta property=\"og:description\" content=\"Guarda-chuva resistente e personaliz\u00e1vel, com fabrico nacional e materiais de qualidade. Design duradouro e prote\u00e7\u00e3o eficaz contra a chuva\" \/>\n<meta property=\"og:url\" content=\"https:\/\/www.jossois.com\/produto\/guarda-chuva-crianca-manual\/\" \/>\n<meta property=\"og:site_name\" content=\"Jossois\" \/>\n<meta property=\"article:modified_time\" content=\"2025-04-17T09:56:52+00:00\" \/>\n<meta property=\"og:image\" content=\"https:\/\/www.jossois.com\/wp-content\/uploads\/2023\/02\/indio.png\" \/>\n\t<meta property=\"og:image:width\" content=\"900\" \/>\n\t<meta property=\"og:image:height\" content=\"900\" \/>\n\t<meta property=\"og:image:type\" content=\"image\/png\" \/>\n<meta name=\"twitter:card\" content=\"summary_large_image\" \/>\n<meta name=\"twitter:label1\" content=\"Est. reading time\" \/>\n\t<meta name=\"twitter:data1\" content=\"1 minute\" \/>\n<script type=\"application\/ld+json\" class=\"yoast-schema-graph\">{\"@context\":\"https:\/\/schema.org\",\"@graph\":[{\"@type\":\"WebPage\",\"@id\":\"https:\/\/www.jossois.com\/produto\/guarda-chuva-crianca-manual\/\",\"url\":\"https:\/\/www.jossois.com\/produto\/guarda-chuva-crianca-manual\/\",\"name\":\"Guarda-chuva crian\u00e7a manual - Jossois\",\"isPartOf\":{\"@id\":\"https:\/\/www.jossois.com\/#website\"},\"primaryImageOfPage\":{\"@id\":\"https:\/\/www.jossois.com\/produto\/guarda-chuva-crianca-manual\/#primaryimage\"},\"image\":{\"@id\":\"https:\/\/www.jossois.com\/produto\/guarda-chuva-crianca-manual\/#primaryimage\"},\"thumbnailUrl\":\"https:\/\/www.jossois.com\/wp-content\/uploads\/2023\/02\/indio.png\",\"datePublished\":\"2023-02-15T17:45:39+00:00\",\"dateModified\":\"2025-04-17T09:56:52+00:00\",\"description\":\"Guarda-chuva resistente e personaliz\u00e1vel, com fabrico nacional e materiais de qualidade. Design duradouro e prote\u00e7\u00e3o eficaz contra a chuva\",\"breadcrumb\":{\"@id\":\"https:\/\/www.jossois.com\/produto\/guarda-chuva-crianca-manual\/#breadcrumb\"},\"inLanguage\":\"en-US\",\"potentialAction\":[{\"@type\":\"ReadAction\",\"target\":[\"https:\/\/www.jossois.com\/produto\/guarda-chuva-crianca-manual\/\"]}]},{\"@type\":\"ImageObject\",\"inLanguage\":\"en-US\",\"@id\":\"https:\/\/www.jossois.com\/produto\/guarda-chuva-crianca-manual\/#primaryimage\",\"url\":\"https:\/\/www.jossois.com\/wp-content\/uploads\/2023\/02\/indio.png\",\"contentUrl\":\"https:\/\/www.jossois.com\/wp-content\/uploads\/2023\/02\/indio.png\",\"width\":900,\"height\":900,\"caption\":\"J43\"},{\"@type\":\"BreadcrumbList\",\"@id\":\"https:\/\/www.jossois.com\/produto\/guarda-chuva-crianca-manual\/#breadcrumb\",\"itemListElement\":[{\"@type\":\"ListItem\",\"position\":1,\"name\":\"In\u00edcio\",\"item\":\"https:\/\/www.jossois.com\/en\/\"},{\"@type\":\"ListItem\",\"position\":2,\"name\":\"Shop\",\"item\":\"https:\/\/www.jossois.com\/en\/shop\/\"},{\"@type\":\"ListItem\",\"position\":3,\"name\":\"Guarda-chuva crian\u00e7a manual\"}]},{\"@type\":\"WebSite\",\"@id\":\"https:\/\/www.jossois.com\/#website\",\"url\":\"https:\/\/www.jossois.com\/\",\"name\":\"Jossois\",\"description\":\"Fabricante de Guarda-S\u00f3is e Guarda-Chuvas\",\"potentialAction\":[{\"@type\":\"SearchAction\",\"target\":{\"@type\":\"EntryPoint\",\"urlTemplate\":\"https:\/\/www.jossois.com\/?s={search_term_string}\"},\"query-input\":\"required name=search_term_string\"}],\"inLanguage\":\"en-US\"}]}<\/script>\n<!-- \/ Yoast SEO plugin. -->","yoast_head_json":{"title":"Guarda-chuva crian\u00e7a manual - Jossois","description":"Guarda-chuva resistente e personaliz\u00e1vel, com fabrico nacional e materiais de qualidade. Design duradouro e prote\u00e7\u00e3o eficaz contra a chuva","robots":{"index":"index","follow":"follow","max-snippet":"max-snippet:-1","max-image-preview":"max-image-preview:large","max-video-preview":"max-video-preview:-1"},"canonical":"https:\/\/www.jossois.com\/produto\/guarda-chuva-crianca-manual\/","og_locale":"en_US","og_type":"article","og_title":"Guarda-chuva crian\u00e7a manual - Jossois","og_description":"Guarda-chuva resistente e personaliz\u00e1vel, com fabrico nacional e materiais de qualidade. Design duradouro e prote\u00e7\u00e3o eficaz contra a chuva","og_url":"https:\/\/www.jossois.com\/produto\/guarda-chuva-crianca-manual\/","og_site_name":"Jossois","article_modified_time":"2025-04-17T09:56:52+00:00","og_image":[{"width":900,"height":900,"url":"https:\/\/www.jossois.com\/wp-content\/uploads\/2023\/02\/indio.png","type":"image\/png"}],"twitter_card":"summary_large_image","twitter_misc":{"Est. reading time":"1 minute"},"schema":{"@context":"https:\/\/schema.org","@graph":[{"@type":"WebPage","@id":"https:\/\/www.jossois.com\/produto\/guarda-chuva-crianca-manual\/","url":"https:\/\/www.jossois.com\/produto\/guarda-chuva-crianca-manual\/","name":"Guarda-chuva crian\u00e7a manual - Jossois","isPartOf":{"@id":"https:\/\/www.jossois.com\/#website"},"primaryImageOfPage":{"@id":"https:\/\/www.jossois.com\/produto\/guarda-chuva-crianca-manual\/#primaryimage"},"image":{"@id":"https:\/\/www.jossois.com\/produto\/guarda-chuva-crianca-manual\/#primaryimage"},"thumbnailUrl":"https:\/\/www.jossois.com\/wp-content\/uploads\/2023\/02\/indio.png","datePublished":"2023-02-15T17:45:39+00:00","dateModified":"2025-04-17T09:56:52+00:00","description":"Guarda-chuva resistente e personaliz\u00e1vel, com fabrico nacional e materiais de qualidade. Design duradouro e prote\u00e7\u00e3o eficaz contra a chuva","breadcrumb":{"@id":"https:\/\/www.jossois.com\/produto\/guarda-chuva-crianca-manual\/#breadcrumb"},"inLanguage":"en-US","potentialAction":[{"@type":"ReadAction","target":["https:\/\/www.jossois.com\/produto\/guarda-chuva-crianca-manual\/"]}]},{"@type":"ImageObject","inLanguage":"en-US","@id":"https:\/\/www.jossois.com\/produto\/guarda-chuva-crianca-manual\/#primaryimage","url":"https:\/\/www.jossois.com\/wp-content\/uploads\/2023\/02\/indio.png","contentUrl":"https:\/\/www.jossois.com\/wp-content\/uploads\/2023\/02\/indio.png","width":900,"height":900,"caption":"J43"},{"@type":"BreadcrumbList","@id":"https:\/\/www.jossois.com\/produto\/guarda-chuva-crianca-manual\/#breadcrumb","itemListElement":[{"@type":"ListItem","position":1,"name":"In\u00edcio","item":"https:\/\/www.jossois.com\/en\/"},{"@type":"ListItem","position":2,"name":"Shop","item":"https:\/\/www.jossois.com\/en\/shop\/"},{"@type":"ListItem","position":3,"name":"Guarda-chuva crian\u00e7a manual"}]},{"@type":"WebSite","@id":"https:\/\/www.jossois.com\/#website","url":"https:\/\/www.jossois.com\/","name":"Jossois","description":"Fabricante de Guarda-S\u00f3is e Guarda-Chuvas","potentialAction":[{"@type":"SearchAction","target":{"@type":"EntryPoint","urlTemplate":"https:\/\/www.jossois.com\/?s={search_term_string}"},"query-input":"required name=search_term_string"}],"inLanguage":"en-US"}]}},"_links":{"self":[{"href":"https:\/\/www.jossois.com\/en\/wp-json\/wp\/v2\/product\/4281","targetHints":{"allow":["GET"]}}],"collection":[{"href":"https:\/\/www.jossois.com\/en\/wp-json\/wp\/v2\/product"}],"about":[{"href":"https:\/\/www.jossois.com\/en\/wp-json\/wp\/v2\/types\/product"}],"replies":[{"embeddable":true,"href":"https:\/\/www.jossois.com\/en\/wp-json\/wp\/v2\/comments?post=4281"}],"wp:featuredmedia":[{"embeddable":true,"href":"https:\/\/www.jossois.com\/en\/wp-json\/wp\/v2\/media\/4284"}],"wp:attachment":[{"href":"https:\/\/www.jossois.com\/en\/wp-json\/wp\/v2\/media?parent=4281"}],"wp:term":[{"taxonomy":"product_cat","embeddable":true,"href":"https:\/\/www.jossois.com\/en\/wp-json\/wp\/v2\/product_cat?post=4281"},{"taxonomy":"product_tag","embeddable":true,"href":"https:\/\/www.jossois.com\/en\/wp-json\/wp\/v2\/product_tag?post=4281"}],"curies":[{"name":"wp","href":"https:\/\/api.w.org\/{rel}","templated":true}]}}