{"id":9281,"date":"2023-01-12T11:22:42","date_gmt":"2023-01-12T11:22:42","guid":{"rendered":"https:\/\/jossois.com\/condiciones-generales\/"},"modified":"2023-10-13T09:48:56","modified_gmt":"2023-10-13T09:48:56","slug":"condiciones-generales","status":"publish","type":"page","link":"https:\/\/www.jossois.com\/es\/condiciones-generales\/","title":{"rendered":"Condiciones generales"},"content":{"rendered":"\n<h2 class=\"wp-block-heading\">1. condiciones<\/h2>\n\n<p>Al acceder al sitio web <a href=\"http:\/\/www.jossois.com\/\">de Jossois<\/a>, el usuario acepta cumplir las presentes condiciones de servicio, todas las leyes y reglamentos aplicables, y acepta que es responsable del cumplimiento de todas las leyes locales aplicables. Si no acepta alguna de estas condiciones, se le proh\u00edbe utilizar o acceder a este sitio web. Los materiales de este sitio est\u00e1n protegidos por la legislaci\u00f3n aplicable en materia de derechos de autor y marcas registradas.<\/p>\n\n<h2 class=\"wp-block-heading\">2. Uso de la licencia<\/h2>\n\n<p>Se concede permiso para descargar temporalmente una copia de los materiales (informaci\u00f3n o software) del sitio web de Jossois s\u00f3lo para uso personal, no comercial y transitorio. Se trata de la concesi\u00f3n de una licencia, no de una transferencia de titularidad, y en virtud de esta licencia no se puede:  <\/p>\n\n<ol class=\"wp-block-list\">\n<li>modificar o copiar los materiales;  <\/li>\n\n\n\n<li>utilizar los materiales para cualquier fin comercial o para su exhibici\u00f3n p\u00fablica (comercial o no comercial);  <\/li>\n\n\n\n<li>intentar descompilar o realizar ingenier\u00eda inversa en cualquier software contenido en el sitio web de Jossois;  <\/li>\n\n\n\n<li>eliminar de los materiales cualquier menci\u00f3n relativa a derechos de autor u otros derechos de propiedad; o  <\/li>\n\n\n\n<li>transferir los materiales a otra persona o \u00abreflejar\u00bb los materiales en cualquier otro servidor.<\/li>\n<\/ol>\n\n<p>Esta licencia terminar\u00e1 autom\u00e1ticamente si Usted incumple cualquiera de estas restricciones y puede ser terminada por Jossois en cualquier momento. Cuando deje de ver estos materiales o cuando finalice esta licencia, deber\u00e1 eliminar todos los materiales descargados que est\u00e9n en su posesi\u00f3n, ya sea en formato electr\u00f3nico o impreso.<\/p>\n\n<h2 class=\"wp-block-heading\">3. Descargo de responsabilidad<\/h2>\n\n<ol class=\"wp-block-list\">\n<li>Los materiales del sitio web de Jossois se proporcionan \u00abtal cual\u00bb. Jossois no ofrece ninguna garant\u00eda, expl\u00edcita o impl\u00edcita, y por la presente renuncia y niega cualquier otra garant\u00eda, incluidas, a t\u00edtulo enunciativo y no limitativo, las garant\u00edas o condiciones impl\u00edcitas de comerciabilidad, idoneidad para un fin determinado o ausencia de infracci\u00f3n de la propiedad intelectual o industrial u otros derechos.<\/li>\n\n\n\n<li>Adem\u00e1s, Jossois no garantiza ni efect\u00faa declaraci\u00f3n alguna en relaci\u00f3n con la exactitud, los resultados probables o la fiabilidad del uso de los materiales incluidos en su sitio web o relacionados de cualquier otra forma con dichos materiales o en cualquier sitio enlazado a este sitio.<\/li>\n<\/ol>\n\n<h2 class=\"wp-block-heading\">4. Limitaciones<\/h2>\n\n<p>En ning\u00fan caso Jossois o sus proveedores ser\u00e1n responsables de da\u00f1o alguno (incluidos, a t\u00edtulo enunciativo y no limitativo, da\u00f1os por p\u00e9rdida de datos o beneficios, o debidos a la interrupci\u00f3n de la actividad comercial) que surja del uso o de la imposibilidad de uso de los materiales de Jossois, aun cuando Jossois o un representante autorizado de Jossois haya sido informado, verbalmente o por escrito, de la posibilidad de tales da\u00f1os. Dado que algunas jurisdicciones no permiten limitaciones en las garant\u00edas impl\u00edcitas, o limitaciones de responsabilidad por da\u00f1os consecuenciales o incidentales, estas limitaciones pueden no aplicarse en su caso.<\/p>\n\n<h2 class=\"wp-block-heading\">5. Exactitud de los materiales<\/h2>\n\n<p>Los materiales que aparecen en el sitio web de Jossois podr\u00edan incluir errores t\u00e9cnicos, tipogr\u00e1ficos o fotogr\u00e1ficos. Jossois no garantiza que el material contenido en su sitio web sea preciso, completo o actual. Jossois podr\u00e1 realizar cambios en los materiales contenidos en su sitio web en cualquier momento y sin previo aviso. Sin embargo, Jossois no se compromete a actualizar los materiales.<\/p>\n\n<h2 class=\"wp-block-heading\">6. Enlaces<\/h2>\n\n<p>Jossois no ha analizado todos los sitios vinculados a su sitio y no es responsable del contenido de ning\u00fan sitio vinculado. La inclusi\u00f3n de cualquier enlace no implica la aprobaci\u00f3n del sitio por parte de Jossois. El uso de cualquier sitio enlazado corre por cuenta y riesgo del usuario.<\/p>\n\n<h3 class=\"wp-block-heading\">Modificaciones<\/h3>\n\n<p>Jossois puede revisar estas condiciones de servicio del sitio web en cualquier momento y sin previo aviso. Al utilizar este sitio, usted acepta quedar vinculado por la versi\u00f3n actual de estas condiciones de servicio.<\/p>\n\n<h3 class=\"wp-block-heading\">Legislaci\u00f3n aplicable<\/h3>\n\n<p>Estos t\u00e9rminos y condiciones se rigen e interpretan de acuerdo con las leyes de Jossois y usted se somete irrevocablemente a la jurisdicci\u00f3n exclusiva de los tribunales de ese estado o localidad.<\/p>\n","protected":false},"excerpt":{"rendered":"<p>1. condiciones Al acceder al sitio web de Jossois, el usuario acepta cumplir las presentes condiciones de servicio, todas las leyes y reglamentos aplicables, y acepta que es responsable del cumplimiento de todas las leyes locales aplicables. Si no acepta alguna de estas condiciones, se le proh\u00edbe utilizar o acceder a este sitio web. Los [&hellip;]<\/p>\n","protected":false},"author":1,"featured_media":0,"parent":0,"menu_order":0,"comment_status":"closed","ping_status":"closed","template":"","meta":{"footnotes":""},"class_list":["post-9281","page","type-page","status-publish","hentry"],"acf":[],"yoast_head":"<!-- This site is optimized with the Yoast SEO plugin v23.0 - https:\/\/yoast.com\/wordpress\/plugins\/seo\/ -->\n<title>Condiciones generales - Jossois<\/title>\n<meta name=\"robots\" content=\"index, follow, max-snippet:-1, max-image-preview:large, max-video-preview:-1\" \/>\n<link rel=\"canonical\" href=\"https:\/\/www.jossois.com\/es\/condiciones-generales\/\" \/>\n<meta property=\"og:locale\" content=\"es_ES\" \/>\n<meta property=\"og:type\" content=\"article\" \/>\n<meta property=\"og:title\" content=\"Condiciones generales - Jossois\" \/>\n<meta property=\"og:description\" content=\"1. condiciones Al acceder al sitio web de Jossois, el usuario acepta cumplir las presentes condiciones de servicio, todas las leyes y reglamentos aplicables, y acepta que es responsable del cumplimiento de todas las leyes locales aplicables. Si no acepta alguna de estas condiciones, se le proh\u00edbe utilizar o acceder a este sitio web. Los [&hellip;]\" \/>\n<meta property=\"og:url\" content=\"https:\/\/www.jossois.com\/es\/condiciones-generales\/\" \/>\n<meta property=\"og:site_name\" content=\"Jossois\" \/>\n<meta property=\"article:modified_time\" content=\"2023-10-13T09:48:56+00:00\" \/>\n<meta name=\"twitter:card\" content=\"summary_large_image\" \/>\n<meta name=\"twitter:label1\" content=\"Tiempo de lectura\" \/>\n\t<meta name=\"twitter:data1\" content=\"3 minutos\" \/>\n<script type=\"application\/ld+json\" class=\"yoast-schema-graph\">{\"@context\":\"https:\/\/schema.org\",\"@graph\":[{\"@type\":\"WebPage\",\"@id\":\"https:\/\/www.jossois.com\/es\/condiciones-generales\/\",\"url\":\"https:\/\/www.jossois.com\/es\/condiciones-generales\/\",\"name\":\"Condiciones generales - Jossois\",\"isPartOf\":{\"@id\":\"https:\/\/www.jossois.com\/#website\"},\"datePublished\":\"2023-01-12T11:22:42+00:00\",\"dateModified\":\"2023-10-13T09:48:56+00:00\",\"breadcrumb\":{\"@id\":\"https:\/\/www.jossois.com\/es\/condiciones-generales\/#breadcrumb\"},\"inLanguage\":\"es\",\"potentialAction\":[{\"@type\":\"ReadAction\",\"target\":[\"https:\/\/www.jossois.com\/es\/condiciones-generales\/\"]}]},{\"@type\":\"BreadcrumbList\",\"@id\":\"https:\/\/www.jossois.com\/es\/condiciones-generales\/#breadcrumb\",\"itemListElement\":[{\"@type\":\"ListItem\",\"position\":1,\"name\":\"In\u00edcio\",\"item\":\"https:\/\/www.jossois.com\/es\/\"},{\"@type\":\"ListItem\",\"position\":2,\"name\":\"Condiciones generales\"}]},{\"@type\":\"WebSite\",\"@id\":\"https:\/\/www.jossois.com\/#website\",\"url\":\"https:\/\/www.jossois.com\/\",\"name\":\"Jossois\",\"description\":\"Fabricante de Guarda-S\u00f3is e Guarda-Chuvas\",\"potentialAction\":[{\"@type\":\"SearchAction\",\"target\":{\"@type\":\"EntryPoint\",\"urlTemplate\":\"https:\/\/www.jossois.com\/?s={search_term_string}\"},\"query-input\":\"required name=search_term_string\"}],\"inLanguage\":\"es\"}]}<\/script>\n<!-- \/ Yoast SEO plugin. -->","yoast_head_json":{"title":"Condiciones generales - Jossois","robots":{"index":"index","follow":"follow","max-snippet":"max-snippet:-1","max-image-preview":"max-image-preview:large","max-video-preview":"max-video-preview:-1"},"canonical":"https:\/\/www.jossois.com\/es\/condiciones-generales\/","og_locale":"es_ES","og_type":"article","og_title":"Condiciones generales - Jossois","og_description":"1. condiciones Al acceder al sitio web de Jossois, el usuario acepta cumplir las presentes condiciones de servicio, todas las leyes y reglamentos aplicables, y acepta que es responsable del cumplimiento de todas las leyes locales aplicables. Si no acepta alguna de estas condiciones, se le proh\u00edbe utilizar o acceder a este sitio web. Los [&hellip;]","og_url":"https:\/\/www.jossois.com\/es\/condiciones-generales\/","og_site_name":"Jossois","article_modified_time":"2023-10-13T09:48:56+00:00","twitter_card":"summary_large_image","twitter_misc":{"Tiempo de lectura":"3 minutos"},"schema":{"@context":"https:\/\/schema.org","@graph":[{"@type":"WebPage","@id":"https:\/\/www.jossois.com\/es\/condiciones-generales\/","url":"https:\/\/www.jossois.com\/es\/condiciones-generales\/","name":"Condiciones generales - Jossois","isPartOf":{"@id":"https:\/\/www.jossois.com\/#website"},"datePublished":"2023-01-12T11:22:42+00:00","dateModified":"2023-10-13T09:48:56+00:00","breadcrumb":{"@id":"https:\/\/www.jossois.com\/es\/condiciones-generales\/#breadcrumb"},"inLanguage":"es","potentialAction":[{"@type":"ReadAction","target":["https:\/\/www.jossois.com\/es\/condiciones-generales\/"]}]},{"@type":"BreadcrumbList","@id":"https:\/\/www.jossois.com\/es\/condiciones-generales\/#breadcrumb","itemListElement":[{"@type":"ListItem","position":1,"name":"In\u00edcio","item":"https:\/\/www.jossois.com\/es\/"},{"@type":"ListItem","position":2,"name":"Condiciones generales"}]},{"@type":"WebSite","@id":"https:\/\/www.jossois.com\/#website","url":"https:\/\/www.jossois.com\/","name":"Jossois","description":"Fabricante de Guarda-S\u00f3is e Guarda-Chuvas","potentialAction":[{"@type":"SearchAction","target":{"@type":"EntryPoint","urlTemplate":"https:\/\/www.jossois.com\/?s={search_term_string}"},"query-input":"required name=search_term_string"}],"inLanguage":"es"}]}},"_links":{"self":[{"href":"https:\/\/www.jossois.com\/es\/wp-json\/wp\/v2\/pages\/9281","targetHints":{"allow":["GET"]}}],"collection":[{"href":"https:\/\/www.jossois.com\/es\/wp-json\/wp\/v2\/pages"}],"about":[{"href":"https:\/\/www.jossois.com\/es\/wp-json\/wp\/v2\/types\/page"}],"author":[{"embeddable":true,"href":"https:\/\/www.jossois.com\/es\/wp-json\/wp\/v2\/users\/1"}],"replies":[{"embeddable":true,"href":"https:\/\/www.jossois.com\/es\/wp-json\/wp\/v2\/comments?post=9281"}],"version-history":[{"count":1,"href":"https:\/\/www.jossois.com\/es\/wp-json\/wp\/v2\/pages\/9281\/revisions"}],"predecessor-version":[{"id":9293,"href":"https:\/\/www.jossois.com\/es\/wp-json\/wp\/v2\/pages\/9281\/revisions\/9293"}],"wp:attachment":[{"href":"https:\/\/www.jossois.com\/es\/wp-json\/wp\/v2\/media?parent=9281"}],"curies":[{"name":"wp","href":"https:\/\/api.w.org\/{rel}","templated":true}]}}