{"id":9370,"date":"2022-11-25T13:31:19","date_gmt":"2022-11-25T13:31:19","guid":{"rendered":"https:\/\/jossois.com\/productos\/parasol\/"},"modified":"2025-07-07T12:02:27","modified_gmt":"2025-07-07T12:02:27","slug":"parasol","status":"publish","type":"page","link":"https:\/\/www.jossois.com\/es\/productos\/parasol\/","title":{"rendered":"Parasol"},"content":{"rendered":"\t\t<div data-elementor-type=\"wp-page\" data-elementor-id=\"9370\" class=\"elementor elementor-9370 elementor-933\" data-elementor-post-type=\"page\">\n\t\t\t\t\t\t<section class=\"porto-full-no-gap elementor-section elementor-top-section elementor-element elementor-element-a509fe7 elementor-section-full_width elementor-section-height-min-height elementor-section-stretched elementor-section-height-default elementor-section-items-middle\" data-id=\"a509fe7\" data-element_type=\"section\" data-settings=\"{&quot;background_background&quot;:&quot;classic&quot;,&quot;stretch_section&quot;:&quot;section-stretched&quot;}\">\r\n\t\t\t\t\t\t<div class=\"elementor-background-overlay\"><\/div>\r\n\t\t\t\r\n\t\t\t\t\t\t\t<div class=\"elementor-container elementor-column-gap-no\">\r\n\t\t\t\t\t\t\t\t\t\t\t<div class=\"elementor-column elementor-col-100 elementor-top-column elementor-element elementor-element-3508e58\" data-id=\"3508e58\" data-element_type=\"column\">\r\n\t\t\t\t\t<div class=\"elementor-widget-wrap elementor-element-populated\">\r\n\t\t\t\t\t\t\t\t<div class=\"elementor-element elementor-element-b938fa5 px-4 mb-2 w-auto elementor-invisible elementor-widget elementor-widget-heading\" data-id=\"b938fa5\" data-element_type=\"widget\" data-settings=\"{&quot;_animation&quot;:&quot;fadeInDown&quot;}\" data-widget_type=\"heading.default\">\n\t\t\t\t<div class=\"elementor-widget-container\">\n\t\t\t<style>\/*! elementor - v3.23.0 - 15-07-2024 *\/\n.elementor-heading-title{padding:0;margin:0;line-height:1}.elementor-widget-heading .elementor-heading-title[class*=elementor-size-]>a{color:inherit;font-size:inherit;line-height:inherit}.elementor-widget-heading .elementor-heading-title.elementor-size-small{font-size:15px}.elementor-widget-heading .elementor-heading-title.elementor-size-medium{font-size:19px}.elementor-widget-heading .elementor-heading-title.elementor-size-large{font-size:29px}.elementor-widget-heading .elementor-heading-title.elementor-size-xl{font-size:39px}.elementor-widget-heading .elementor-heading-title.elementor-size-xxl{font-size:59px}<\/style><h4 class=\"elementor-heading-title elementor-size-default\">PRODUCTOS<\/h4>\t\t<\/div>\n\t\t\t\t<\/div>\n\t\t\t\t<div class=\"elementor-element elementor-element-a4ccbc5 mb-3 elementor-invisible elementor-widget elementor-widget-heading\" data-id=\"a4ccbc5\" data-element_type=\"widget\" data-settings=\"{&quot;_animation&quot;:&quot;fadeInDown&quot;,&quot;_animation_delay&quot;:300}\" data-widget_type=\"heading.default\">\n\t\t\t\t<div class=\"elementor-widget-container\">\n\t\t\t<h2 class=\"elementor-heading-title elementor-size-default\">Parasol<\/h2>\t\t<\/div>\n\t\t\t\t<\/div>\n\t\t\t\t<div class=\"elementor-element elementor-element-a9eca76 elementor-widget elementor-widget-porto_ultimate_heading\" data-id=\"a9eca76\" data-element_type=\"widget\" data-widget_type=\"porto_ultimate_heading.default\">\n\t\t\t\t<div class=\"elementor-widget-container\">\n\t\t\t<div class=\"porto-u-heading  porto-u-6577\"><div class=\"porto-u-main-heading\"><div   >Elija su sombrilla para la terraza, la piscina, el jard\u00edn o cualquier evento. Una amplia gama de modelos para diferentes segmentos 100% personalizables<\/div><\/div><style>.porto-u-6577.porto-u-heading{text-align:center}<\/style><\/div>\t\t<\/div>\n\t\t\t\t<\/div>\n\t\t\t\t\t<\/div>\r\n\t\t\t\t<\/div>\r\n\t\t\t\t\t<\/div>\r\n\t\t\t\t<\/section>\r\n\t\t\t\t<section class=\"elementor-section elementor-top-section elementor-element elementor-element-84b31e1 elementor-section-stretched elementor-section-boxed elementor-section-height-default elementor-section-height-default\" data-id=\"84b31e1\" data-element_type=\"section\" data-settings=\"{&quot;stretch_section&quot;:&quot;section-stretched&quot;}\">\r\n\t\t\r\n\t\t\t\t\t\t\t<div class=\"elementor-container elementor-column-gap-default\">\r\n\t\t\t\t\t\t\t\t\t\t\t<div class=\"elementor-column elementor-col-25 elementor-top-column elementor-element elementor-element-dd426de\" data-id=\"dd426de\" data-element_type=\"column\" data-settings=\"{&quot;background_background&quot;:&quot;classic&quot;}\">\r\n\t\t\t\t\t<div class=\"elementor-widget-wrap elementor-element-populated\">\r\n\t\t\t\t\t\t\t\t<div class=\"elementor-element elementor-element-05af590 elementor-widget elementor-widget-image\" data-id=\"05af590\" data-element_type=\"widget\" data-widget_type=\"image.default\">\n\t\t\t\t<div class=\"elementor-widget-container\">\n\t\t\t<style>\/*! elementor - v3.23.0 - 15-07-2024 *\/\n.elementor-widget-image{text-align:center}.elementor-widget-image a{display:inline-block}.elementor-widget-image a img[src$=\".svg\"]{width:48px}.elementor-widget-image img{vertical-align:middle;display:inline-block}<\/style>\t\t\t\t\t\t\t\t\t\t<img fetchpriority=\"high\" decoding=\"async\" width=\"600\" height=\"863\" src=\"https:\/\/www.jossois.com\/wp-content\/uploads\/2023\/01\/colecao-Standard-600x863-1.png\" class=\"attachment-large size-large wp-image-1746\" alt=\"\" srcset=\"https:\/\/www.jossois.com\/wp-content\/uploads\/2023\/01\/colecao-Standard-600x863-1.png 600w, https:\/\/www.jossois.com\/wp-content\/uploads\/2023\/01\/colecao-Standard-600x863-1-400x575.png 400w, https:\/\/www.jossois.com\/wp-content\/uploads\/2023\/01\/colecao-Standard-600x863-1-367x528.png 367w\" sizes=\"(max-width: 600px) 100vw, 600px\" \/>\t\t\t\t\t\t\t\t\t\t\t\t\t<\/div>\n\t\t\t\t<\/div>\n\t\t\t\t<div class=\"elementor-element elementor-element-1beedb4 elementor-widget elementor-widget-porto_ultimate_heading\" data-id=\"1beedb4\" data-element_type=\"widget\" data-widget_type=\"porto_ultimate_heading.default\">\n\t\t\t\t<div class=\"elementor-widget-container\">\n\t\t\t<div class=\"porto-u-heading  porto-u-8354\"><div class=\"porto-u-main-heading\"><h2   >Colecci\u00f3n est\u00e1ndar<\/h2><\/div><div class=\"porto-u-sub-heading\" style=\"\"><p>Nuestra colecci\u00f3n de sombrillas adecuadas para establecimientos comerciales con terraza.<\/p><\/div><style>.porto-u-8354.porto-u-heading{text-align:center}<\/style><\/div>\t\t<\/div>\n\t\t\t\t<\/div>\n\t\t\t\t<div class=\"elementor-element elementor-element-12f4b93 elementor-align-center elementor-widget elementor-widget-button\" data-id=\"12f4b93\" data-element_type=\"widget\" data-widget_type=\"button.default\">\n\t\t\t\t<div class=\"elementor-widget-container\">\n\t\t\t\t\t<div class=\"elementor-button-wrapper\">\n\t\t\t<a class=\"elementor-button elementor-button-link elementor-size-sm\" href=\"https:\/\/jossois.com\/categoria\/guarda-sois\/colecao-standard\/\">\n\t\t\t\t\t\t<span class=\"elementor-button-content-wrapper\">\n\t\t\t\t\t\t\t\t\t<span class=\"elementor-button-text\">Ver la colecci\u00f3n<\/span>\n\t\t\t\t\t<\/span>\n\t\t\t\t\t<\/a>\n\t\t<\/div>\n\t\t\t\t<\/div>\n\t\t\t\t<\/div>\n\t\t\t\t\t<\/div>\r\n\t\t\t\t<\/div>\r\n\t\t\t\t<div class=\"elementor-column elementor-col-25 elementor-top-column elementor-element elementor-element-2c109a4\" data-id=\"2c109a4\" data-element_type=\"column\" data-settings=\"{&quot;background_background&quot;:&quot;classic&quot;}\">\r\n\t\t\t\t\t<div class=\"elementor-widget-wrap elementor-element-populated\">\r\n\t\t\t\t\t\t\t\t<div class=\"elementor-element elementor-element-cf7f16f elementor-widget elementor-widget-image\" data-id=\"cf7f16f\" data-element_type=\"widget\" data-widget_type=\"image.default\">\n\t\t\t\t<div class=\"elementor-widget-container\">\n\t\t\t\t\t\t\t\t\t\t\t\t\t<img decoding=\"async\" width=\"600\" height=\"867\" src=\"https:\/\/www.jossois.com\/wp-content\/uploads\/2023\/01\/colecao-Relax-600x867-1.png\" class=\"attachment-large size-large wp-image-1744\" alt=\"\" srcset=\"https:\/\/www.jossois.com\/wp-content\/uploads\/2023\/01\/colecao-Relax-600x867-1.png 600w, https:\/\/www.jossois.com\/wp-content\/uploads\/2023\/01\/colecao-Relax-600x867-1-400x578.png 400w, https:\/\/www.jossois.com\/wp-content\/uploads\/2023\/01\/colecao-Relax-600x867-1-367x530.png 367w\" sizes=\"(max-width: 600px) 100vw, 600px\" \/>\t\t\t\t\t\t\t\t\t\t\t\t\t<\/div>\n\t\t\t\t<\/div>\n\t\t\t\t<div class=\"elementor-element elementor-element-65a15dc elementor-widget elementor-widget-porto_ultimate_heading\" data-id=\"65a15dc\" data-element_type=\"widget\" data-widget_type=\"porto_ultimate_heading.default\">\n\t\t\t\t<div class=\"elementor-widget-container\">\n\t\t\t<div class=\"porto-u-heading  porto-u-3718\"><div class=\"porto-u-main-heading\"><h2   >Colecci\u00f3n Relax<\/h2><\/div><div class=\"porto-u-sub-heading\" style=\"\"><p>Nuestra colecci\u00f3n de sombrillas m\u00e1s peque\u00f1as, que suelen utilizarse en la playa o sus alrededores.<\/p><\/div><style>.porto-u-3718.porto-u-heading{text-align:center}<\/style><\/div>\t\t<\/div>\n\t\t\t\t<\/div>\n\t\t\t\t<div class=\"elementor-element elementor-element-cc97365 elementor-align-center elementor-widget elementor-widget-button\" data-id=\"cc97365\" data-element_type=\"widget\" data-widget_type=\"button.default\">\n\t\t\t\t<div class=\"elementor-widget-container\">\n\t\t\t\t\t<div class=\"elementor-button-wrapper\">\n\t\t\t<a class=\"elementor-button elementor-button-link elementor-size-sm\" href=\"https:\/\/jossois.com\/categoria\/guarda-sois\/colecao-relax\/\">\n\t\t\t\t\t\t<span class=\"elementor-button-content-wrapper\">\n\t\t\t\t\t\t\t\t\t<span class=\"elementor-button-text\">Ver la colecci\u00f3n<\/span>\n\t\t\t\t\t<\/span>\n\t\t\t\t\t<\/a>\n\t\t<\/div>\n\t\t\t\t<\/div>\n\t\t\t\t<\/div>\n\t\t\t\t\t<\/div>\r\n\t\t\t\t<\/div>\r\n\t\t\t\t<div class=\"elementor-column elementor-col-25 elementor-top-column elementor-element elementor-element-d8a8930\" data-id=\"d8a8930\" data-element_type=\"column\" data-settings=\"{&quot;background_background&quot;:&quot;classic&quot;}\">\r\n\t\t\t\t\t<div class=\"elementor-widget-wrap elementor-element-populated\">\r\n\t\t\t\t\t\t\t\t<div class=\"elementor-element elementor-element-e327b03 elementor-widget elementor-widget-image\" data-id=\"e327b03\" data-element_type=\"widget\" data-widget_type=\"image.default\">\n\t\t\t\t<div class=\"elementor-widget-container\">\n\t\t\t\t\t\t\t\t\t\t\t\t\t<img decoding=\"async\" width=\"600\" height=\"866\" src=\"https:\/\/www.jossois.com\/wp-content\/uploads\/2023\/01\/colecao-Premium-600x866-1.png\" class=\"attachment-large size-large wp-image-1743\" alt=\"\" srcset=\"https:\/\/www.jossois.com\/wp-content\/uploads\/2023\/01\/colecao-Premium-600x866-1.png 600w, https:\/\/www.jossois.com\/wp-content\/uploads\/2023\/01\/colecao-Premium-600x866-1-400x577.png 400w, https:\/\/www.jossois.com\/wp-content\/uploads\/2023\/01\/colecao-Premium-600x866-1-367x530.png 367w\" sizes=\"(max-width: 600px) 100vw, 600px\" \/>\t\t\t\t\t\t\t\t\t\t\t\t\t<\/div>\n\t\t\t\t<\/div>\n\t\t\t\t<div class=\"elementor-element elementor-element-fde01a0 elementor-widget elementor-widget-porto_ultimate_heading\" data-id=\"fde01a0\" data-element_type=\"widget\" data-widget_type=\"porto_ultimate_heading.default\">\n\t\t\t\t<div class=\"elementor-widget-container\">\n\t\t\t<div class=\"porto-u-heading  porto-u-8830\"><div class=\"porto-u-main-heading\"><h2   >Colecci\u00f3n Premium<\/h2><\/div><div class=\"porto-u-sub-heading\" style=\"\"><p>Nuestra colecci\u00f3n de sombrillas de alta gama. Adecuado para hoteles, locales con decoraci\u00f3n de alta gama, actos sociales con un p\u00fablico limitado.<\/p><\/div><style>.porto-u-8830.porto-u-heading{text-align:center}<\/style><\/div>\t\t<\/div>\n\t\t\t\t<\/div>\n\t\t\t\t<div class=\"elementor-element elementor-element-9345329 elementor-align-center elementor-widget elementor-widget-button\" data-id=\"9345329\" data-element_type=\"widget\" data-widget_type=\"button.default\">\n\t\t\t\t<div class=\"elementor-widget-container\">\n\t\t\t\t\t<div class=\"elementor-button-wrapper\">\n\t\t\t<a class=\"elementor-button elementor-button-link elementor-size-sm\" href=\"https:\/\/jossois.com\/categoria\/guarda-sois\/colecao-premium\/\">\n\t\t\t\t\t\t<span class=\"elementor-button-content-wrapper\">\n\t\t\t\t\t\t\t\t\t<span class=\"elementor-button-text\">Ver la colecci\u00f3n<\/span>\n\t\t\t\t\t<\/span>\n\t\t\t\t\t<\/a>\n\t\t<\/div>\n\t\t\t\t<\/div>\n\t\t\t\t<\/div>\n\t\t\t\t\t<\/div>\r\n\t\t\t\t<\/div>\r\n\t\t\t\t<div class=\"elementor-column elementor-col-25 elementor-top-column elementor-element elementor-element-98f3841\" data-id=\"98f3841\" data-element_type=\"column\" data-settings=\"{&quot;background_background&quot;:&quot;classic&quot;}\">\r\n\t\t\t\t\t<div class=\"elementor-widget-wrap elementor-element-populated\">\r\n\t\t\t\t\t\t\t\t<div class=\"elementor-element elementor-element-13d1998 elementor-widget elementor-widget-image\" data-id=\"13d1998\" data-element_type=\"widget\" data-widget_type=\"image.default\">\n\t\t\t\t<div class=\"elementor-widget-container\">\n\t\t\t\t\t\t\t\t\t\t\t\t\t<img loading=\"lazy\" decoding=\"async\" width=\"600\" height=\"862\" src=\"https:\/\/www.jossois.com\/wp-content\/uploads\/2023\/01\/Acessorios-01-600x862-1.png\" class=\"attachment-large size-large wp-image-1742\" alt=\"\" srcset=\"https:\/\/www.jossois.com\/wp-content\/uploads\/2023\/01\/Acessorios-01-600x862-1.png 600w, https:\/\/www.jossois.com\/wp-content\/uploads\/2023\/01\/Acessorios-01-600x862-1-400x575.png 400w, https:\/\/www.jossois.com\/wp-content\/uploads\/2023\/01\/Acessorios-01-600x862-1-367x527.png 367w\" sizes=\"(max-width: 600px) 100vw, 600px\" \/>\t\t\t\t\t\t\t\t\t\t\t\t\t<\/div>\n\t\t\t\t<\/div>\n\t\t\t\t<div class=\"elementor-element elementor-element-be1fcde elementor-widget elementor-widget-porto_ultimate_heading\" data-id=\"be1fcde\" data-element_type=\"widget\" data-widget_type=\"porto_ultimate_heading.default\">\n\t\t\t\t<div class=\"elementor-widget-container\">\n\t\t\t<div class=\"porto-u-heading  porto-u-3094\"><div class=\"porto-u-main-heading\"><h2   >Accesorios para sombrillas<\/h2><\/div><div class=\"porto-u-sub-heading\" style=\"\"><p>Accesorios para sombrillas, como cubiertas protectoras, canalones, jardineras, separadores, iluminaci\u00f3n, etc.<\/p><\/div><style>.porto-u-3094.porto-u-heading{text-align:center}<\/style><\/div>\t\t<\/div>\n\t\t\t\t<\/div>\n\t\t\t\t<div class=\"elementor-element elementor-element-3bab9aa elementor-align-center elementor-widget elementor-widget-button\" data-id=\"3bab9aa\" data-element_type=\"widget\" data-widget_type=\"button.default\">\n\t\t\t\t<div class=\"elementor-widget-container\">\n\t\t\t\t\t<div class=\"elementor-button-wrapper\">\n\t\t\t<a class=\"elementor-button elementor-button-link elementor-size-sm\" href=\"https:\/\/jossois.com\/categoria\/guarda-sois\/acessorios\/\">\n\t\t\t\t\t\t<span class=\"elementor-button-content-wrapper\">\n\t\t\t\t\t\t\t\t\t<span class=\"elementor-button-text\">Ver la colecci\u00f3n<\/span>\n\t\t\t\t\t<\/span>\n\t\t\t\t\t<\/a>\n\t\t<\/div>\n\t\t\t\t<\/div>\n\t\t\t\t<\/div>\n\t\t\t\t\t<\/div>\r\n\t\t\t\t<\/div>\r\n\t\t\t\t\t<\/div>\r\n\t\t\t\t<\/section>\r\n\t\t\t\t<section class=\"elementor-section elementor-top-section elementor-element elementor-element-5750658 elementor-section-boxed elementor-section-height-default elementor-section-height-default\" data-id=\"5750658\" data-element_type=\"section\">\r\n\t\t\r\n\t\t\t\t\t\t\t<div class=\"elementor-container elementor-column-gap-default\">\r\n\t\t\t\t\t\t\t\t\t\t\t<div class=\"elementor-column elementor-col-100 elementor-top-column elementor-element elementor-element-9c3ab6e\" data-id=\"9c3ab6e\" data-element_type=\"column\">\r\n\t\t\t\t\t<div class=\"elementor-widget-wrap elementor-element-populated\">\r\n\t\t\t\t\t\t\t\t<div class=\"elementor-element elementor-element-9071ab8 elementor-align-justify elementor-widget elementor-widget-button\" data-id=\"9071ab8\" data-element_type=\"widget\" data-widget_type=\"button.default\">\n\t\t\t\t<div class=\"elementor-widget-container\">\n\t\t\t\t\t<div class=\"elementor-button-wrapper\">\n\t\t\t<a class=\"elementor-button elementor-button-link elementor-size-sm\" href=\"https:\/\/www.dropbox.com\/scl\/fo\/stxy9ydi1j4wuw95f96ta\/AFwswnoUxdCHIOYgowylj_U?rlkey=k6w8dtjehk383h2fx2425rmrh&#038;e=1&#038;st=gozmvqnx&#038;dl=0\">\n\t\t\t\t\t\t<span class=\"elementor-button-content-wrapper\">\n\t\t\t\t\t\t\t\t\t<span class=\"elementor-button-text\">Descargar cat\u00e1logo<\/span>\n\t\t\t\t\t<\/span>\n\t\t\t\t\t<\/a>\n\t\t<\/div>\n\t\t\t\t<\/div>\n\t\t\t\t<\/div>\n\t\t\t\t\t<\/div>\r\n\t\t\t\t<\/div>\r\n\t\t\t\t\t<\/div>\r\n\t\t\t\t<\/section>\r\n\t\t\t\t<\/div>\n\t\t","protected":false},"excerpt":{"rendered":"<p>PRODUCTOS Parasol Elija su sombrilla para la terraza, la piscina, el jard\u00edn o cualquier evento. Una amplia gama de modelos para diferentes segmentos 100% personalizables Colecci\u00f3n est\u00e1ndar Nuestra colecci\u00f3n de sombrillas adecuadas para establecimientos comerciales con terraza. Ver la colecci\u00f3n Colecci\u00f3n Relax Nuestra colecci\u00f3n de sombrillas m\u00e1s peque\u00f1as, que suelen utilizarse en la playa o [&hellip;]<\/p>\n","protected":false},"author":1,"featured_media":0,"parent":9270,"menu_order":0,"comment_status":"closed","ping_status":"closed","template":"","meta":{"footnotes":""},"class_list":["post-9370","page","type-page","status-publish","hentry"],"acf":[],"yoast_head":"<!-- This site is optimized with the Yoast SEO plugin v23.0 - https:\/\/yoast.com\/wordpress\/plugins\/seo\/ -->\n<title>Parasol - Jossois<\/title>\n<meta name=\"robots\" content=\"index, follow, max-snippet:-1, max-image-preview:large, max-video-preview:-1\" \/>\n<link rel=\"canonical\" href=\"https:\/\/www.jossois.com\/es\/productos\/parasol\/\" \/>\n<meta property=\"og:locale\" content=\"es_ES\" \/>\n<meta property=\"og:type\" content=\"article\" \/>\n<meta property=\"og:title\" content=\"Parasol - Jossois\" \/>\n<meta property=\"og:description\" content=\"PRODUCTOS Parasol Elija su sombrilla para la terraza, la piscina, el jard\u00edn o cualquier evento. Una amplia gama de modelos para diferentes segmentos 100% personalizables Colecci\u00f3n est\u00e1ndar Nuestra colecci\u00f3n de sombrillas adecuadas para establecimientos comerciales con terraza. Ver la colecci\u00f3n Colecci\u00f3n Relax Nuestra colecci\u00f3n de sombrillas m\u00e1s peque\u00f1as, que suelen utilizarse en la playa o [&hellip;]\" \/>\n<meta property=\"og:url\" content=\"https:\/\/www.jossois.com\/es\/productos\/parasol\/\" \/>\n<meta property=\"og:site_name\" content=\"Jossois\" \/>\n<meta property=\"article:modified_time\" content=\"2025-07-07T12:02:27+00:00\" \/>\n<meta property=\"og:image\" content=\"https:\/\/www.jossois.com\/wp-content\/uploads\/2023\/01\/colecao-Standard-600x863-1.png\" \/>\n<meta name=\"twitter:card\" content=\"summary_large_image\" \/>\n<meta name=\"twitter:label1\" content=\"Tiempo de lectura\" \/>\n\t<meta name=\"twitter:data1\" content=\"2 minutos\" \/>\n<script type=\"application\/ld+json\" class=\"yoast-schema-graph\">{\"@context\":\"https:\/\/schema.org\",\"@graph\":[{\"@type\":\"WebPage\",\"@id\":\"https:\/\/www.jossois.com\/es\/productos\/parasol\/\",\"url\":\"https:\/\/www.jossois.com\/es\/productos\/parasol\/\",\"name\":\"Parasol - Jossois\",\"isPartOf\":{\"@id\":\"https:\/\/www.jossois.com\/#website\"},\"primaryImageOfPage\":{\"@id\":\"https:\/\/www.jossois.com\/es\/productos\/parasol\/#primaryimage\"},\"image\":{\"@id\":\"https:\/\/www.jossois.com\/es\/productos\/parasol\/#primaryimage\"},\"thumbnailUrl\":\"https:\/\/www.jossois.com\/wp-content\/uploads\/2023\/01\/colecao-Standard-600x863-1.png\",\"datePublished\":\"2022-11-25T13:31:19+00:00\",\"dateModified\":\"2025-07-07T12:02:27+00:00\",\"breadcrumb\":{\"@id\":\"https:\/\/www.jossois.com\/es\/productos\/parasol\/#breadcrumb\"},\"inLanguage\":\"es\",\"potentialAction\":[{\"@type\":\"ReadAction\",\"target\":[\"https:\/\/www.jossois.com\/es\/productos\/parasol\/\"]}]},{\"@type\":\"ImageObject\",\"inLanguage\":\"es\",\"@id\":\"https:\/\/www.jossois.com\/es\/productos\/parasol\/#primaryimage\",\"url\":\"https:\/\/www.jossois.com\/wp-content\/uploads\/2023\/01\/colecao-Standard-600x863-1.png\",\"contentUrl\":\"https:\/\/www.jossois.com\/wp-content\/uploads\/2023\/01\/colecao-Standard-600x863-1.png\"},{\"@type\":\"BreadcrumbList\",\"@id\":\"https:\/\/www.jossois.com\/es\/productos\/parasol\/#breadcrumb\",\"itemListElement\":[{\"@type\":\"ListItem\",\"position\":1,\"name\":\"In\u00edcio\",\"item\":\"https:\/\/www.jossois.com\/es\/\"},{\"@type\":\"ListItem\",\"position\":2,\"name\":\"Productos\",\"item\":\"https:\/\/www.jossois.com\/es\/productos\/\"},{\"@type\":\"ListItem\",\"position\":3,\"name\":\"Parasol\"}]},{\"@type\":\"WebSite\",\"@id\":\"https:\/\/www.jossois.com\/#website\",\"url\":\"https:\/\/www.jossois.com\/\",\"name\":\"Jossois\",\"description\":\"Fabricante de Guarda-S\u00f3is e Guarda-Chuvas\",\"potentialAction\":[{\"@type\":\"SearchAction\",\"target\":{\"@type\":\"EntryPoint\",\"urlTemplate\":\"https:\/\/www.jossois.com\/?s={search_term_string}\"},\"query-input\":\"required name=search_term_string\"}],\"inLanguage\":\"es\"}]}<\/script>\n<!-- \/ Yoast SEO plugin. -->","yoast_head_json":{"title":"Parasol - Jossois","robots":{"index":"index","follow":"follow","max-snippet":"max-snippet:-1","max-image-preview":"max-image-preview:large","max-video-preview":"max-video-preview:-1"},"canonical":"https:\/\/www.jossois.com\/es\/productos\/parasol\/","og_locale":"es_ES","og_type":"article","og_title":"Parasol - Jossois","og_description":"PRODUCTOS Parasol Elija su sombrilla para la terraza, la piscina, el jard\u00edn o cualquier evento. Una amplia gama de modelos para diferentes segmentos 100% personalizables Colecci\u00f3n est\u00e1ndar Nuestra colecci\u00f3n de sombrillas adecuadas para establecimientos comerciales con terraza. Ver la colecci\u00f3n Colecci\u00f3n Relax Nuestra colecci\u00f3n de sombrillas m\u00e1s peque\u00f1as, que suelen utilizarse en la playa o [&hellip;]","og_url":"https:\/\/www.jossois.com\/es\/productos\/parasol\/","og_site_name":"Jossois","article_modified_time":"2025-07-07T12:02:27+00:00","og_image":[{"url":"https:\/\/www.jossois.com\/wp-content\/uploads\/2023\/01\/colecao-Standard-600x863-1.png"}],"twitter_card":"summary_large_image","twitter_misc":{"Tiempo de lectura":"2 minutos"},"schema":{"@context":"https:\/\/schema.org","@graph":[{"@type":"WebPage","@id":"https:\/\/www.jossois.com\/es\/productos\/parasol\/","url":"https:\/\/www.jossois.com\/es\/productos\/parasol\/","name":"Parasol - Jossois","isPartOf":{"@id":"https:\/\/www.jossois.com\/#website"},"primaryImageOfPage":{"@id":"https:\/\/www.jossois.com\/es\/productos\/parasol\/#primaryimage"},"image":{"@id":"https:\/\/www.jossois.com\/es\/productos\/parasol\/#primaryimage"},"thumbnailUrl":"https:\/\/www.jossois.com\/wp-content\/uploads\/2023\/01\/colecao-Standard-600x863-1.png","datePublished":"2022-11-25T13:31:19+00:00","dateModified":"2025-07-07T12:02:27+00:00","breadcrumb":{"@id":"https:\/\/www.jossois.com\/es\/productos\/parasol\/#breadcrumb"},"inLanguage":"es","potentialAction":[{"@type":"ReadAction","target":["https:\/\/www.jossois.com\/es\/productos\/parasol\/"]}]},{"@type":"ImageObject","inLanguage":"es","@id":"https:\/\/www.jossois.com\/es\/productos\/parasol\/#primaryimage","url":"https:\/\/www.jossois.com\/wp-content\/uploads\/2023\/01\/colecao-Standard-600x863-1.png","contentUrl":"https:\/\/www.jossois.com\/wp-content\/uploads\/2023\/01\/colecao-Standard-600x863-1.png"},{"@type":"BreadcrumbList","@id":"https:\/\/www.jossois.com\/es\/productos\/parasol\/#breadcrumb","itemListElement":[{"@type":"ListItem","position":1,"name":"In\u00edcio","item":"https:\/\/www.jossois.com\/es\/"},{"@type":"ListItem","position":2,"name":"Productos","item":"https:\/\/www.jossois.com\/es\/productos\/"},{"@type":"ListItem","position":3,"name":"Parasol"}]},{"@type":"WebSite","@id":"https:\/\/www.jossois.com\/#website","url":"https:\/\/www.jossois.com\/","name":"Jossois","description":"Fabricante de Guarda-S\u00f3is e Guarda-Chuvas","potentialAction":[{"@type":"SearchAction","target":{"@type":"EntryPoint","urlTemplate":"https:\/\/www.jossois.com\/?s={search_term_string}"},"query-input":"required name=search_term_string"}],"inLanguage":"es"}]}},"_links":{"self":[{"href":"https:\/\/www.jossois.com\/es\/wp-json\/wp\/v2\/pages\/9370","targetHints":{"allow":["GET"]}}],"collection":[{"href":"https:\/\/www.jossois.com\/es\/wp-json\/wp\/v2\/pages"}],"about":[{"href":"https:\/\/www.jossois.com\/es\/wp-json\/wp\/v2\/types\/page"}],"author":[{"embeddable":true,"href":"https:\/\/www.jossois.com\/es\/wp-json\/wp\/v2\/users\/1"}],"replies":[{"embeddable":true,"href":"https:\/\/www.jossois.com\/es\/wp-json\/wp\/v2\/comments?post=9370"}],"version-history":[{"count":16,"href":"https:\/\/www.jossois.com\/es\/wp-json\/wp\/v2\/pages\/9370\/revisions"}],"predecessor-version":[{"id":11800,"href":"https:\/\/www.jossois.com\/es\/wp-json\/wp\/v2\/pages\/9370\/revisions\/11800"}],"up":[{"embeddable":true,"href":"https:\/\/www.jossois.com\/es\/wp-json\/wp\/v2\/pages\/9270"}],"wp:attachment":[{"href":"https:\/\/www.jossois.com\/es\/wp-json\/wp\/v2\/media?parent=9370"}],"curies":[{"name":"wp","href":"https:\/\/api.w.org\/{rel}","templated":true}]}}