{"id":3041,"date":"2023-01-19T15:56:18","date_gmt":"2023-01-19T15:56:18","guid":{"rendered":"https:\/\/jossois.outweb.pt\/?post_type=product&#038;p=3041"},"modified":"2025-04-17T15:21:34","modified_gmt":"2025-04-17T15:21:34","slug":"guarda-chuva-manual-cabo-bengala","status":"publish","type":"product","link":"https:\/\/www.jossois.com\/es\/produto\/guarda-chuva-manual-cabo-bengala\/","title":{"rendered":"Guarda-chuva manual cabo bengala"},"content":{"rendered":"<h3>Tradicional e Confort\u00e1vel<\/h3>\n<p>Guarda-chuva manual, haste em alum\u00ednio, varas em fibra e cabo tipo bengala em madeira<\/p>\n","protected":false},"excerpt":{"rendered":"<p>Possibilidade de personaliza\u00e7\u00e3o consoante as necessidades<\/p>\n","protected":false},"featured_media":3045,"comment_status":"open","ping_status":"closed","template":"","meta":[],"product_cat":[52,39],"product_tag":[],"class_list":{"0":"post-3041","1":"product","2":"type-product","3":"status-publish","4":"has-post-thumbnail","6":"product_cat-feito-a-sua-medida","7":"product_cat-guarda-chuvas","9":"first","10":"instock","11":"shipping-taxable","12":"product-type-variable"},"acf":[],"yoast_head":"<!-- This site is optimized with the Yoast SEO plugin v23.0 - https:\/\/yoast.com\/wordpress\/plugins\/seo\/ -->\n<title>Guarda-chuva manual cabo bengala - Jossois<\/title>\n<meta name=\"description\" content=\"Guarda-chuvas resistentes e personaliz\u00e1veis, com fabrico nacional e materiais de qualidade. Design duradouro e prote\u00e7\u00e3o eficaz contra a chuva.\" \/>\n<meta name=\"robots\" content=\"index, follow, max-snippet:-1, max-image-preview:large, max-video-preview:-1\" \/>\n<link rel=\"canonical\" href=\"https:\/\/www.jossois.com\/produto\/guarda-chuva-manual-cabo-bengala\/\" \/>\n<meta property=\"og:locale\" content=\"es_ES\" \/>\n<meta property=\"og:type\" content=\"article\" \/>\n<meta property=\"og:title\" content=\"Guarda-chuva manual cabo bengala - Jossois\" \/>\n<meta property=\"og:description\" content=\"Guarda-chuvas resistentes e personaliz\u00e1veis, com fabrico nacional e materiais de qualidade. Design duradouro e prote\u00e7\u00e3o eficaz contra a chuva.\" \/>\n<meta property=\"og:url\" content=\"https:\/\/www.jossois.com\/produto\/guarda-chuva-manual-cabo-bengala\/\" \/>\n<meta property=\"og:site_name\" content=\"Jossois\" \/>\n<meta property=\"article:modified_time\" content=\"2025-04-17T15:21:34+00:00\" \/>\n<meta property=\"og:image\" content=\"https:\/\/www.jossois.com\/wp-content\/uploads\/2023\/01\/j39-1024x1024.png\" \/>\n\t<meta property=\"og:image:width\" content=\"1024\" \/>\n\t<meta property=\"og:image:height\" content=\"1024\" \/>\n\t<meta property=\"og:image:type\" content=\"image\/png\" \/>\n<meta name=\"twitter:card\" content=\"summary_large_image\" \/>\n<meta name=\"twitter:label1\" content=\"Tiempo de lectura\" \/>\n\t<meta name=\"twitter:data1\" content=\"1 minuto\" \/>\n<script type=\"application\/ld+json\" class=\"yoast-schema-graph\">{\"@context\":\"https:\/\/schema.org\",\"@graph\":[{\"@type\":\"WebPage\",\"@id\":\"https:\/\/www.jossois.com\/produto\/guarda-chuva-manual-cabo-bengala\/\",\"url\":\"https:\/\/www.jossois.com\/produto\/guarda-chuva-manual-cabo-bengala\/\",\"name\":\"Guarda-chuva manual cabo bengala - Jossois\",\"isPartOf\":{\"@id\":\"https:\/\/www.jossois.com\/#website\"},\"primaryImageOfPage\":{\"@id\":\"https:\/\/www.jossois.com\/produto\/guarda-chuva-manual-cabo-bengala\/#primaryimage\"},\"image\":{\"@id\":\"https:\/\/www.jossois.com\/produto\/guarda-chuva-manual-cabo-bengala\/#primaryimage\"},\"thumbnailUrl\":\"https:\/\/www.jossois.com\/wp-content\/uploads\/2023\/01\/j39.png\",\"datePublished\":\"2023-01-19T15:56:18+00:00\",\"dateModified\":\"2025-04-17T15:21:34+00:00\",\"description\":\"Guarda-chuvas resistentes e personaliz\u00e1veis, com fabrico nacional e materiais de qualidade. Design duradouro e prote\u00e7\u00e3o eficaz contra a chuva.\",\"breadcrumb\":{\"@id\":\"https:\/\/www.jossois.com\/produto\/guarda-chuva-manual-cabo-bengala\/#breadcrumb\"},\"inLanguage\":\"es\",\"potentialAction\":[{\"@type\":\"ReadAction\",\"target\":[\"https:\/\/www.jossois.com\/produto\/guarda-chuva-manual-cabo-bengala\/\"]}]},{\"@type\":\"ImageObject\",\"inLanguage\":\"es\",\"@id\":\"https:\/\/www.jossois.com\/produto\/guarda-chuva-manual-cabo-bengala\/#primaryimage\",\"url\":\"https:\/\/www.jossois.com\/wp-content\/uploads\/2023\/01\/j39.png\",\"contentUrl\":\"https:\/\/www.jossois.com\/wp-content\/uploads\/2023\/01\/j39.png\",\"width\":3212,\"height\":2615,\"caption\":\"j39\"},{\"@type\":\"BreadcrumbList\",\"@id\":\"https:\/\/www.jossois.com\/produto\/guarda-chuva-manual-cabo-bengala\/#breadcrumb\",\"itemListElement\":[{\"@type\":\"ListItem\",\"position\":1,\"name\":\"In\u00edcio\",\"item\":\"https:\/\/www.jossois.com\/es\/\"},{\"@type\":\"ListItem\",\"position\":2,\"name\":\"Tienda\",\"item\":\"https:\/\/www.jossois.com\/es\/tienda\/\"},{\"@type\":\"ListItem\",\"position\":3,\"name\":\"Guarda-chuva manual cabo bengala\"}]},{\"@type\":\"WebSite\",\"@id\":\"https:\/\/www.jossois.com\/#website\",\"url\":\"https:\/\/www.jossois.com\/\",\"name\":\"Jossois\",\"description\":\"Fabricante de Guarda-S\u00f3is e Guarda-Chuvas\",\"potentialAction\":[{\"@type\":\"SearchAction\",\"target\":{\"@type\":\"EntryPoint\",\"urlTemplate\":\"https:\/\/www.jossois.com\/?s={search_term_string}\"},\"query-input\":\"required name=search_term_string\"}],\"inLanguage\":\"es\"}]}<\/script>\n<!-- \/ Yoast SEO plugin. -->","yoast_head_json":{"title":"Guarda-chuva manual cabo bengala - Jossois","description":"Guarda-chuvas resistentes e personaliz\u00e1veis, com fabrico nacional e materiais de qualidade. Design duradouro e prote\u00e7\u00e3o eficaz contra a chuva.","robots":{"index":"index","follow":"follow","max-snippet":"max-snippet:-1","max-image-preview":"max-image-preview:large","max-video-preview":"max-video-preview:-1"},"canonical":"https:\/\/www.jossois.com\/produto\/guarda-chuva-manual-cabo-bengala\/","og_locale":"es_ES","og_type":"article","og_title":"Guarda-chuva manual cabo bengala - Jossois","og_description":"Guarda-chuvas resistentes e personaliz\u00e1veis, com fabrico nacional e materiais de qualidade. Design duradouro e prote\u00e7\u00e3o eficaz contra a chuva.","og_url":"https:\/\/www.jossois.com\/produto\/guarda-chuva-manual-cabo-bengala\/","og_site_name":"Jossois","article_modified_time":"2025-04-17T15:21:34+00:00","og_image":[{"width":1024,"height":1024,"url":"https:\/\/www.jossois.com\/wp-content\/uploads\/2023\/01\/j39-1024x1024.png","type":"image\/png"}],"twitter_card":"summary_large_image","twitter_misc":{"Tiempo de lectura":"1 minuto"},"schema":{"@context":"https:\/\/schema.org","@graph":[{"@type":"WebPage","@id":"https:\/\/www.jossois.com\/produto\/guarda-chuva-manual-cabo-bengala\/","url":"https:\/\/www.jossois.com\/produto\/guarda-chuva-manual-cabo-bengala\/","name":"Guarda-chuva manual cabo bengala - Jossois","isPartOf":{"@id":"https:\/\/www.jossois.com\/#website"},"primaryImageOfPage":{"@id":"https:\/\/www.jossois.com\/produto\/guarda-chuva-manual-cabo-bengala\/#primaryimage"},"image":{"@id":"https:\/\/www.jossois.com\/produto\/guarda-chuva-manual-cabo-bengala\/#primaryimage"},"thumbnailUrl":"https:\/\/www.jossois.com\/wp-content\/uploads\/2023\/01\/j39.png","datePublished":"2023-01-19T15:56:18+00:00","dateModified":"2025-04-17T15:21:34+00:00","description":"Guarda-chuvas resistentes e personaliz\u00e1veis, com fabrico nacional e materiais de qualidade. Design duradouro e prote\u00e7\u00e3o eficaz contra a chuva.","breadcrumb":{"@id":"https:\/\/www.jossois.com\/produto\/guarda-chuva-manual-cabo-bengala\/#breadcrumb"},"inLanguage":"es","potentialAction":[{"@type":"ReadAction","target":["https:\/\/www.jossois.com\/produto\/guarda-chuva-manual-cabo-bengala\/"]}]},{"@type":"ImageObject","inLanguage":"es","@id":"https:\/\/www.jossois.com\/produto\/guarda-chuva-manual-cabo-bengala\/#primaryimage","url":"https:\/\/www.jossois.com\/wp-content\/uploads\/2023\/01\/j39.png","contentUrl":"https:\/\/www.jossois.com\/wp-content\/uploads\/2023\/01\/j39.png","width":3212,"height":2615,"caption":"j39"},{"@type":"BreadcrumbList","@id":"https:\/\/www.jossois.com\/produto\/guarda-chuva-manual-cabo-bengala\/#breadcrumb","itemListElement":[{"@type":"ListItem","position":1,"name":"In\u00edcio","item":"https:\/\/www.jossois.com\/es\/"},{"@type":"ListItem","position":2,"name":"Tienda","item":"https:\/\/www.jossois.com\/es\/tienda\/"},{"@type":"ListItem","position":3,"name":"Guarda-chuva manual cabo bengala"}]},{"@type":"WebSite","@id":"https:\/\/www.jossois.com\/#website","url":"https:\/\/www.jossois.com\/","name":"Jossois","description":"Fabricante de Guarda-S\u00f3is e Guarda-Chuvas","potentialAction":[{"@type":"SearchAction","target":{"@type":"EntryPoint","urlTemplate":"https:\/\/www.jossois.com\/?s={search_term_string}"},"query-input":"required name=search_term_string"}],"inLanguage":"es"}]}},"_links":{"self":[{"href":"https:\/\/www.jossois.com\/es\/wp-json\/wp\/v2\/product\/3041","targetHints":{"allow":["GET"]}}],"collection":[{"href":"https:\/\/www.jossois.com\/es\/wp-json\/wp\/v2\/product"}],"about":[{"href":"https:\/\/www.jossois.com\/es\/wp-json\/wp\/v2\/types\/product"}],"replies":[{"embeddable":true,"href":"https:\/\/www.jossois.com\/es\/wp-json\/wp\/v2\/comments?post=3041"}],"wp:featuredmedia":[{"embeddable":true,"href":"https:\/\/www.jossois.com\/es\/wp-json\/wp\/v2\/media\/3045"}],"wp:attachment":[{"href":"https:\/\/www.jossois.com\/es\/wp-json\/wp\/v2\/media?parent=3041"}],"wp:term":[{"taxonomy":"product_cat","embeddable":true,"href":"https:\/\/www.jossois.com\/es\/wp-json\/wp\/v2\/product_cat?post=3041"},{"taxonomy":"product_tag","embeddable":true,"href":"https:\/\/www.jossois.com\/es\/wp-json\/wp\/v2\/product_tag?post=3041"}],"curies":[{"name":"wp","href":"https:\/\/api.w.org\/{rel}","templated":true}]}}