{"id":4141,"date":"2023-02-10T17:25:32","date_gmt":"2023-02-10T17:25:32","guid":{"rendered":"https:\/\/jossois.com\/?post_type=product&#038;p=4141"},"modified":"2025-04-17T10:23:51","modified_gmt":"2025-04-17T10:23:51","slug":"guarda-sol-push-up-3x3-preto","status":"publish","type":"product","link":"https:\/\/www.jossois.com\/es\/produto\/guarda-sol-push-up-3x3-preto\/","title":{"rendered":"Guarda-sol Push Up 3x3m"},"content":{"rendered":"<h3>Facilidade e Praticidade<\/h3>\n<p>Com sistema de abertura patenteado, este guarda-sol tem uma abertura pr\u00e1tica e eficiente.<\/p>\n<p>Haste em alum\u00ednio 50mm. Varas em a\u00e7o 14x24mm.<\/p>\n<p>Arma\u00e7\u00e3o em alum\u00ednio a\u00e7o preto.<\/p>\n<h3><\/h3>\n<h3>Adapt\u00e1vel e Personaliz\u00e1vel<\/h3>\n<p>Apesar do tecido do modelo original ser 100% polyester, existe a alternativa de personaliza\u00e7\u00e3o com outro tecido do nosso cat\u00e1logo.<\/p>\n","protected":false},"excerpt":{"rendered":"<p>Guarda-sol quadrado com sistema de abertura patenteado e arma\u00e7\u00e3o preta<\/p>\n","protected":false},"featured_media":4146,"comment_status":"open","ping_status":"closed","template":"","meta":[],"product_cat":[26,35],"product_tag":[],"class_list":{"0":"post-4141","1":"product","2":"type-product","3":"status-publish","4":"has-post-thumbnail","6":"product_cat-guarda-sois","7":"product_cat-colecao-standard","9":"first","10":"instock","11":"shipping-taxable","12":"product-type-variable"},"acf":[],"yoast_head":"<!-- This site is optimized with the Yoast SEO plugin v23.0 - https:\/\/yoast.com\/wordpress\/plugins\/seo\/ -->\n<title>Guarda-sol Push Up 3x3m - Jossois<\/title>\n<meta name=\"description\" content=\"Guarda-s\u00f3is robustos e profissionais, ideais para hot\u00e9is, caf\u00e9s e esplanadas. Alta durabilidade, design elegante e prote\u00e7\u00e3o solar eficaz.\" \/>\n<meta name=\"robots\" content=\"index, follow, max-snippet:-1, max-image-preview:large, max-video-preview:-1\" \/>\n<link rel=\"canonical\" href=\"https:\/\/www.jossois.com\/produto\/guarda-sol-push-up-3x3-preto\/\" \/>\n<meta property=\"og:locale\" content=\"es_ES\" \/>\n<meta property=\"og:type\" content=\"article\" \/>\n<meta property=\"og:title\" content=\"Guarda-sol Push Up 3x3m - Jossois\" \/>\n<meta property=\"og:description\" content=\"Guarda-s\u00f3is robustos e profissionais, ideais para hot\u00e9is, caf\u00e9s e esplanadas. Alta durabilidade, design elegante e prote\u00e7\u00e3o solar eficaz.\" \/>\n<meta property=\"og:url\" content=\"https:\/\/www.jossois.com\/produto\/guarda-sol-push-up-3x3-preto\/\" \/>\n<meta property=\"og:site_name\" content=\"Jossois\" \/>\n<meta property=\"article:modified_time\" content=\"2025-04-17T10:23:51+00:00\" \/>\n<meta property=\"og:image\" content=\"https:\/\/www.jossois.com\/wp-content\/uploads\/2023\/02\/guarda-sol-push-up-preto.png\" \/>\n\t<meta property=\"og:image:width\" content=\"900\" \/>\n\t<meta property=\"og:image:height\" content=\"900\" \/>\n\t<meta property=\"og:image:type\" content=\"image\/png\" \/>\n<meta name=\"twitter:card\" content=\"summary_large_image\" \/>\n<meta name=\"twitter:label1\" content=\"Tiempo de lectura\" \/>\n\t<meta name=\"twitter:data1\" content=\"1 minuto\" \/>\n<script type=\"application\/ld+json\" class=\"yoast-schema-graph\">{\"@context\":\"https:\/\/schema.org\",\"@graph\":[{\"@type\":\"WebPage\",\"@id\":\"https:\/\/www.jossois.com\/produto\/guarda-sol-push-up-3x3-preto\/\",\"url\":\"https:\/\/www.jossois.com\/produto\/guarda-sol-push-up-3x3-preto\/\",\"name\":\"Guarda-sol Push Up 3x3m - Jossois\",\"isPartOf\":{\"@id\":\"https:\/\/www.jossois.com\/#website\"},\"primaryImageOfPage\":{\"@id\":\"https:\/\/www.jossois.com\/produto\/guarda-sol-push-up-3x3-preto\/#primaryimage\"},\"image\":{\"@id\":\"https:\/\/www.jossois.com\/produto\/guarda-sol-push-up-3x3-preto\/#primaryimage\"},\"thumbnailUrl\":\"https:\/\/www.jossois.com\/wp-content\/uploads\/2023\/02\/guarda-sol-push-up-preto.png\",\"datePublished\":\"2023-02-10T17:25:32+00:00\",\"dateModified\":\"2025-04-17T10:23:51+00:00\",\"description\":\"Guarda-s\u00f3is robustos e profissionais, ideais para hot\u00e9is, caf\u00e9s e esplanadas. Alta durabilidade, design elegante e prote\u00e7\u00e3o solar eficaz.\",\"breadcrumb\":{\"@id\":\"https:\/\/www.jossois.com\/produto\/guarda-sol-push-up-3x3-preto\/#breadcrumb\"},\"inLanguage\":\"es\",\"potentialAction\":[{\"@type\":\"ReadAction\",\"target\":[\"https:\/\/www.jossois.com\/produto\/guarda-sol-push-up-3x3-preto\/\"]}]},{\"@type\":\"ImageObject\",\"inLanguage\":\"es\",\"@id\":\"https:\/\/www.jossois.com\/produto\/guarda-sol-push-up-3x3-preto\/#primaryimage\",\"url\":\"https:\/\/www.jossois.com\/wp-content\/uploads\/2023\/02\/guarda-sol-push-up-preto.png\",\"contentUrl\":\"https:\/\/www.jossois.com\/wp-content\/uploads\/2023\/02\/guarda-sol-push-up-preto.png\",\"width\":900,\"height\":900,\"caption\":\"guarda-sol push up preto\"},{\"@type\":\"BreadcrumbList\",\"@id\":\"https:\/\/www.jossois.com\/produto\/guarda-sol-push-up-3x3-preto\/#breadcrumb\",\"itemListElement\":[{\"@type\":\"ListItem\",\"position\":1,\"name\":\"In\u00edcio\",\"item\":\"https:\/\/www.jossois.com\/es\/\"},{\"@type\":\"ListItem\",\"position\":2,\"name\":\"Tienda\",\"item\":\"https:\/\/www.jossois.com\/es\/tienda\/\"},{\"@type\":\"ListItem\",\"position\":3,\"name\":\"Guarda-sol Push Up 3x3m\"}]},{\"@type\":\"WebSite\",\"@id\":\"https:\/\/www.jossois.com\/#website\",\"url\":\"https:\/\/www.jossois.com\/\",\"name\":\"Jossois\",\"description\":\"Fabricante de Guarda-S\u00f3is e Guarda-Chuvas\",\"potentialAction\":[{\"@type\":\"SearchAction\",\"target\":{\"@type\":\"EntryPoint\",\"urlTemplate\":\"https:\/\/www.jossois.com\/?s={search_term_string}\"},\"query-input\":\"required name=search_term_string\"}],\"inLanguage\":\"es\"}]}<\/script>\n<!-- \/ Yoast SEO plugin. -->","yoast_head_json":{"title":"Guarda-sol Push Up 3x3m - Jossois","description":"Guarda-s\u00f3is robustos e profissionais, ideais para hot\u00e9is, caf\u00e9s e esplanadas. Alta durabilidade, design elegante e prote\u00e7\u00e3o solar eficaz.","robots":{"index":"index","follow":"follow","max-snippet":"max-snippet:-1","max-image-preview":"max-image-preview:large","max-video-preview":"max-video-preview:-1"},"canonical":"https:\/\/www.jossois.com\/produto\/guarda-sol-push-up-3x3-preto\/","og_locale":"es_ES","og_type":"article","og_title":"Guarda-sol Push Up 3x3m - Jossois","og_description":"Guarda-s\u00f3is robustos e profissionais, ideais para hot\u00e9is, caf\u00e9s e esplanadas. Alta durabilidade, design elegante e prote\u00e7\u00e3o solar eficaz.","og_url":"https:\/\/www.jossois.com\/produto\/guarda-sol-push-up-3x3-preto\/","og_site_name":"Jossois","article_modified_time":"2025-04-17T10:23:51+00:00","og_image":[{"width":900,"height":900,"url":"https:\/\/www.jossois.com\/wp-content\/uploads\/2023\/02\/guarda-sol-push-up-preto.png","type":"image\/png"}],"twitter_card":"summary_large_image","twitter_misc":{"Tiempo de lectura":"1 minuto"},"schema":{"@context":"https:\/\/schema.org","@graph":[{"@type":"WebPage","@id":"https:\/\/www.jossois.com\/produto\/guarda-sol-push-up-3x3-preto\/","url":"https:\/\/www.jossois.com\/produto\/guarda-sol-push-up-3x3-preto\/","name":"Guarda-sol Push Up 3x3m - Jossois","isPartOf":{"@id":"https:\/\/www.jossois.com\/#website"},"primaryImageOfPage":{"@id":"https:\/\/www.jossois.com\/produto\/guarda-sol-push-up-3x3-preto\/#primaryimage"},"image":{"@id":"https:\/\/www.jossois.com\/produto\/guarda-sol-push-up-3x3-preto\/#primaryimage"},"thumbnailUrl":"https:\/\/www.jossois.com\/wp-content\/uploads\/2023\/02\/guarda-sol-push-up-preto.png","datePublished":"2023-02-10T17:25:32+00:00","dateModified":"2025-04-17T10:23:51+00:00","description":"Guarda-s\u00f3is robustos e profissionais, ideais para hot\u00e9is, caf\u00e9s e esplanadas. Alta durabilidade, design elegante e prote\u00e7\u00e3o solar eficaz.","breadcrumb":{"@id":"https:\/\/www.jossois.com\/produto\/guarda-sol-push-up-3x3-preto\/#breadcrumb"},"inLanguage":"es","potentialAction":[{"@type":"ReadAction","target":["https:\/\/www.jossois.com\/produto\/guarda-sol-push-up-3x3-preto\/"]}]},{"@type":"ImageObject","inLanguage":"es","@id":"https:\/\/www.jossois.com\/produto\/guarda-sol-push-up-3x3-preto\/#primaryimage","url":"https:\/\/www.jossois.com\/wp-content\/uploads\/2023\/02\/guarda-sol-push-up-preto.png","contentUrl":"https:\/\/www.jossois.com\/wp-content\/uploads\/2023\/02\/guarda-sol-push-up-preto.png","width":900,"height":900,"caption":"guarda-sol push up preto"},{"@type":"BreadcrumbList","@id":"https:\/\/www.jossois.com\/produto\/guarda-sol-push-up-3x3-preto\/#breadcrumb","itemListElement":[{"@type":"ListItem","position":1,"name":"In\u00edcio","item":"https:\/\/www.jossois.com\/es\/"},{"@type":"ListItem","position":2,"name":"Tienda","item":"https:\/\/www.jossois.com\/es\/tienda\/"},{"@type":"ListItem","position":3,"name":"Guarda-sol Push Up 3x3m"}]},{"@type":"WebSite","@id":"https:\/\/www.jossois.com\/#website","url":"https:\/\/www.jossois.com\/","name":"Jossois","description":"Fabricante de Guarda-S\u00f3is e Guarda-Chuvas","potentialAction":[{"@type":"SearchAction","target":{"@type":"EntryPoint","urlTemplate":"https:\/\/www.jossois.com\/?s={search_term_string}"},"query-input":"required name=search_term_string"}],"inLanguage":"es"}]}},"_links":{"self":[{"href":"https:\/\/www.jossois.com\/es\/wp-json\/wp\/v2\/product\/4141","targetHints":{"allow":["GET"]}}],"collection":[{"href":"https:\/\/www.jossois.com\/es\/wp-json\/wp\/v2\/product"}],"about":[{"href":"https:\/\/www.jossois.com\/es\/wp-json\/wp\/v2\/types\/product"}],"replies":[{"embeddable":true,"href":"https:\/\/www.jossois.com\/es\/wp-json\/wp\/v2\/comments?post=4141"}],"wp:featuredmedia":[{"embeddable":true,"href":"https:\/\/www.jossois.com\/es\/wp-json\/wp\/v2\/media\/4146"}],"wp:attachment":[{"href":"https:\/\/www.jossois.com\/es\/wp-json\/wp\/v2\/media?parent=4141"}],"wp:term":[{"taxonomy":"product_cat","embeddable":true,"href":"https:\/\/www.jossois.com\/es\/wp-json\/wp\/v2\/product_cat?post=4141"},{"taxonomy":"product_tag","embeddable":true,"href":"https:\/\/www.jossois.com\/es\/wp-json\/wp\/v2\/product_tag?post=4141"}],"curies":[{"name":"wp","href":"https:\/\/api.w.org\/{rel}","templated":true}]}}