{"id":9264,"date":"2023-05-29T17:23:40","date_gmt":"2023-05-29T17:23:40","guid":{"rendered":"https:\/\/jossois.com\/drapeaux\/"},"modified":"2025-12-22T16:55:26","modified_gmt":"2025-12-22T16:55:26","slug":"drapeaux","status":"publish","type":"page","link":"https:\/\/www.jossois.com\/fr\/produits\/drapeaux\/","title":{"rendered":"Drapeaux"},"content":{"rendered":"\t\t<div data-elementor-type=\"wp-page\" data-elementor-id=\"9264\" class=\"elementor elementor-9264 elementor-4635\" data-elementor-post-type=\"page\">\n\t\t\t\t\t\t<section class=\"porto-full-no-gap elementor-section elementor-top-section elementor-element elementor-element-a509fe7 elementor-section-full_width elementor-section-height-min-height elementor-section-stretched elementor-section-height-default elementor-section-items-middle\" data-id=\"a509fe7\" data-element_type=\"section\" data-settings=\"{&quot;background_background&quot;:&quot;classic&quot;,&quot;stretch_section&quot;:&quot;section-stretched&quot;}\">\r\n\t\t\t\t\t\t<div class=\"elementor-background-overlay\"><\/div>\r\n\t\t\t\r\n\t\t\t\t\t\t\t<div class=\"elementor-container elementor-column-gap-no\">\r\n\t\t\t\t\t\t\t\t\t\t\t<div class=\"elementor-column elementor-col-100 elementor-top-column elementor-element elementor-element-3508e58\" data-id=\"3508e58\" data-element_type=\"column\">\r\n\t\t\t\t\t<div class=\"elementor-widget-wrap elementor-element-populated\">\r\n\t\t\t\t\t\t\t\t<div class=\"elementor-element elementor-element-b938fa5 px-4 mb-2 w-auto elementor-invisible elementor-widget elementor-widget-heading\" data-id=\"b938fa5\" data-element_type=\"widget\" data-settings=\"{&quot;_animation&quot;:&quot;fadeInDown&quot;}\" data-widget_type=\"heading.default\">\n\t\t\t\t<div class=\"elementor-widget-container\">\n\t\t\t<style>\/*! elementor - v3.23.0 - 15-07-2024 *\/\n.elementor-heading-title{padding:0;margin:0;line-height:1}.elementor-widget-heading .elementor-heading-title[class*=elementor-size-]>a{color:inherit;font-size:inherit;line-height:inherit}.elementor-widget-heading .elementor-heading-title.elementor-size-small{font-size:15px}.elementor-widget-heading .elementor-heading-title.elementor-size-medium{font-size:19px}.elementor-widget-heading .elementor-heading-title.elementor-size-large{font-size:29px}.elementor-widget-heading .elementor-heading-title.elementor-size-xl{font-size:39px}.elementor-widget-heading .elementor-heading-title.elementor-size-xxl{font-size:59px}<\/style><h4 class=\"elementor-heading-title elementor-size-default\">PRODUITS<\/h4>\t\t<\/div>\n\t\t\t\t<\/div>\n\t\t\t\t<div class=\"elementor-element elementor-element-a4ccbc5 mb-3 elementor-invisible elementor-widget elementor-widget-heading\" data-id=\"a4ccbc5\" data-element_type=\"widget\" data-settings=\"{&quot;_animation&quot;:&quot;fadeInDown&quot;,&quot;_animation_delay&quot;:300}\" data-widget_type=\"heading.default\">\n\t\t\t\t<div class=\"elementor-widget-container\">\n\t\t\t<h2 class=\"elementor-heading-title elementor-size-default\">Drapeaux<\/h2>\t\t<\/div>\n\t\t\t\t<\/div>\n\t\t\t\t<div class=\"elementor-element elementor-element-a9eca76 elementor-widget elementor-widget-porto_ultimate_heading\" data-id=\"a9eca76\" data-element_type=\"widget\" data-widget_type=\"porto_ultimate_heading.default\">\n\t\t\t\t<div class=\"elementor-widget-container\">\n\t\t\t<div class=\"porto-u-heading  porto-u-1276\"><div class=\"porto-u-main-heading\"><div   >Choix d'une gamme de mod\u00e8les pour diff\u00e9rents segments 100% personnalisable<\/div><\/div><style>.porto-u-1276.porto-u-heading{text-align:center}<\/style><\/div>\t\t<\/div>\n\t\t\t\t<\/div>\n\t\t\t\t\t<\/div>\r\n\t\t\t\t<\/div>\r\n\t\t\t\t\t<\/div>\r\n\t\t\t\t<\/section>\r\n\t\t\t\t<section class=\"elementor-section elementor-top-section elementor-element elementor-element-84b31e1 elementor-section-stretched elementor-section-boxed elementor-section-height-default elementor-section-height-default\" data-id=\"84b31e1\" data-element_type=\"section\" data-settings=\"{&quot;stretch_section&quot;:&quot;section-stretched&quot;}\">\r\n\t\t\r\n\t\t\t\t\t\t\t<div class=\"elementor-container elementor-column-gap-default\">\r\n\t\t\t\t\t\t\t\t\t\t\t<div class=\"elementor-column elementor-col-33 elementor-top-column elementor-element elementor-element-dd426de\" data-id=\"dd426de\" data-element_type=\"column\" data-settings=\"{&quot;background_background&quot;:&quot;classic&quot;}\">\r\n\t\t\t\t\t<div class=\"elementor-widget-wrap\">\r\n\t\t\t\t\t\t\t\t\t<\/div>\r\n\t\t\t\t<\/div>\r\n\t\t\t\t<div class=\"elementor-column elementor-col-33 elementor-top-column elementor-element elementor-element-2c109a4\" data-id=\"2c109a4\" data-element_type=\"column\" data-settings=\"{&quot;background_background&quot;:&quot;classic&quot;}\">\r\n\t\t\t\t\t<div class=\"elementor-widget-wrap elementor-element-populated\">\r\n\t\t\t\t\t\t\t\t<div class=\"elementor-element elementor-element-cf7f16f elementor-widget elementor-widget-image\" data-id=\"cf7f16f\" data-element_type=\"widget\" data-widget_type=\"image.default\">\n\t\t\t\t<div class=\"elementor-widget-container\">\n\t\t\t<style>\/*! elementor - v3.23.0 - 15-07-2024 *\/\n.elementor-widget-image{text-align:center}.elementor-widget-image a{display:inline-block}.elementor-widget-image a img[src$=\".svg\"]{width:48px}.elementor-widget-image img{vertical-align:middle;display:inline-block}<\/style>\t\t\t\t\t\t\t\t\t\t<img fetchpriority=\"high\" decoding=\"async\" width=\"600\" height=\"600\" src=\"https:\/\/www.jossois.com\/wp-content\/uploads\/2023\/01\/bandeiras-1.jpg\" class=\"attachment-large size-large wp-image-3891\" alt=\"\" srcset=\"https:\/\/www.jossois.com\/wp-content\/uploads\/2023\/01\/bandeiras-1.jpg 600w, https:\/\/www.jossois.com\/wp-content\/uploads\/2023\/01\/bandeiras-1-400x400.jpg 400w, https:\/\/www.jossois.com\/wp-content\/uploads\/2023\/01\/bandeiras-1-560x560.jpg 560w, https:\/\/www.jossois.com\/wp-content\/uploads\/2023\/01\/bandeiras-1-367x367.jpg 367w\" sizes=\"(max-width: 600px) 100vw, 600px\" \/>\t\t\t\t\t\t\t\t\t\t\t\t\t<\/div>\n\t\t\t\t<\/div>\n\t\t\t\t<div class=\"elementor-element elementor-element-65a15dc elementor-widget elementor-widget-porto_ultimate_heading\" data-id=\"65a15dc\" data-element_type=\"widget\" data-widget_type=\"porto_ultimate_heading.default\">\n\t\t\t\t<div class=\"elementor-widget-container\">\n\t\t\t<div class=\"porto-u-heading  porto-u-3050\"><div class=\"porto-u-main-heading\"><h2   >Catalogue des drapeaux<\/h2><\/div><div class=\"porto-u-sub-heading\" style=\"\"><p>Notre catalogue de drapeaux  <\/p><\/div><style>.porto-u-3050.porto-u-heading{text-align:center}<\/style><\/div>\t\t<\/div>\n\t\t\t\t<\/div>\n\t\t\t\t<div class=\"elementor-element elementor-element-db54096 elementor-align-center elementor-widget elementor-widget-button\" data-id=\"db54096\" data-element_type=\"widget\" data-widget_type=\"button.default\">\n\t\t\t\t<div class=\"elementor-widget-container\">\n\t\t\t\t\t<div class=\"elementor-button-wrapper\">\n\t\t\t<a class=\"elementor-button elementor-button-link elementor-size-sm\" href=\"https:\/\/jossois.com\/wp-content\/uploads\/2023\/05\/Catalogo_geral.pdf\">\n\t\t\t\t\t\t<span class=\"elementor-button-content-wrapper\">\n\t\t\t\t\t\t\t\t\t<span class=\"elementor-button-text\">T\u00e9l\u00e9charger le catalogue<\/span>\n\t\t\t\t\t<\/span>\n\t\t\t\t\t<\/a>\n\t\t<\/div>\n\t\t\t\t<\/div>\n\t\t\t\t<\/div>\n\t\t\t\t\t<\/div>\r\n\t\t\t\t<\/div>\r\n\t\t\t\t<div class=\"elementor-column elementor-col-33 elementor-top-column elementor-element elementor-element-d8a8930\" data-id=\"d8a8930\" data-element_type=\"column\" data-settings=\"{&quot;background_background&quot;:&quot;classic&quot;}\">\r\n\t\t\t\t\t<div class=\"elementor-widget-wrap\">\r\n\t\t\t\t\t\t\t\t\t<\/div>\r\n\t\t\t\t<\/div>\r\n\t\t\t\t\t<\/div>\r\n\t\t\t\t<\/section>\r\n\t\t\t\t<\/div>\n\t\t","protected":false},"excerpt":{"rendered":"<p>PRODUITS Drapeaux Choix d&rsquo;une gamme de mod\u00e8les pour diff\u00e9rents segments 100% personnalisable Catalogue des drapeaux Notre catalogue de drapeaux T\u00e9l\u00e9charger le catalogue<\/p>\n","protected":false},"author":1,"featured_media":0,"parent":9318,"menu_order":0,"comment_status":"closed","ping_status":"closed","template":"","meta":{"footnotes":""},"class_list":["post-9264","page","type-page","status-publish","hentry"],"acf":[],"yoast_head":"<!-- This site is optimized with the Yoast SEO plugin v23.0 - https:\/\/yoast.com\/wordpress\/plugins\/seo\/ -->\n<title>Drapeaux - Jossois<\/title>\n<meta name=\"robots\" content=\"index, follow, max-snippet:-1, max-image-preview:large, max-video-preview:-1\" \/>\n<link rel=\"canonical\" href=\"https:\/\/www.jossois.com\/fr\/produits\/drapeaux\/\" \/>\n<meta property=\"og:locale\" content=\"fr_FR\" \/>\n<meta property=\"og:type\" content=\"article\" \/>\n<meta property=\"og:title\" content=\"Drapeaux - Jossois\" \/>\n<meta property=\"og:description\" content=\"PRODUITS Drapeaux Choix d&rsquo;une gamme de mod\u00e8les pour diff\u00e9rents segments 100% personnalisable Catalogue des drapeaux Notre catalogue de drapeaux T\u00e9l\u00e9charger le catalogue\" \/>\n<meta property=\"og:url\" content=\"https:\/\/www.jossois.com\/fr\/produits\/drapeaux\/\" \/>\n<meta property=\"og:site_name\" content=\"Jossois\" \/>\n<meta property=\"article:modified_time\" content=\"2025-12-22T16:55:26+00:00\" \/>\n<meta property=\"og:image\" content=\"https:\/\/www.jossois.com\/wp-content\/uploads\/2023\/01\/bandeiras-1.jpg\" \/>\n<meta name=\"twitter:card\" content=\"summary_large_image\" \/>\n<meta name=\"twitter:label1\" content=\"Dur\u00e9e de lecture estim\u00e9e\" \/>\n\t<meta name=\"twitter:data1\" content=\"1 minute\" \/>\n<script type=\"application\/ld+json\" class=\"yoast-schema-graph\">{\"@context\":\"https:\/\/schema.org\",\"@graph\":[{\"@type\":\"WebPage\",\"@id\":\"https:\/\/www.jossois.com\/fr\/produits\/drapeaux\/\",\"url\":\"https:\/\/www.jossois.com\/fr\/produits\/drapeaux\/\",\"name\":\"Drapeaux - Jossois\",\"isPartOf\":{\"@id\":\"https:\/\/www.jossois.com\/#website\"},\"primaryImageOfPage\":{\"@id\":\"https:\/\/www.jossois.com\/fr\/produits\/drapeaux\/#primaryimage\"},\"image\":{\"@id\":\"https:\/\/www.jossois.com\/fr\/produits\/drapeaux\/#primaryimage\"},\"thumbnailUrl\":\"https:\/\/www.jossois.com\/wp-content\/uploads\/2023\/01\/bandeiras-1.jpg\",\"datePublished\":\"2023-05-29T17:23:40+00:00\",\"dateModified\":\"2025-12-22T16:55:26+00:00\",\"breadcrumb\":{\"@id\":\"https:\/\/www.jossois.com\/fr\/produits\/drapeaux\/#breadcrumb\"},\"inLanguage\":\"fr-FR\",\"potentialAction\":[{\"@type\":\"ReadAction\",\"target\":[\"https:\/\/www.jossois.com\/fr\/produits\/drapeaux\/\"]}]},{\"@type\":\"ImageObject\",\"inLanguage\":\"fr-FR\",\"@id\":\"https:\/\/www.jossois.com\/fr\/produits\/drapeaux\/#primaryimage\",\"url\":\"https:\/\/www.jossois.com\/wp-content\/uploads\/2023\/01\/bandeiras-1.jpg\",\"contentUrl\":\"https:\/\/www.jossois.com\/wp-content\/uploads\/2023\/01\/bandeiras-1.jpg\"},{\"@type\":\"BreadcrumbList\",\"@id\":\"https:\/\/www.jossois.com\/fr\/produits\/drapeaux\/#breadcrumb\",\"itemListElement\":[{\"@type\":\"ListItem\",\"position\":1,\"name\":\"In\u00edcio\",\"item\":\"https:\/\/www.jossois.com\/fr\/\"},{\"@type\":\"ListItem\",\"position\":2,\"name\":\"Produits\",\"item\":\"https:\/\/www.jossois.com\/fr\/produits\/\"},{\"@type\":\"ListItem\",\"position\":3,\"name\":\"Drapeaux\"}]},{\"@type\":\"WebSite\",\"@id\":\"https:\/\/www.jossois.com\/#website\",\"url\":\"https:\/\/www.jossois.com\/\",\"name\":\"Jossois\",\"description\":\"Fabricante de Guarda-S\u00f3is e Guarda-Chuvas\",\"potentialAction\":[{\"@type\":\"SearchAction\",\"target\":{\"@type\":\"EntryPoint\",\"urlTemplate\":\"https:\/\/www.jossois.com\/?s={search_term_string}\"},\"query-input\":\"required name=search_term_string\"}],\"inLanguage\":\"fr-FR\"}]}<\/script>\n<!-- \/ Yoast SEO plugin. -->","yoast_head_json":{"title":"Drapeaux - Jossois","robots":{"index":"index","follow":"follow","max-snippet":"max-snippet:-1","max-image-preview":"max-image-preview:large","max-video-preview":"max-video-preview:-1"},"canonical":"https:\/\/www.jossois.com\/fr\/produits\/drapeaux\/","og_locale":"fr_FR","og_type":"article","og_title":"Drapeaux - Jossois","og_description":"PRODUITS Drapeaux Choix d&rsquo;une gamme de mod\u00e8les pour diff\u00e9rents segments 100% personnalisable Catalogue des drapeaux Notre catalogue de drapeaux T\u00e9l\u00e9charger le catalogue","og_url":"https:\/\/www.jossois.com\/fr\/produits\/drapeaux\/","og_site_name":"Jossois","article_modified_time":"2025-12-22T16:55:26+00:00","og_image":[{"url":"https:\/\/www.jossois.com\/wp-content\/uploads\/2023\/01\/bandeiras-1.jpg"}],"twitter_card":"summary_large_image","twitter_misc":{"Dur\u00e9e de lecture estim\u00e9e":"1 minute"},"schema":{"@context":"https:\/\/schema.org","@graph":[{"@type":"WebPage","@id":"https:\/\/www.jossois.com\/fr\/produits\/drapeaux\/","url":"https:\/\/www.jossois.com\/fr\/produits\/drapeaux\/","name":"Drapeaux - Jossois","isPartOf":{"@id":"https:\/\/www.jossois.com\/#website"},"primaryImageOfPage":{"@id":"https:\/\/www.jossois.com\/fr\/produits\/drapeaux\/#primaryimage"},"image":{"@id":"https:\/\/www.jossois.com\/fr\/produits\/drapeaux\/#primaryimage"},"thumbnailUrl":"https:\/\/www.jossois.com\/wp-content\/uploads\/2023\/01\/bandeiras-1.jpg","datePublished":"2023-05-29T17:23:40+00:00","dateModified":"2025-12-22T16:55:26+00:00","breadcrumb":{"@id":"https:\/\/www.jossois.com\/fr\/produits\/drapeaux\/#breadcrumb"},"inLanguage":"fr-FR","potentialAction":[{"@type":"ReadAction","target":["https:\/\/www.jossois.com\/fr\/produits\/drapeaux\/"]}]},{"@type":"ImageObject","inLanguage":"fr-FR","@id":"https:\/\/www.jossois.com\/fr\/produits\/drapeaux\/#primaryimage","url":"https:\/\/www.jossois.com\/wp-content\/uploads\/2023\/01\/bandeiras-1.jpg","contentUrl":"https:\/\/www.jossois.com\/wp-content\/uploads\/2023\/01\/bandeiras-1.jpg"},{"@type":"BreadcrumbList","@id":"https:\/\/www.jossois.com\/fr\/produits\/drapeaux\/#breadcrumb","itemListElement":[{"@type":"ListItem","position":1,"name":"In\u00edcio","item":"https:\/\/www.jossois.com\/fr\/"},{"@type":"ListItem","position":2,"name":"Produits","item":"https:\/\/www.jossois.com\/fr\/produits\/"},{"@type":"ListItem","position":3,"name":"Drapeaux"}]},{"@type":"WebSite","@id":"https:\/\/www.jossois.com\/#website","url":"https:\/\/www.jossois.com\/","name":"Jossois","description":"Fabricante de Guarda-S\u00f3is e Guarda-Chuvas","potentialAction":[{"@type":"SearchAction","target":{"@type":"EntryPoint","urlTemplate":"https:\/\/www.jossois.com\/?s={search_term_string}"},"query-input":"required name=search_term_string"}],"inLanguage":"fr-FR"}]}},"_links":{"self":[{"href":"https:\/\/www.jossois.com\/fr\/wp-json\/wp\/v2\/pages\/9264","targetHints":{"allow":["GET"]}}],"collection":[{"href":"https:\/\/www.jossois.com\/fr\/wp-json\/wp\/v2\/pages"}],"about":[{"href":"https:\/\/www.jossois.com\/fr\/wp-json\/wp\/v2\/types\/page"}],"author":[{"embeddable":true,"href":"https:\/\/www.jossois.com\/fr\/wp-json\/wp\/v2\/users\/1"}],"replies":[{"embeddable":true,"href":"https:\/\/www.jossois.com\/fr\/wp-json\/wp\/v2\/comments?post=9264"}],"version-history":[{"count":8,"href":"https:\/\/www.jossois.com\/fr\/wp-json\/wp\/v2\/pages\/9264\/revisions"}],"predecessor-version":[{"id":11969,"href":"https:\/\/www.jossois.com\/fr\/wp-json\/wp\/v2\/pages\/9264\/revisions\/11969"}],"up":[{"embeddable":true,"href":"https:\/\/www.jossois.com\/fr\/wp-json\/wp\/v2\/pages\/9318"}],"wp:attachment":[{"href":"https:\/\/www.jossois.com\/fr\/wp-json\/wp\/v2\/media?parent=9264"}],"curies":[{"name":"wp","href":"https:\/\/api.w.org\/{rel}","templated":true}]}}