{"id":9286,"date":"2023-01-12T11:23:40","date_gmt":"2023-01-12T11:23:40","guid":{"rendered":"https:\/\/jossois.com\/politique-de-confidentialite\/"},"modified":"2023-10-13T09:49:06","modified_gmt":"2023-10-13T09:49:06","slug":"politique-de-confidentialite","status":"publish","type":"page","link":"https:\/\/www.jossois.com\/fr\/politique-de-confidentialite\/","title":{"rendered":"Politique de confidentialit\u00e9"},"content":{"rendered":"\n<h2 class=\"wp-block-heading\">Politique de confidentialit\u00e9<\/h2>\n\n<p>Nous accordons une grande importance \u00e0 la protection de votre vie priv\u00e9e. La politique de Jossois est de respecter votre vie priv\u00e9e en ce qui concerne les informations que nous pouvons recueillir sur notre site web, <a href=\"http:\/\/www.jossois.com\/\">Jossois<\/a>, et d&rsquo;autres sites que nous poss\u00e9dons et exploitons.<\/p>\n\n<p>Nous ne demandons des informations personnelles que lorsque nous en avons r\u00e9ellement besoin pour vous fournir un service. Nous le faisons par des moyens justes et l\u00e9gaux, en toute connaissance de cause et avec votre consentement. Nous vous expliquons \u00e9galement pourquoi nous recueillons ces donn\u00e9es et comment elles seront utilis\u00e9es.<\/p>\n\n<p>Nous ne conservons les informations collect\u00e9es que le temps n\u00e9cessaire pour fournir le service demand\u00e9. Lorsque nous stockons des donn\u00e9es, nous les prot\u00e9geons par des moyens commercialement acceptables afin d&rsquo;\u00e9viter la perte et le vol, ainsi que l&rsquo;acc\u00e8s, la divulgation, la copie, l&rsquo;utilisation ou la modification non autoris\u00e9s.<\/p>\n\n<p>Nous ne partageons pas les informations personnelles identifiables avec le public ou des tiers, sauf si la loi l&rsquo;exige.<\/p>\n\n<p>Notre site web peut contenir des liens vers des sites web externes qui ne sont pas exploit\u00e9s par nous. Veuillez noter que nous n&rsquo;avons aucun contr\u00f4le sur le contenu et les pratiques de ces sites et que nous ne pouvons \u00eatre tenus responsables de leurs <a href=\"https:\/\/politicaprivacidade.com\/\" target=\"_BLANK\" rel=\"noreferrer noopener\">politiques<\/a> respectives <a href=\"https:\/\/politicaprivacidade.com\/\" target=\"_BLANK\" rel=\"noreferrer noopener\">en mati\u00e8re de protection de la vie priv\u00e9e<\/a>.<\/p>\n\n<p>Vous \u00eates libre de refuser notre demande d&rsquo;informations personnelles, \u00e9tant entendu que nous pourrions ne pas \u00eatre en mesure de vous fournir certains des services dont vous avez besoin.<\/p>\n\n<p>En continuant \u00e0 utiliser notre site web, vous acceptez nos pratiques en mati\u00e8re de protection de la vie priv\u00e9e et des informations personnelles. Si vous avez des questions sur la mani\u00e8re dont nous traitons les donn\u00e9es des utilisateurs et les informations personnelles, veuillez nous contacter.<\/p>\n\n<h2 class=\"wp-block-heading\">Politique de cookies de Jossois<\/h2>\n\n<h3 class=\"wp-block-heading\">Qu&rsquo;est-ce qu&rsquo;un biscuit ?<\/h3>\n\n<p>Comme la plupart des sites professionnels, ce site utilise des cookies, qui sont de petits fichiers t\u00e9l\u00e9charg\u00e9s sur votre ordinateur, afin d&rsquo;am\u00e9liorer votre exp\u00e9rience. Cette page d\u00e9crit les informations qu&rsquo;ils collectent, comment nous les utilisons et pourquoi nous avons parfois besoin de stocker ces cookies. Nous vous indiquerons \u00e9galement comment vous pouvez emp\u00eacher ces cookies d&rsquo;\u00eatre stock\u00e9s, mais cela peut entra\u00eener une d\u00e9gradation ou une interruption de certains \u00e9l\u00e9ments de la fonctionnalit\u00e9 du site web.<\/p>\n\n<h3 class=\"wp-block-heading\">Comment utilisons-nous les cookies ?<\/h3>\n\n<p>Nous utilisons des cookies pour diverses raisons, d\u00e9taill\u00e9es ci-dessous. Malheureusement, dans la plupart des cas, il n&rsquo;existe pas d&rsquo;options standard pour d\u00e9sactiver les cookies sans d\u00e9sactiver compl\u00e8tement les fonctionnalit\u00e9s et les caract\u00e9ristiques qu&rsquo;ils ajoutent \u00e0 ce site web. Il est recommand\u00e9 de laisser tous les cookies si vous n&rsquo;\u00eates pas s\u00fbr d&rsquo;en avoir besoin ou non, au cas o\u00f9 ils seraient utilis\u00e9s pour fournir un service que vous utilisez.<\/p>\n\n<h3 class=\"wp-block-heading\">D\u00e9sactiver les cookies<\/h3>\n\n<p>Vous pouvez emp\u00eacher l&rsquo;installation de cookies en ajustant les param\u00e8tres de votre navigateur (voir l&rsquo;aide de votre navigateur pour savoir comment proc\u00e9der). Sachez que la d\u00e9sactivation des cookies affectera la fonctionnalit\u00e9 de ce site et de nombreux autres sites que vous visitez. La d\u00e9sactivation des cookies entra\u00eene g\u00e9n\u00e9ralement la d\u00e9sactivation de certaines fonctionnalit\u00e9s et caract\u00e9ristiques de ce site web. Nous vous recommandons donc de ne pas d\u00e9sactiver les cookies.<\/p>\n\n<h3 class=\"wp-block-heading\">Cookies que nous utilisons<\/h3>\n\n<ul class=\"wp-block-list\">\n<li>Cookies li\u00e9s au compte Si vous cr\u00e9ez un compte chez nous, nous utiliserons des cookies pour g\u00e9rer le processus d&rsquo;inscription et l&rsquo;administration g\u00e9n\u00e9rale. Ces cookies sont g\u00e9n\u00e9ralement supprim\u00e9s lorsque vous vous d\u00e9connectez, mais dans certains cas, ils peuvent rester en place pour se souvenir de vos pr\u00e9f\u00e9rences sur le site web lorsque vous le quittez.<\/li>\n\n\n\n<li>Cookies li\u00e9s \u00e0 la connexionNous utilisons des cookies lorsque vous \u00eates connect\u00e9 afin de nous souvenir de cette action. Cela vous \u00e9vite de devoir vous connecter \u00e0 chaque fois que vous visitez une nouvelle page. Ces cookies sont normalement supprim\u00e9s ou effac\u00e9s lorsque vous vous d\u00e9connectez afin de garantir que vous ne puissiez acc\u00e9der \u00e0 des fonctions et zones restreintes que lorsque vous vous connectez.<\/li>\n\n\n\n<li>Cookies li\u00e9s aux bulletins d&rsquo;information \u00e9lectroniquesCe site propose des services d&rsquo;abonnement \u00e0 des bulletins d&rsquo;information ou \u00e0 des courriers \u00e9lectroniques et des cookies peuvent \u00eatre utilis\u00e9s pour savoir si vous \u00eates d\u00e9j\u00e0 inscrit et pour afficher certaines notifications valables uniquement pour les utilisateurs abonn\u00e9s\/d\u00e9sabonn\u00e9s.<\/li>\n\n\n\n<li>Cookies li\u00e9s au traitement des commandesCe site web propose des services de commerce \u00e9lectronique ou de paiement et certains cookies sont essentiels pour garantir que votre commande est m\u00e9moris\u00e9e entre les pages afin que nous puissions la traiter correctement.<\/li>\n\n\n\n<li>Nous proposons p\u00e9riodiquement des enqu\u00eates et des questionnaires pour fournir des informations int\u00e9ressantes, des outils utiles ou pour comprendre plus pr\u00e9cis\u00e9ment notre base d&rsquo;utilisateurs. Ces enqu\u00eates peuvent utiliser des cookies pour se souvenir des personnes qui ont d\u00e9j\u00e0 particip\u00e9 \u00e0 une enqu\u00eate ou pour fournir des r\u00e9sultats pr\u00e9cis apr\u00e8s avoir chang\u00e9 de page.<\/li>\n\n\n\n<li>Cookies li\u00e9s aux formulairesLorsque vous envoyez des donn\u00e9es par l&rsquo;interm\u00e9diaire d&rsquo;un formulaire, comme ceux que l&rsquo;on trouve sur les pages de contact ou les formulaires de commentaires, des cookies peuvent \u00eatre install\u00e9s pour m\u00e9moriser les d\u00e9tails de l&rsquo;utilisateur en vue d&rsquo;une correspondance ult\u00e9rieure.<\/li>\n\n\n\n<li>Cookies de pr\u00e9f\u00e9rence de sitePour vous offrir une exp\u00e9rience agr\u00e9able sur ce site, nous vous offrons la possibilit\u00e9 de d\u00e9finir vos pr\u00e9f\u00e9rences quant au fonctionnement de ce site lorsque vous l&rsquo;utilisez. Pour m\u00e9moriser vos pr\u00e9f\u00e9rences, nous devons installer des cookies afin que ces informations puissent \u00eatre appel\u00e9es chaque fois que vous interagissez avec une page affect\u00e9e par vos pr\u00e9f\u00e9rences.<\/li>\n<\/ul>\n\n<h3 class=\"wp-block-heading\">Cookies de tiers<\/h3>\n\n<p>Dans certains cas particuliers, nous utilisons \u00e9galement des cookies fournis par des tiers fiables. La section suivante d\u00e9taille les cookies de tiers que vous pouvez rencontrer sur ce site web.<\/p>\n\n<ul class=\"wp-block-list\">\n<li>Ce site utilise Google Analytics, l&rsquo;une des solutions d&rsquo;analyse les plus r\u00e9pandues et les plus fiables sur le web, pour nous aider \u00e0 comprendre comment vous utilisez le site et comment nous pouvons am\u00e9liorer votre exp\u00e9rience. Ces cookies permettent de savoir combien de temps vous passez sur le site et les pages que vous visitez, afin que nous puissions continuer \u00e0 produire un contenu attrayant.<\/li>\n<\/ul>\n\n<p>Pour plus d&rsquo;informations sur les cookies de Google Analytics, consultez la page officielle de Google Analytics.<\/p>\n\n<ul class=\"wp-block-list\">\n<li>Les analyses de tiers sont utilis\u00e9es pour suivre et mesurer l&rsquo;utilisation de ce site afin que nous puissions continuer \u00e0 produire un contenu attrayant. Ces cookies peuvent suivre des \u00e9l\u00e9ments tels que le temps que vous passez sur le site ou les pages que vous visitez, ce qui nous aide \u00e0 comprendre comment nous pouvons am\u00e9liorer le site pour vous.<\/li>\n\n\n\n<li>Nous testons r\u00e9guli\u00e8rement de nouvelles fonctionnalit\u00e9s et apportons des modifications subtiles \u00e0 l&rsquo;apparence du site. Lorsque nous testons encore de nouvelles fonctionnalit\u00e9s, ces cookies peuvent \u00eatre utilis\u00e9s pour garantir une exp\u00e9rience coh\u00e9rente sur le site, tout en nous permettant de comprendre quelles sont les optimisations les plus appr\u00e9ci\u00e9es par nos utilisateurs.<\/li>\n\n\n\n<li>Comme nous vendons des produits, il est important pour nous de comprendre les statistiques sur le nombre de visiteurs de notre site qui ach\u00e8tent effectivement, et c&rsquo;est donc ce type de donn\u00e9es que ces cookies suivront. C&rsquo;est important pour vous car cela nous permet de faire des pr\u00e9visions commerciales pr\u00e9cises qui nous permettent d&rsquo;analyser nos co\u00fbts publicitaires et nos produits afin de garantir le meilleur prix possible.<\/li>\n<\/ul>\n\n<h3 class=\"wp-block-heading\">Engagement de l&rsquo;utilisateur<\/h3>\n\n<p>L&rsquo;utilisateur s&rsquo;engage \u00e0 faire un usage appropri\u00e9 du contenu et des informations propos\u00e9s par Jossois sur le site web, et ce \u00e0 titre d&rsquo;exemple mais non limitatif :<\/p>\n\n<ul class=\"wp-block-list\">\n<li>A) Ne pas s&rsquo;engager dans des activit\u00e9s ill\u00e9gales ou contraires \u00e0 la bonne foi ou \u00e0 l&rsquo;ordre public ;<\/li>\n\n\n\n<li>B) Ne pas diffuser de propagande ou de contenu \u00e0 caract\u00e8re raciste, x\u00e9nophobe, ou concernant les casinos, les <a href=\"https:\/\/ondeapostar.pt\/\">bookmakers<\/a> (par exemple <a href=\"https:\/\/ondeapostar.pt\/review\/betway\/\">Betway<\/a>), les jeux de hasard, tout type de pornographie ill\u00e9gale, ou faisant l&rsquo;apologie du terrorisme ou des droits de l&rsquo;homme ;<\/li>\n\n\n\n<li>C) Ne pas causer de dommages aux syst\u00e8mes physiques (hardware) et logiques (software) de Jossois, de ses fournisseurs ou de tiers, introduire ou diffuser des virus informatiques ou tout autre syst\u00e8me hardware ou software capable de causer les dommages susmentionn\u00e9s.<\/li>\n<\/ul>\n\n<h3 class=\"wp-block-heading\">Plus d&rsquo;informations<\/h3>\n\n<p>Nous esp\u00e9rons avoir \u00e9clairci ce point et, comme indiqu\u00e9 pr\u00e9c\u00e9demment, si vous n&rsquo;\u00eates pas s\u00fbr d&rsquo;avoir besoin de quelque chose, il est g\u00e9n\u00e9ralement plus prudent de laisser les cookies activ\u00e9s si vous interagissez avec l&rsquo;une des fonctions que vous utilisez sur notre site.<\/p>\n\n<p>Cette politique entre en vigueur en <strong>f\u00e9vrier 2021<\/strong>.<\/p>\n","protected":false},"excerpt":{"rendered":"<p>Politique de confidentialit\u00e9 Nous accordons une grande importance \u00e0 la protection de votre vie priv\u00e9e. La politique de Jossois est de respecter votre vie priv\u00e9e en ce qui concerne les informations que nous pouvons recueillir sur notre site web, Jossois, et d&rsquo;autres sites que nous poss\u00e9dons et exploitons. Nous ne demandons des informations personnelles que [&hellip;]<\/p>\n","protected":false},"author":1,"featured_media":0,"parent":0,"menu_order":0,"comment_status":"closed","ping_status":"closed","template":"","meta":{"footnotes":""},"class_list":["post-9286","page","type-page","status-publish","hentry"],"acf":[],"yoast_head":"<!-- This site is optimized with the Yoast SEO plugin v23.0 - https:\/\/yoast.com\/wordpress\/plugins\/seo\/ -->\n<title>Politique de confidentialit\u00e9 - Jossois<\/title>\n<meta name=\"robots\" content=\"index, follow, max-snippet:-1, max-image-preview:large, max-video-preview:-1\" \/>\n<link rel=\"canonical\" href=\"https:\/\/www.jossois.com\/fr\/politique-de-confidentialite\/\" \/>\n<meta property=\"og:locale\" content=\"fr_FR\" \/>\n<meta property=\"og:type\" content=\"article\" \/>\n<meta property=\"og:title\" content=\"Politique de confidentialit\u00e9 - Jossois\" \/>\n<meta property=\"og:description\" content=\"Politique de confidentialit\u00e9 Nous accordons une grande importance \u00e0 la protection de votre vie priv\u00e9e. La politique de Jossois est de respecter votre vie priv\u00e9e en ce qui concerne les informations que nous pouvons recueillir sur notre site web, Jossois, et d&rsquo;autres sites que nous poss\u00e9dons et exploitons. Nous ne demandons des informations personnelles que [&hellip;]\" \/>\n<meta property=\"og:url\" content=\"https:\/\/www.jossois.com\/fr\/politique-de-confidentialite\/\" \/>\n<meta property=\"og:site_name\" content=\"Jossois\" \/>\n<meta property=\"article:modified_time\" content=\"2023-10-13T09:49:06+00:00\" \/>\n<meta name=\"twitter:card\" content=\"summary_large_image\" \/>\n<meta name=\"twitter:label1\" content=\"Dur\u00e9e de lecture estim\u00e9e\" \/>\n\t<meta name=\"twitter:data1\" content=\"7 minutes\" \/>\n<script type=\"application\/ld+json\" class=\"yoast-schema-graph\">{\"@context\":\"https:\/\/schema.org\",\"@graph\":[{\"@type\":\"WebPage\",\"@id\":\"https:\/\/www.jossois.com\/fr\/politique-de-confidentialite\/\",\"url\":\"https:\/\/www.jossois.com\/fr\/politique-de-confidentialite\/\",\"name\":\"Politique de confidentialit\u00e9 - Jossois\",\"isPartOf\":{\"@id\":\"https:\/\/www.jossois.com\/#website\"},\"datePublished\":\"2023-01-12T11:23:40+00:00\",\"dateModified\":\"2023-10-13T09:49:06+00:00\",\"breadcrumb\":{\"@id\":\"https:\/\/www.jossois.com\/fr\/politique-de-confidentialite\/#breadcrumb\"},\"inLanguage\":\"fr-FR\",\"potentialAction\":[{\"@type\":\"ReadAction\",\"target\":[\"https:\/\/www.jossois.com\/fr\/politique-de-confidentialite\/\"]}]},{\"@type\":\"BreadcrumbList\",\"@id\":\"https:\/\/www.jossois.com\/fr\/politique-de-confidentialite\/#breadcrumb\",\"itemListElement\":[{\"@type\":\"ListItem\",\"position\":1,\"name\":\"In\u00edcio\",\"item\":\"https:\/\/www.jossois.com\/fr\/\"},{\"@type\":\"ListItem\",\"position\":2,\"name\":\"Politique de confidentialit\u00e9\"}]},{\"@type\":\"WebSite\",\"@id\":\"https:\/\/www.jossois.com\/#website\",\"url\":\"https:\/\/www.jossois.com\/\",\"name\":\"Jossois\",\"description\":\"Fabricante de Guarda-S\u00f3is e Guarda-Chuvas\",\"potentialAction\":[{\"@type\":\"SearchAction\",\"target\":{\"@type\":\"EntryPoint\",\"urlTemplate\":\"https:\/\/www.jossois.com\/?s={search_term_string}\"},\"query-input\":\"required name=search_term_string\"}],\"inLanguage\":\"fr-FR\"}]}<\/script>\n<!-- \/ Yoast SEO plugin. -->","yoast_head_json":{"title":"Politique de confidentialit\u00e9 - Jossois","robots":{"index":"index","follow":"follow","max-snippet":"max-snippet:-1","max-image-preview":"max-image-preview:large","max-video-preview":"max-video-preview:-1"},"canonical":"https:\/\/www.jossois.com\/fr\/politique-de-confidentialite\/","og_locale":"fr_FR","og_type":"article","og_title":"Politique de confidentialit\u00e9 - Jossois","og_description":"Politique de confidentialit\u00e9 Nous accordons une grande importance \u00e0 la protection de votre vie priv\u00e9e. La politique de Jossois est de respecter votre vie priv\u00e9e en ce qui concerne les informations que nous pouvons recueillir sur notre site web, Jossois, et d&rsquo;autres sites que nous poss\u00e9dons et exploitons. Nous ne demandons des informations personnelles que [&hellip;]","og_url":"https:\/\/www.jossois.com\/fr\/politique-de-confidentialite\/","og_site_name":"Jossois","article_modified_time":"2023-10-13T09:49:06+00:00","twitter_card":"summary_large_image","twitter_misc":{"Dur\u00e9e de lecture estim\u00e9e":"7 minutes"},"schema":{"@context":"https:\/\/schema.org","@graph":[{"@type":"WebPage","@id":"https:\/\/www.jossois.com\/fr\/politique-de-confidentialite\/","url":"https:\/\/www.jossois.com\/fr\/politique-de-confidentialite\/","name":"Politique de confidentialit\u00e9 - Jossois","isPartOf":{"@id":"https:\/\/www.jossois.com\/#website"},"datePublished":"2023-01-12T11:23:40+00:00","dateModified":"2023-10-13T09:49:06+00:00","breadcrumb":{"@id":"https:\/\/www.jossois.com\/fr\/politique-de-confidentialite\/#breadcrumb"},"inLanguage":"fr-FR","potentialAction":[{"@type":"ReadAction","target":["https:\/\/www.jossois.com\/fr\/politique-de-confidentialite\/"]}]},{"@type":"BreadcrumbList","@id":"https:\/\/www.jossois.com\/fr\/politique-de-confidentialite\/#breadcrumb","itemListElement":[{"@type":"ListItem","position":1,"name":"In\u00edcio","item":"https:\/\/www.jossois.com\/fr\/"},{"@type":"ListItem","position":2,"name":"Politique de confidentialit\u00e9"}]},{"@type":"WebSite","@id":"https:\/\/www.jossois.com\/#website","url":"https:\/\/www.jossois.com\/","name":"Jossois","description":"Fabricante de Guarda-S\u00f3is e Guarda-Chuvas","potentialAction":[{"@type":"SearchAction","target":{"@type":"EntryPoint","urlTemplate":"https:\/\/www.jossois.com\/?s={search_term_string}"},"query-input":"required name=search_term_string"}],"inLanguage":"fr-FR"}]}},"_links":{"self":[{"href":"https:\/\/www.jossois.com\/fr\/wp-json\/wp\/v2\/pages\/9286","targetHints":{"allow":["GET"]}}],"collection":[{"href":"https:\/\/www.jossois.com\/fr\/wp-json\/wp\/v2\/pages"}],"about":[{"href":"https:\/\/www.jossois.com\/fr\/wp-json\/wp\/v2\/types\/page"}],"author":[{"embeddable":true,"href":"https:\/\/www.jossois.com\/fr\/wp-json\/wp\/v2\/users\/1"}],"replies":[{"embeddable":true,"href":"https:\/\/www.jossois.com\/fr\/wp-json\/wp\/v2\/comments?post=9286"}],"version-history":[{"count":1,"href":"https:\/\/www.jossois.com\/fr\/wp-json\/wp\/v2\/pages\/9286\/revisions"}],"predecessor-version":[{"id":9300,"href":"https:\/\/www.jossois.com\/fr\/wp-json\/wp\/v2\/pages\/9286\/revisions\/9300"}],"wp:attachment":[{"href":"https:\/\/www.jossois.com\/fr\/wp-json\/wp\/v2\/media?parent=9286"}],"curies":[{"name":"wp","href":"https:\/\/api.w.org\/{rel}","templated":true}]}}