{"id":9298,"date":"2023-01-12T11:22:42","date_gmt":"2023-01-12T11:22:42","guid":{"rendered":"https:\/\/jossois.com\/conditions-dutilisation\/"},"modified":"2023-10-13T09:48:57","modified_gmt":"2023-10-13T09:48:57","slug":"conditions-dutilisation","status":"publish","type":"page","link":"https:\/\/www.jossois.com\/fr\/conditions-dutilisation\/","title":{"rendered":"Conditions d&rsquo;utilisation"},"content":{"rendered":"\n<h2 class=\"wp-block-heading\">1. conditions<\/h2>\n\n<p>En acc\u00e9dant au site web de <a href=\"http:\/\/www.jossois.com\/\">Jossois<\/a>, vous acceptez de vous conformer \u00e0 ces conditions de service, \u00e0 toutes les lois et r\u00e9glementations applicables, et vous acceptez d&rsquo;\u00eatre responsable du respect de toutes les lois locales applicables. Si vous n&rsquo;acceptez pas l&rsquo;une de ces conditions, il vous est interdit d&rsquo;utiliser ou d&rsquo;acc\u00e9der \u00e0 ce site web. Le contenu de ce site est prot\u00e9g\u00e9 par les lois applicables en mati\u00e8re de droits d&rsquo;auteur et de marques commerciales.<\/p>\n\n<h2 class=\"wp-block-heading\">2. Utilisation de la licence<\/h2>\n\n<p>Il est permis de t\u00e9l\u00e9charger temporairement une copie du mat\u00e9riel (information ou logiciel) sur le site web de Jossois pour une visualisation transitoire personnelle et non commerciale uniquement. Il s&rsquo;agit de l&rsquo;octroi d&rsquo;une licence, et non d&rsquo;un transfert de titre, et en vertu de cette licence, vous ne pouvez pas :  <\/p>\n\n<ol class=\"wp-block-list\">\n<li>modifier ou copier le mat\u00e9riel ;  <\/li>\n\n\n\n<li>utiliser le mat\u00e9riel \u00e0 des fins commerciales ou pour une pr\u00e9sentation publique (commerciale ou non) ;  <\/li>\n\n\n\n<li>tenter de d\u00e9compiler ou d&rsquo;inverser l&rsquo;ing\u00e9nierie de tout logiciel contenu sur le site web de Jossois ;  <\/li>\n\n\n\n<li>supprimer toute mention de droit d&rsquo;auteur ou autre mention de propri\u00e9t\u00e9 du mat\u00e9riel ; ou  <\/li>\n\n\n\n<li>transf\u00e9rer le mat\u00e9riel \u00e0 quelqu&rsquo;un d&rsquo;autre ou le mettre en miroir sur un autre serveur.<\/li>\n<\/ol>\n\n<p>Cette licence sera automatiquement r\u00e9sili\u00e9e si vous ne respectez pas l&rsquo;une de ces restrictions et peut \u00eatre r\u00e9sili\u00e9e par Jossois \u00e0 tout moment. Lorsque vous cessez de consulter ces documents ou lorsque la pr\u00e9sente licence prend fin, vous devez supprimer tous les documents t\u00e9l\u00e9charg\u00e9s en votre possession, qu&rsquo;ils soient sous forme \u00e9lectronique ou imprim\u00e9e.<\/p>\n\n<h2 class=\"wp-block-heading\">3. Clause de non-responsabilit\u00e9<\/h2>\n\n<ol class=\"wp-block-list\">\n<li>Le contenu du site web de Jossois est fourni \u00ab\u00a0en l&rsquo;\u00e9tat\u00a0\u00bb. Jossois ne donne aucune garantie, expresse ou implicite, et rejette par la pr\u00e9sente toutes les autres garanties, y compris, sans limitation, les garanties ou conditions implicites de qualit\u00e9 marchande, d&rsquo;ad\u00e9quation \u00e0 un usage particulier ou de non-violation de la propri\u00e9t\u00e9 intellectuelle ou d&rsquo;autres violations des droits.<\/li>\n\n\n\n<li>En outre, Jossois ne garantit pas et ne fait aucune d\u00e9claration concernant l&rsquo;exactitude, les r\u00e9sultats probables ou la fiabilit\u00e9 de l&rsquo;utilisation du mat\u00e9riel sur son site Internet ou concernant ce mat\u00e9riel ou tout autre site li\u00e9 \u00e0 ce site.<\/li>\n<\/ol>\n\n<h2 class=\"wp-block-heading\">4. Limites<\/h2>\n\n<p>En aucun cas Jossois ou ses fournisseurs ne pourront \u00eatre tenus responsables des dommages (y compris, mais sans s&rsquo;y limiter, les dommages li\u00e9s \u00e0 la perte de donn\u00e9es ou de b\u00e9n\u00e9fices, ou \u00e0 l&rsquo;interruption d&rsquo;activit\u00e9) r\u00e9sultant de l&rsquo;utilisation ou de l&rsquo;impossibilit\u00e9 d&rsquo;utiliser le mat\u00e9riel de Jossois, m\u00eame si Jossois ou un repr\u00e9sentant autoris\u00e9 de Jossois a \u00e9t\u00e9 inform\u00e9 oralement ou par \u00e9crit de la possibilit\u00e9 de tels dommages. Comme certaines juridictions n&rsquo;autorisent pas les limitations des garanties implicites ou les limitations de responsabilit\u00e9 pour les dommages cons\u00e9cutifs ou accidentels, ces limitations peuvent ne pas s&rsquo;appliquer \u00e0 vous.<\/p>\n\n<h2 class=\"wp-block-heading\">5. Pr\u00e9cision des mat\u00e9riaux<\/h2>\n\n<p>Le mat\u00e9riel figurant sur le site web de Jossois peut contenir des erreurs techniques, typographiques ou photographiques. Jossois ne garantit pas l&rsquo;exactitude, l&rsquo;exhaustivit\u00e9 ou l&rsquo;actualit\u00e9 du contenu de son site web. Jossois peut modifier le contenu de son site web \u00e0 tout moment et sans pr\u00e9avis. Toutefois, Jossois ne s&rsquo;engage pas \u00e0 mettre \u00e0 jour le mat\u00e9riel.<\/p>\n\n<h2 class=\"wp-block-heading\">6. Liens<\/h2>\n\n<p>Jossois n&rsquo;a pas v\u00e9rifi\u00e9 tous les sites reli\u00e9s \u00e0 son site et n&rsquo;est pas responsable du contenu de ces sites. L&rsquo;inclusion d&rsquo;un lien n&rsquo;implique pas l&rsquo;approbation du site par Jossois. L&rsquo;utilisation de tout site li\u00e9 se fait aux risques et p\u00e9rils de l&rsquo;utilisateur.<\/p>\n\n<h3 class=\"wp-block-heading\">Modifications<\/h3>\n\n<p>Jossois peut r\u00e9viser les conditions d&rsquo;utilisation de ce site web \u00e0 tout moment et sans pr\u00e9avis. En utilisant ce site, vous acceptez d&rsquo;\u00eatre li\u00e9 par la version actuelle de ces conditions de service.<\/p>\n\n<h3 class=\"wp-block-heading\">Droit applicable<\/h3>\n\n<p>Les pr\u00e9sentes conditions sont r\u00e9gies et interpr\u00e9t\u00e9es conform\u00e9ment aux lois de Jossois et vous vous soumettez irr\u00e9vocablement \u00e0 la comp\u00e9tence exclusive des tribunaux de cet \u00c9tat ou de cette localit\u00e9.<\/p>\n","protected":false},"excerpt":{"rendered":"<p>1. conditions En acc\u00e9dant au site web de Jossois, vous acceptez de vous conformer \u00e0 ces conditions de service, \u00e0 toutes les lois et r\u00e9glementations applicables, et vous acceptez d&rsquo;\u00eatre responsable du respect de toutes les lois locales applicables. Si vous n&rsquo;acceptez pas l&rsquo;une de ces conditions, il vous est interdit d&rsquo;utiliser ou d&rsquo;acc\u00e9der \u00e0 [&hellip;]<\/p>\n","protected":false},"author":1,"featured_media":0,"parent":0,"menu_order":0,"comment_status":"closed","ping_status":"closed","template":"","meta":{"footnotes":""},"class_list":["post-9298","page","type-page","status-publish","hentry"],"acf":[],"yoast_head":"<!-- This site is optimized with the Yoast SEO plugin v23.0 - https:\/\/yoast.com\/wordpress\/plugins\/seo\/ -->\n<title>Conditions d&#039;utilisation - Jossois<\/title>\n<meta name=\"robots\" content=\"index, follow, max-snippet:-1, max-image-preview:large, max-video-preview:-1\" \/>\n<link rel=\"canonical\" href=\"https:\/\/www.jossois.com\/fr\/conditions-dutilisation\/\" \/>\n<meta property=\"og:locale\" content=\"fr_FR\" \/>\n<meta property=\"og:type\" content=\"article\" \/>\n<meta property=\"og:title\" content=\"Conditions d&#039;utilisation - Jossois\" \/>\n<meta property=\"og:description\" content=\"1. conditions En acc\u00e9dant au site web de Jossois, vous acceptez de vous conformer \u00e0 ces conditions de service, \u00e0 toutes les lois et r\u00e9glementations applicables, et vous acceptez d&rsquo;\u00eatre responsable du respect de toutes les lois locales applicables. Si vous n&rsquo;acceptez pas l&rsquo;une de ces conditions, il vous est interdit d&rsquo;utiliser ou d&rsquo;acc\u00e9der \u00e0 [&hellip;]\" \/>\n<meta property=\"og:url\" content=\"https:\/\/www.jossois.com\/fr\/conditions-dutilisation\/\" \/>\n<meta property=\"og:site_name\" content=\"Jossois\" \/>\n<meta property=\"article:modified_time\" content=\"2023-10-13T09:48:57+00:00\" \/>\n<meta name=\"twitter:card\" content=\"summary_large_image\" \/>\n<meta name=\"twitter:label1\" content=\"Dur\u00e9e de lecture estim\u00e9e\" \/>\n\t<meta name=\"twitter:data1\" content=\"3 minutes\" \/>\n<script type=\"application\/ld+json\" class=\"yoast-schema-graph\">{\"@context\":\"https:\/\/schema.org\",\"@graph\":[{\"@type\":\"WebPage\",\"@id\":\"https:\/\/www.jossois.com\/fr\/conditions-dutilisation\/\",\"url\":\"https:\/\/www.jossois.com\/fr\/conditions-dutilisation\/\",\"name\":\"Conditions d'utilisation - Jossois\",\"isPartOf\":{\"@id\":\"https:\/\/www.jossois.com\/#website\"},\"datePublished\":\"2023-01-12T11:22:42+00:00\",\"dateModified\":\"2023-10-13T09:48:57+00:00\",\"breadcrumb\":{\"@id\":\"https:\/\/www.jossois.com\/fr\/conditions-dutilisation\/#breadcrumb\"},\"inLanguage\":\"fr-FR\",\"potentialAction\":[{\"@type\":\"ReadAction\",\"target\":[\"https:\/\/www.jossois.com\/fr\/conditions-dutilisation\/\"]}]},{\"@type\":\"BreadcrumbList\",\"@id\":\"https:\/\/www.jossois.com\/fr\/conditions-dutilisation\/#breadcrumb\",\"itemListElement\":[{\"@type\":\"ListItem\",\"position\":1,\"name\":\"In\u00edcio\",\"item\":\"https:\/\/www.jossois.com\/fr\/\"},{\"@type\":\"ListItem\",\"position\":2,\"name\":\"Conditions d&rsquo;utilisation\"}]},{\"@type\":\"WebSite\",\"@id\":\"https:\/\/www.jossois.com\/#website\",\"url\":\"https:\/\/www.jossois.com\/\",\"name\":\"Jossois\",\"description\":\"Fabricante de Guarda-S\u00f3is e Guarda-Chuvas\",\"potentialAction\":[{\"@type\":\"SearchAction\",\"target\":{\"@type\":\"EntryPoint\",\"urlTemplate\":\"https:\/\/www.jossois.com\/?s={search_term_string}\"},\"query-input\":\"required name=search_term_string\"}],\"inLanguage\":\"fr-FR\"}]}<\/script>\n<!-- \/ Yoast SEO plugin. -->","yoast_head_json":{"title":"Conditions d'utilisation - Jossois","robots":{"index":"index","follow":"follow","max-snippet":"max-snippet:-1","max-image-preview":"max-image-preview:large","max-video-preview":"max-video-preview:-1"},"canonical":"https:\/\/www.jossois.com\/fr\/conditions-dutilisation\/","og_locale":"fr_FR","og_type":"article","og_title":"Conditions d'utilisation - Jossois","og_description":"1. conditions En acc\u00e9dant au site web de Jossois, vous acceptez de vous conformer \u00e0 ces conditions de service, \u00e0 toutes les lois et r\u00e9glementations applicables, et vous acceptez d&rsquo;\u00eatre responsable du respect de toutes les lois locales applicables. Si vous n&rsquo;acceptez pas l&rsquo;une de ces conditions, il vous est interdit d&rsquo;utiliser ou d&rsquo;acc\u00e9der \u00e0 [&hellip;]","og_url":"https:\/\/www.jossois.com\/fr\/conditions-dutilisation\/","og_site_name":"Jossois","article_modified_time":"2023-10-13T09:48:57+00:00","twitter_card":"summary_large_image","twitter_misc":{"Dur\u00e9e de lecture estim\u00e9e":"3 minutes"},"schema":{"@context":"https:\/\/schema.org","@graph":[{"@type":"WebPage","@id":"https:\/\/www.jossois.com\/fr\/conditions-dutilisation\/","url":"https:\/\/www.jossois.com\/fr\/conditions-dutilisation\/","name":"Conditions d'utilisation - Jossois","isPartOf":{"@id":"https:\/\/www.jossois.com\/#website"},"datePublished":"2023-01-12T11:22:42+00:00","dateModified":"2023-10-13T09:48:57+00:00","breadcrumb":{"@id":"https:\/\/www.jossois.com\/fr\/conditions-dutilisation\/#breadcrumb"},"inLanguage":"fr-FR","potentialAction":[{"@type":"ReadAction","target":["https:\/\/www.jossois.com\/fr\/conditions-dutilisation\/"]}]},{"@type":"BreadcrumbList","@id":"https:\/\/www.jossois.com\/fr\/conditions-dutilisation\/#breadcrumb","itemListElement":[{"@type":"ListItem","position":1,"name":"In\u00edcio","item":"https:\/\/www.jossois.com\/fr\/"},{"@type":"ListItem","position":2,"name":"Conditions d&rsquo;utilisation"}]},{"@type":"WebSite","@id":"https:\/\/www.jossois.com\/#website","url":"https:\/\/www.jossois.com\/","name":"Jossois","description":"Fabricante de Guarda-S\u00f3is e Guarda-Chuvas","potentialAction":[{"@type":"SearchAction","target":{"@type":"EntryPoint","urlTemplate":"https:\/\/www.jossois.com\/?s={search_term_string}"},"query-input":"required name=search_term_string"}],"inLanguage":"fr-FR"}]}},"_links":{"self":[{"href":"https:\/\/www.jossois.com\/fr\/wp-json\/wp\/v2\/pages\/9298","targetHints":{"allow":["GET"]}}],"collection":[{"href":"https:\/\/www.jossois.com\/fr\/wp-json\/wp\/v2\/pages"}],"about":[{"href":"https:\/\/www.jossois.com\/fr\/wp-json\/wp\/v2\/types\/page"}],"author":[{"embeddable":true,"href":"https:\/\/www.jossois.com\/fr\/wp-json\/wp\/v2\/users\/1"}],"replies":[{"embeddable":true,"href":"https:\/\/www.jossois.com\/fr\/wp-json\/wp\/v2\/comments?post=9298"}],"version-history":[{"count":1,"href":"https:\/\/www.jossois.com\/fr\/wp-json\/wp\/v2\/pages\/9298\/revisions"}],"predecessor-version":[{"id":9307,"href":"https:\/\/www.jossois.com\/fr\/wp-json\/wp\/v2\/pages\/9298\/revisions\/9307"}],"wp:attachment":[{"href":"https:\/\/www.jossois.com\/fr\/wp-json\/wp\/v2\/media?parent=9298"}],"curies":[{"name":"wp","href":"https:\/\/api.w.org\/{rel}","templated":true}]}}