{"id":2744,"date":"2023-01-17T17:05:50","date_gmt":"2023-01-17T17:05:50","guid":{"rendered":"https:\/\/jossois.outweb.pt\/?post_type=product&#038;p=2744"},"modified":"2025-04-17T15:47:01","modified_gmt":"2025-04-17T15:47:01","slug":"base-metalica-22kg","status":"publish","type":"product","link":"https:\/\/www.jossois.com\/fr\/produto\/base-metalica-22kg\/","title":{"rendered":"Base met\u00e1lica 21kg"},"content":{"rendered":"<p>Base met\u00e1lica com apoios para ajustar ao pavimento<\/p>\n","protected":false},"excerpt":{"rendered":"<p>Para guarda-s\u00f3is de 2x2m, 2,5&#215;2,5m e 3x3m<\/p>\n","protected":false},"featured_media":10798,"comment_status":"open","ping_status":"closed","template":"","meta":[],"product_cat":[41,43],"product_tag":[],"class_list":{"0":"post-2744","1":"product","2":"type-product","3":"status-publish","4":"has-post-thumbnail","6":"product_cat-bases","7":"product_cat-bases-metalicas","9":"first","10":"instock","11":"shipping-taxable","12":"product-type-variable"},"acf":[],"yoast_head":"<!-- This site is optimized with the Yoast SEO plugin v23.0 - https:\/\/yoast.com\/wordpress\/plugins\/seo\/ -->\n<title>Base met\u00e1lica 21kg - Jossois<\/title>\n<meta name=\"description\" content=\"Bases de guarda-sol resistentes e est\u00e1veis, ideais para uso em jardins, esplanadas e praias e hot\u00e9is. Compat\u00edveis com diversos modelos de guarda-s\u00f3is.\" \/>\n<meta name=\"robots\" content=\"index, follow, max-snippet:-1, max-image-preview:large, max-video-preview:-1\" \/>\n<link rel=\"canonical\" href=\"https:\/\/www.jossois.com\/produto\/base-metalica-22kg\/\" \/>\n<meta property=\"og:locale\" content=\"fr_FR\" \/>\n<meta property=\"og:type\" content=\"article\" \/>\n<meta property=\"og:title\" content=\"Base met\u00e1lica 21kg - Jossois\" \/>\n<meta property=\"og:description\" content=\"Bases de guarda-sol resistentes e est\u00e1veis, ideais para uso em jardins, esplanadas e praias e hot\u00e9is. Compat\u00edveis com diversos modelos de guarda-s\u00f3is.\" \/>\n<meta property=\"og:url\" content=\"https:\/\/www.jossois.com\/produto\/base-metalica-22kg\/\" \/>\n<meta property=\"og:site_name\" content=\"Jossois\" \/>\n<meta property=\"article:modified_time\" content=\"2025-04-17T15:47:01+00:00\" \/>\n<meta property=\"og:image\" content=\"https:\/\/www.jossois.com\/wp-content\/uploads\/2023\/01\/04030056_0008.png\" \/>\n\t<meta property=\"og:image:width\" content=\"900\" \/>\n\t<meta property=\"og:image:height\" content=\"900\" \/>\n\t<meta property=\"og:image:type\" content=\"image\/png\" \/>\n<meta name=\"twitter:card\" content=\"summary_large_image\" \/>\n<meta name=\"twitter:label1\" content=\"Dur\u00e9e de lecture estim\u00e9e\" \/>\n\t<meta name=\"twitter:data1\" content=\"1 minute\" \/>\n<script type=\"application\/ld+json\" class=\"yoast-schema-graph\">{\"@context\":\"https:\/\/schema.org\",\"@graph\":[{\"@type\":\"WebPage\",\"@id\":\"https:\/\/www.jossois.com\/produto\/base-metalica-22kg\/\",\"url\":\"https:\/\/www.jossois.com\/produto\/base-metalica-22kg\/\",\"name\":\"Base met\u00e1lica 21kg - Jossois\",\"isPartOf\":{\"@id\":\"https:\/\/www.jossois.com\/#website\"},\"primaryImageOfPage\":{\"@id\":\"https:\/\/www.jossois.com\/produto\/base-metalica-22kg\/#primaryimage\"},\"image\":{\"@id\":\"https:\/\/www.jossois.com\/produto\/base-metalica-22kg\/#primaryimage\"},\"thumbnailUrl\":\"https:\/\/www.jossois.com\/wp-content\/uploads\/2023\/01\/04030056_0008.png\",\"datePublished\":\"2023-01-17T17:05:50+00:00\",\"dateModified\":\"2025-04-17T15:47:01+00:00\",\"description\":\"Bases de guarda-sol resistentes e est\u00e1veis, ideais para uso em jardins, esplanadas e praias e hot\u00e9is. Compat\u00edveis com diversos modelos de guarda-s\u00f3is.\",\"breadcrumb\":{\"@id\":\"https:\/\/www.jossois.com\/produto\/base-metalica-22kg\/#breadcrumb\"},\"inLanguage\":\"fr-FR\",\"potentialAction\":[{\"@type\":\"ReadAction\",\"target\":[\"https:\/\/www.jossois.com\/produto\/base-metalica-22kg\/\"]}]},{\"@type\":\"ImageObject\",\"inLanguage\":\"fr-FR\",\"@id\":\"https:\/\/www.jossois.com\/produto\/base-metalica-22kg\/#primaryimage\",\"url\":\"https:\/\/www.jossois.com\/wp-content\/uploads\/2023\/01\/04030056_0008.png\",\"contentUrl\":\"https:\/\/www.jossois.com\/wp-content\/uploads\/2023\/01\/04030056_0008.png\",\"width\":900,\"height\":900,\"caption\":\"04030056_0008\"},{\"@type\":\"BreadcrumbList\",\"@id\":\"https:\/\/www.jossois.com\/produto\/base-metalica-22kg\/#breadcrumb\",\"itemListElement\":[{\"@type\":\"ListItem\",\"position\":1,\"name\":\"In\u00edcio\",\"item\":\"https:\/\/www.jossois.com\/fr\/\"},{\"@type\":\"ListItem\",\"position\":2,\"name\":\"Boutique\",\"item\":\"https:\/\/www.jossois.com\/fr\/boutique\/\"},{\"@type\":\"ListItem\",\"position\":3,\"name\":\"Base met\u00e1lica 21kg\"}]},{\"@type\":\"WebSite\",\"@id\":\"https:\/\/www.jossois.com\/#website\",\"url\":\"https:\/\/www.jossois.com\/\",\"name\":\"Jossois\",\"description\":\"Fabricante de Guarda-S\u00f3is e Guarda-Chuvas\",\"potentialAction\":[{\"@type\":\"SearchAction\",\"target\":{\"@type\":\"EntryPoint\",\"urlTemplate\":\"https:\/\/www.jossois.com\/?s={search_term_string}\"},\"query-input\":\"required name=search_term_string\"}],\"inLanguage\":\"fr-FR\"}]}<\/script>\n<!-- \/ Yoast SEO plugin. -->","yoast_head_json":{"title":"Base met\u00e1lica 21kg - Jossois","description":"Bases de guarda-sol resistentes e est\u00e1veis, ideais para uso em jardins, esplanadas e praias e hot\u00e9is. Compat\u00edveis com diversos modelos de guarda-s\u00f3is.","robots":{"index":"index","follow":"follow","max-snippet":"max-snippet:-1","max-image-preview":"max-image-preview:large","max-video-preview":"max-video-preview:-1"},"canonical":"https:\/\/www.jossois.com\/produto\/base-metalica-22kg\/","og_locale":"fr_FR","og_type":"article","og_title":"Base met\u00e1lica 21kg - Jossois","og_description":"Bases de guarda-sol resistentes e est\u00e1veis, ideais para uso em jardins, esplanadas e praias e hot\u00e9is. Compat\u00edveis com diversos modelos de guarda-s\u00f3is.","og_url":"https:\/\/www.jossois.com\/produto\/base-metalica-22kg\/","og_site_name":"Jossois","article_modified_time":"2025-04-17T15:47:01+00:00","og_image":[{"width":900,"height":900,"url":"https:\/\/www.jossois.com\/wp-content\/uploads\/2023\/01\/04030056_0008.png","type":"image\/png"}],"twitter_card":"summary_large_image","twitter_misc":{"Dur\u00e9e de lecture estim\u00e9e":"1 minute"},"schema":{"@context":"https:\/\/schema.org","@graph":[{"@type":"WebPage","@id":"https:\/\/www.jossois.com\/produto\/base-metalica-22kg\/","url":"https:\/\/www.jossois.com\/produto\/base-metalica-22kg\/","name":"Base met\u00e1lica 21kg - Jossois","isPartOf":{"@id":"https:\/\/www.jossois.com\/#website"},"primaryImageOfPage":{"@id":"https:\/\/www.jossois.com\/produto\/base-metalica-22kg\/#primaryimage"},"image":{"@id":"https:\/\/www.jossois.com\/produto\/base-metalica-22kg\/#primaryimage"},"thumbnailUrl":"https:\/\/www.jossois.com\/wp-content\/uploads\/2023\/01\/04030056_0008.png","datePublished":"2023-01-17T17:05:50+00:00","dateModified":"2025-04-17T15:47:01+00:00","description":"Bases de guarda-sol resistentes e est\u00e1veis, ideais para uso em jardins, esplanadas e praias e hot\u00e9is. Compat\u00edveis com diversos modelos de guarda-s\u00f3is.","breadcrumb":{"@id":"https:\/\/www.jossois.com\/produto\/base-metalica-22kg\/#breadcrumb"},"inLanguage":"fr-FR","potentialAction":[{"@type":"ReadAction","target":["https:\/\/www.jossois.com\/produto\/base-metalica-22kg\/"]}]},{"@type":"ImageObject","inLanguage":"fr-FR","@id":"https:\/\/www.jossois.com\/produto\/base-metalica-22kg\/#primaryimage","url":"https:\/\/www.jossois.com\/wp-content\/uploads\/2023\/01\/04030056_0008.png","contentUrl":"https:\/\/www.jossois.com\/wp-content\/uploads\/2023\/01\/04030056_0008.png","width":900,"height":900,"caption":"04030056_0008"},{"@type":"BreadcrumbList","@id":"https:\/\/www.jossois.com\/produto\/base-metalica-22kg\/#breadcrumb","itemListElement":[{"@type":"ListItem","position":1,"name":"In\u00edcio","item":"https:\/\/www.jossois.com\/fr\/"},{"@type":"ListItem","position":2,"name":"Boutique","item":"https:\/\/www.jossois.com\/fr\/boutique\/"},{"@type":"ListItem","position":3,"name":"Base met\u00e1lica 21kg"}]},{"@type":"WebSite","@id":"https:\/\/www.jossois.com\/#website","url":"https:\/\/www.jossois.com\/","name":"Jossois","description":"Fabricante de Guarda-S\u00f3is e Guarda-Chuvas","potentialAction":[{"@type":"SearchAction","target":{"@type":"EntryPoint","urlTemplate":"https:\/\/www.jossois.com\/?s={search_term_string}"},"query-input":"required name=search_term_string"}],"inLanguage":"fr-FR"}]}},"_links":{"self":[{"href":"https:\/\/www.jossois.com\/fr\/wp-json\/wp\/v2\/product\/2744","targetHints":{"allow":["GET"]}}],"collection":[{"href":"https:\/\/www.jossois.com\/fr\/wp-json\/wp\/v2\/product"}],"about":[{"href":"https:\/\/www.jossois.com\/fr\/wp-json\/wp\/v2\/types\/product"}],"replies":[{"embeddable":true,"href":"https:\/\/www.jossois.com\/fr\/wp-json\/wp\/v2\/comments?post=2744"}],"wp:featuredmedia":[{"embeddable":true,"href":"https:\/\/www.jossois.com\/fr\/wp-json\/wp\/v2\/media\/10798"}],"wp:attachment":[{"href":"https:\/\/www.jossois.com\/fr\/wp-json\/wp\/v2\/media?parent=2744"}],"wp:term":[{"taxonomy":"product_cat","embeddable":true,"href":"https:\/\/www.jossois.com\/fr\/wp-json\/wp\/v2\/product_cat?post=2744"},{"taxonomy":"product_tag","embeddable":true,"href":"https:\/\/www.jossois.com\/fr\/wp-json\/wp\/v2\/product_tag?post=2744"}],"curies":[{"name":"wp","href":"https:\/\/api.w.org\/{rel}","templated":true}]}}