{"id":919,"date":"2022-11-25T13:17:54","date_gmt":"2022-11-25T13:17:54","guid":{"rendered":"https:\/\/jossois.outweb.pt\/?post_type=product&#038;p=919"},"modified":"2023-09-15T09:51:24","modified_gmt":"2023-09-15T09:51:24","slug":"para-sol-modelo-hotel","status":"publish","type":"product","link":"https:\/\/www.jossois.com\/fr\/produto\/para-sol-modelo-hotel\/","title":{"rendered":"Guarda-sol Hotel 1,80m"},"content":{"rendered":"<div class=\"elementor-element elementor-element-2401917 elementor-widget elementor-widget-heading\" data-id=\"2401917\" data-element_type=\"widget\" data-widget_type=\"heading.default\">\n<h3 class=\"elementor-widget-container\">Eleg\u00e2ncia e Minimalismo<\/h3>\n<\/div>\n<div class=\"elementor-element elementor-element-87fbf4c elementor-widget elementor-widget-text-editor\" data-id=\"87fbf4c\" data-element_type=\"widget\" data-widget_type=\"text-editor.default\">\n<div class=\"elementor-widget-container\">\n<div class=\"elementor-text-editor elementor-clearfix\">\n<p>O guarda-sol modelo Hotel prima pela forma minimalista e imp\u00f5e um ambiente de requinte com uma eleg\u00e2ncia reconhecida.<\/p>\n<p>Pode ser encontrado nas vers\u00f5es com ou sem inclina\u00e7\u00e3o.<br \/>\nPossui haste bipartida.<\/p>\n<div class=\"elementor-element elementor-element-239ecbe elementor-widget elementor-widget-heading\" data-id=\"239ecbe\" data-element_type=\"widget\" data-widget_type=\"heading.default\">\n<div class=\"elementor-widget-container\">\n<h3><\/h3>\n<h3 class=\"elementor-heading-title elementor-size-default\">Adapt\u00e1vel e Personaliz\u00e1vel<\/h3>\n<\/div>\n<\/div>\n<div class=\"elementor-element elementor-element-b9f9b0d elementor-widget elementor-widget-text-editor\" data-id=\"b9f9b0d\" data-element_type=\"widget\" data-widget_type=\"text-editor.default\">\n<div class=\"elementor-widget-container\">\n<div class=\"elementor-text-editor elementor-clearfix\">\n<p>Este chap\u00e9u de sol est\u00e1 dispon\u00edvel na vers\u00e3o redonda com 1,80m.<\/p>\n<p>Haste em a\u00e7o ou alum\u00ednio.<\/p>\n<p>Possibilidade de personaliza\u00e7\u00e3o.<\/p>\n<\/div>\n<\/div>\n<\/div>\n<\/div>\n<\/div>\n<\/div>\n","protected":false},"excerpt":{"rendered":"<p>Guarda-sol elegante e minimalista<\/p>\n","protected":false},"featured_media":4622,"comment_status":"open","ping_status":"closed","template":"","meta":[],"product_cat":[26,36],"product_tag":[],"class_list":{"0":"post-919","1":"product","2":"type-product","3":"status-publish","4":"has-post-thumbnail","6":"product_cat-guarda-sois","7":"product_cat-colecao-premium","9":"first","10":"instock","11":"shipping-taxable","12":"product-type-variable"},"acf":[],"yoast_head":"<!-- This site is optimized with the Yoast SEO plugin v23.0 - https:\/\/yoast.com\/wordpress\/plugins\/seo\/ -->\n<title>Guarda-sol Hotel 1,80m - Jossois<\/title>\n<meta name=\"robots\" content=\"index, follow, max-snippet:-1, max-image-preview:large, max-video-preview:-1\" \/>\n<link rel=\"canonical\" href=\"https:\/\/www.jossois.com\/produto\/para-sol-modelo-hotel\/\" \/>\n<meta property=\"og:locale\" content=\"fr_FR\" \/>\n<meta property=\"og:type\" content=\"article\" \/>\n<meta property=\"og:title\" content=\"Guarda-sol Hotel 1,80m - Jossois\" \/>\n<meta property=\"og:description\" content=\"Guarda-sol elegante e minimalista\" \/>\n<meta property=\"og:url\" content=\"https:\/\/www.jossois.com\/produto\/para-sol-modelo-hotel\/\" \/>\n<meta property=\"og:site_name\" content=\"Jossois\" \/>\n<meta property=\"article:modified_time\" content=\"2023-09-15T09:51:24+00:00\" \/>\n<meta property=\"og:image\" content=\"https:\/\/www.jossois.com\/wp-content\/uploads\/2022\/11\/hotel-1.png\" \/>\n\t<meta property=\"og:image:width\" content=\"900\" \/>\n\t<meta property=\"og:image:height\" content=\"900\" \/>\n\t<meta property=\"og:image:type\" content=\"image\/png\" \/>\n<meta name=\"twitter:card\" content=\"summary_large_image\" \/>\n<meta name=\"twitter:label1\" content=\"Dur\u00e9e de lecture estim\u00e9e\" \/>\n\t<meta name=\"twitter:data1\" content=\"1 minute\" \/>\n<script type=\"application\/ld+json\" class=\"yoast-schema-graph\">{\"@context\":\"https:\/\/schema.org\",\"@graph\":[{\"@type\":\"WebPage\",\"@id\":\"https:\/\/www.jossois.com\/produto\/para-sol-modelo-hotel\/\",\"url\":\"https:\/\/www.jossois.com\/produto\/para-sol-modelo-hotel\/\",\"name\":\"Guarda-sol Hotel 1,80m - Jossois\",\"isPartOf\":{\"@id\":\"https:\/\/www.jossois.com\/#website\"},\"primaryImageOfPage\":{\"@id\":\"https:\/\/www.jossois.com\/produto\/para-sol-modelo-hotel\/#primaryimage\"},\"image\":{\"@id\":\"https:\/\/www.jossois.com\/produto\/para-sol-modelo-hotel\/#primaryimage\"},\"thumbnailUrl\":\"https:\/\/www.jossois.com\/wp-content\/uploads\/2022\/11\/hotel-1.png\",\"datePublished\":\"2022-11-25T13:17:54+00:00\",\"dateModified\":\"2023-09-15T09:51:24+00:00\",\"breadcrumb\":{\"@id\":\"https:\/\/www.jossois.com\/produto\/para-sol-modelo-hotel\/#breadcrumb\"},\"inLanguage\":\"fr-FR\",\"potentialAction\":[{\"@type\":\"ReadAction\",\"target\":[\"https:\/\/www.jossois.com\/produto\/para-sol-modelo-hotel\/\"]}]},{\"@type\":\"ImageObject\",\"inLanguage\":\"fr-FR\",\"@id\":\"https:\/\/www.jossois.com\/produto\/para-sol-modelo-hotel\/#primaryimage\",\"url\":\"https:\/\/www.jossois.com\/wp-content\/uploads\/2022\/11\/hotel-1.png\",\"contentUrl\":\"https:\/\/www.jossois.com\/wp-content\/uploads\/2022\/11\/hotel-1.png\",\"width\":900,\"height\":900,\"caption\":\"guarda-sol hotel\"},{\"@type\":\"BreadcrumbList\",\"@id\":\"https:\/\/www.jossois.com\/produto\/para-sol-modelo-hotel\/#breadcrumb\",\"itemListElement\":[{\"@type\":\"ListItem\",\"position\":1,\"name\":\"In\u00edcio\",\"item\":\"https:\/\/www.jossois.com\/fr\/\"},{\"@type\":\"ListItem\",\"position\":2,\"name\":\"Boutique\",\"item\":\"https:\/\/www.jossois.com\/fr\/boutique\/\"},{\"@type\":\"ListItem\",\"position\":3,\"name\":\"Guarda-sol Hotel 1,80m\"}]},{\"@type\":\"WebSite\",\"@id\":\"https:\/\/www.jossois.com\/#website\",\"url\":\"https:\/\/www.jossois.com\/\",\"name\":\"Jossois\",\"description\":\"Fabricante de Guarda-S\u00f3is e Guarda-Chuvas\",\"potentialAction\":[{\"@type\":\"SearchAction\",\"target\":{\"@type\":\"EntryPoint\",\"urlTemplate\":\"https:\/\/www.jossois.com\/?s={search_term_string}\"},\"query-input\":\"required name=search_term_string\"}],\"inLanguage\":\"fr-FR\"}]}<\/script>\n<!-- \/ Yoast SEO plugin. -->","yoast_head_json":{"title":"Guarda-sol Hotel 1,80m - Jossois","robots":{"index":"index","follow":"follow","max-snippet":"max-snippet:-1","max-image-preview":"max-image-preview:large","max-video-preview":"max-video-preview:-1"},"canonical":"https:\/\/www.jossois.com\/produto\/para-sol-modelo-hotel\/","og_locale":"fr_FR","og_type":"article","og_title":"Guarda-sol Hotel 1,80m - Jossois","og_description":"Guarda-sol elegante e minimalista","og_url":"https:\/\/www.jossois.com\/produto\/para-sol-modelo-hotel\/","og_site_name":"Jossois","article_modified_time":"2023-09-15T09:51:24+00:00","og_image":[{"width":900,"height":900,"url":"https:\/\/www.jossois.com\/wp-content\/uploads\/2022\/11\/hotel-1.png","type":"image\/png"}],"twitter_card":"summary_large_image","twitter_misc":{"Dur\u00e9e de lecture estim\u00e9e":"1 minute"},"schema":{"@context":"https:\/\/schema.org","@graph":[{"@type":"WebPage","@id":"https:\/\/www.jossois.com\/produto\/para-sol-modelo-hotel\/","url":"https:\/\/www.jossois.com\/produto\/para-sol-modelo-hotel\/","name":"Guarda-sol Hotel 1,80m - Jossois","isPartOf":{"@id":"https:\/\/www.jossois.com\/#website"},"primaryImageOfPage":{"@id":"https:\/\/www.jossois.com\/produto\/para-sol-modelo-hotel\/#primaryimage"},"image":{"@id":"https:\/\/www.jossois.com\/produto\/para-sol-modelo-hotel\/#primaryimage"},"thumbnailUrl":"https:\/\/www.jossois.com\/wp-content\/uploads\/2022\/11\/hotel-1.png","datePublished":"2022-11-25T13:17:54+00:00","dateModified":"2023-09-15T09:51:24+00:00","breadcrumb":{"@id":"https:\/\/www.jossois.com\/produto\/para-sol-modelo-hotel\/#breadcrumb"},"inLanguage":"fr-FR","potentialAction":[{"@type":"ReadAction","target":["https:\/\/www.jossois.com\/produto\/para-sol-modelo-hotel\/"]}]},{"@type":"ImageObject","inLanguage":"fr-FR","@id":"https:\/\/www.jossois.com\/produto\/para-sol-modelo-hotel\/#primaryimage","url":"https:\/\/www.jossois.com\/wp-content\/uploads\/2022\/11\/hotel-1.png","contentUrl":"https:\/\/www.jossois.com\/wp-content\/uploads\/2022\/11\/hotel-1.png","width":900,"height":900,"caption":"guarda-sol hotel"},{"@type":"BreadcrumbList","@id":"https:\/\/www.jossois.com\/produto\/para-sol-modelo-hotel\/#breadcrumb","itemListElement":[{"@type":"ListItem","position":1,"name":"In\u00edcio","item":"https:\/\/www.jossois.com\/fr\/"},{"@type":"ListItem","position":2,"name":"Boutique","item":"https:\/\/www.jossois.com\/fr\/boutique\/"},{"@type":"ListItem","position":3,"name":"Guarda-sol Hotel 1,80m"}]},{"@type":"WebSite","@id":"https:\/\/www.jossois.com\/#website","url":"https:\/\/www.jossois.com\/","name":"Jossois","description":"Fabricante de Guarda-S\u00f3is e Guarda-Chuvas","potentialAction":[{"@type":"SearchAction","target":{"@type":"EntryPoint","urlTemplate":"https:\/\/www.jossois.com\/?s={search_term_string}"},"query-input":"required name=search_term_string"}],"inLanguage":"fr-FR"}]}},"_links":{"self":[{"href":"https:\/\/www.jossois.com\/fr\/wp-json\/wp\/v2\/product\/919","targetHints":{"allow":["GET"]}}],"collection":[{"href":"https:\/\/www.jossois.com\/fr\/wp-json\/wp\/v2\/product"}],"about":[{"href":"https:\/\/www.jossois.com\/fr\/wp-json\/wp\/v2\/types\/product"}],"replies":[{"embeddable":true,"href":"https:\/\/www.jossois.com\/fr\/wp-json\/wp\/v2\/comments?post=919"}],"wp:featuredmedia":[{"embeddable":true,"href":"https:\/\/www.jossois.com\/fr\/wp-json\/wp\/v2\/media\/4622"}],"wp:attachment":[{"href":"https:\/\/www.jossois.com\/fr\/wp-json\/wp\/v2\/media?parent=919"}],"wp:term":[{"taxonomy":"product_cat","embeddable":true,"href":"https:\/\/www.jossois.com\/fr\/wp-json\/wp\/v2\/product_cat?post=919"},{"taxonomy":"product_tag","embeddable":true,"href":"https:\/\/www.jossois.com\/fr\/wp-json\/wp\/v2\/product_tag?post=919"}],"curies":[{"name":"wp","href":"https:\/\/api.w.org\/{rel}","templated":true}]}}